{"id":1006,"date":"2012-01-19T01:19:10","date_gmt":"2012-01-18T23:19:10","guid":{"rendered":"http:\/\/www.donoso.es\/?page_id=1006"},"modified":"2011-12-23T14:02:14","modified_gmt":"2011-12-23T12:02:14","slug":"el-milagro-economico-espanol","status":"publish","type":"page","link":"https:\/\/donoso.es\/?page_id=1006","title":{"rendered":"El milagro econ\u00f3mico espa\u00f1ol"},"content":{"rendered":"<p style=\"text-align: justify;\"><img loading=\"lazy\" decoding=\"async\" class=\"wp-image-1007\" title=\"milagro_economico_espa\u00f1ol\" src=\"http:\/\/donoso.es\/wp-content\/uploads\/2011\/12\/milagro_economico_espa\u00f1ol.jpg\" alt=\"\" width=\"1010\" height=\"2347\" \/><\/p>\n<div>\n<p style=\"text-align: justify;\">Aunque en estos momentos pueda parecer extra\u00f1o, hasta hace apenas unos pocos a\u00f1os eran habituales los art\u00edculos de prensa, <strong>informes oficiales y trabajos acad\u00e9micos acerca del <em>milagro<\/em> econ\u00f3mico espa\u00f1ol<\/strong>. Con este nombre se conoc\u00eda al proceso por el cual un pa\u00eds que parec\u00eda sumido en un atraso end\u00e9mico consegu\u00eda (casi) equipararse a sus vecinos europeos en t\u00e9rminos econ\u00f3micos.<\/p>\n<p style=\"text-align: justify;\">El camino hab\u00eda comenzado en la d\u00e9cada de los sesenta y continu\u00f3 con la democracia. Pr\u00e1cticamente no hubo ning\u00fan a\u00f1o (quiz\u00e1s con un m\u00ednimo par\u00e9ntesis en la crisis del 93) en el que<strong> la riqueza de los espa\u00f1oles no se acercase a la de franceses, alemanes o italianos<\/strong>. De esta manera, un objetivo que parec\u00eda impensable \u2013que la renta per c\u00e1pita de los hispanos fuese superior a la de los habitantes de estos pa\u00edses- comenz\u00f3 a rozarse con la yema de los dedos.<\/p>\n<p style=\"text-align: justify;\">De hecho, el propio Jos\u00e9 Luis Rodr\u00edguez Zapatero alarde\u00f3 a mediados de su primer mandato del incremento de la prosperidad en Espa\u00f1a. Aquella <strong>frase acerca sobre que el pa\u00eds estaba en \u00abChampions League de la econom\u00eda europea\u00bb<\/strong>, pronunciada en septiembre de 2011, es una de las m\u00e1s recordadas de sus primeros a\u00f1os. A\u00fan m\u00e1s atrevido fue un a\u00f1o despu\u00e9s, ya en plena crisis, cuando pronostic\u00f3 que en \u00ab3 \u00f3 4 a\u00f1os\u00bb Espa\u00f1a superar\u00eda a Francia en t\u00e9rminos de PIB per c\u00e1pita.<\/p>\n<p style=\"text-align: justify;\"><strong>\u00bfEl final del camino?<\/strong><\/p>\n<p style=\"text-align: justify;\">Pues bien, la casualidad ha hecho que justo esta semana, en la que se constituye el nuevo Parlamento que acabar\u00e1 con el mandato de Rodr\u00edguez Zapatero, se conozca uno de los datos m\u00e1s da\u00f1inos de sus ocho a\u00f1os en La Moncloa. Este martes, Eurostat (la oficina estad\u00edstica de la UE) ha certificado especialmente que<strong> Espa\u00f1a vuelve a no ser m\u00e1s rica que la media de la Uni\u00f3n Europea<\/strong>. Es decir, que no s\u00f3lo no est\u00e1 en la Champions League, sino que est\u00e1 a punto de descender a la segunda divisi\u00f3n europea.<\/p>\n<p style=\"text-align: justify;\">La ratio m\u00e1s utilizada para medir la prosperidad de un pa\u00eds y de<strong> sus habitantes es la que mide el Producto Interior Bruto per c\u00e1pita<\/strong>. Ser\u00eda algo as\u00ed como la riqueza que les toca a cada ciudadano de un Estado. Suponiendo a la UE-27 un PIB pc de 100, los espa\u00f1oles alcanzaban un nivel de 91 en 1995, que subi\u00f3 a 100 en 2002 y alcanz\u00f3 el 105 en 2006. Todo este proceso fue hist\u00f3rico. Desde la Segunda Guerra Mundial (al menos) nunca Espa\u00f1a fue m\u00e1s rica que la media europea. El hito alcanzado en 2002 era todo un ejemplo de la capacidad productiva del pa\u00eds.<\/p>\n<p style=\"text-align: justify;\">Pues bien, lo que se ha conocido este martes a trav\u00e9s de Eurostat es que Espa\u00f1a vuelve a estar en el nivel 100 (el de la media). Y si se cumplen todas las previsiones, caer\u00e1 por debajo en 2012, puesto que <strong>todos los expertos apuntan a que crecer\u00e1 menos que el resto de la UE<\/strong>. De nuevo, la econom\u00eda espa\u00f1ola vuelve a la segunda categor\u00eda. Y no es un retroceso puntual, lleva tres a\u00f1os perdiendo terreno respecto a sus vecinos.<\/p>\n<p style=\"text-align: justify;\">En el siguiente gr\u00e1fico, puede verse la comparaci\u00f3n con Francia, Italia, Alemania y la media de la UE-27. Una tendencia que parec\u00eda imparable \u2013la convergencia con los grandes y ricos estados de la Uni\u00f3n- ha cambiado de rumbo. Incluso, en t\u00e9rminos de riqueza neta (es decir, sin entrar en comparaciones), los <strong>datos apuntan a que los espa\u00f1oles no han ganado nada con el Gobierno <\/strong>de Rodr\u00edguez Zapatero. De esta manera, la renta per c\u00e1pita se ha situado en niveles de 2002. Es un retroceso sin parang\u00f3n en las \u00faltimas d\u00e9cadas. Ahora, el nuevo Ejecutivo de Mariano Rajoy tendr\u00e1 como reto hacer que aquel <em>milagro<\/em> no se quede s\u00f3lo en un bonito recuerdo.<\/p>\n<p style=\"text-align: justify;\" align=\"center\">\u00a0En comparaci\u00f3n con 2009, el pa\u00eds de la UE que m\u00e1s riqueza por habitante ha perdido <strong>es Grecia, que ha pasado de 94 puntos a 90 puntos en 2010, seguido de Italia y Espa\u00f1a<\/strong>, donde el PIB per capita ha ca\u00eddo tres puntos. Por encima de Espa\u00f1a, que ocupa el puesto 13 de 27 en riqueza por habitante, se han vuelto a situar Suecia (123 puntos), B\u00e9lgica (119 puntos), Alemania (118 puntos), Finlandia (115 puntos), Reino Unido (112 puntos), Francia (108 puntos) e Italia (101 puntos), pa\u00eds que super\u00f3 en 2009 a Espa\u00f1a en PIB per capita. Los pa\u00edses m\u00e1s pobres de la UE son Bulgaria (44% de la riqueza por habitante media de la UE), Ruman\u00eda (46%), Letonia (51%), Lituania (57%), Polonia (63%), Estonia (64%), Hungr\u00eda (65%) y Eslovaquia (74%). Les siguen Rep\u00fablica Checa y Portugal (80% del PIB per c\u00e1pita medio comunitario), Malta (83%), Eslovenia (85%), Grecia (90%) y Chipre (99%).<\/p>\n<p style=\"text-align: justify;\"><strong>Empleo, m\u00e1s de lo mismo<\/strong><\/p>\n<p style=\"text-align: justify;\">Otra casualidad ha hecho que <strong>tambi\u00e9n este martes se haya conocido el informe de octubre sobre paro de la OCDE<\/strong>. Aunque no tiene la relevancia informativa del trabajo de Eurostat (que se publica s\u00f3lo una vez al a\u00f1o), confirma completamente lo que \u00e9ste desvela. De esta manera, la tasa de desempleo subi\u00f3 una d\u00e9cima en el \u00faltimo mes en el conjunto de la OCDE para situarse en el 8,3% de la poblaci\u00f3n activa, mientras que en Espala creci\u00f3 en tres d\u00e9cimas, hasta el 22,8%, lo que acrecent\u00f3 todav\u00eda m\u00e1s su distancia como el pa\u00eds con m\u00e1s desempleo.<\/p>\n<p style=\"text-align: justify;\">En la Eurozona, el<strong> nivel de desempleo aument\u00f3 una d\u00e9cima y lleg\u00f3 al 10,3% en octubre<\/strong>, el nivel m\u00e1s alto registrado desde el inicio de la crisis global en 2008. Dentro de la zona del euro, el comportamiento fue desigual, con alzas como la ya citada en Espa\u00f1a o tambi\u00e9n de tres d\u00e9cimas en Holanda (al 4,8%), de dos d\u00e9cimas en Italia (al 8,5%) y en Austria (al 4,1%), pero tambi\u00e9n con una significativa reducci\u00f3n de dos d\u00e9cimas en Alemania (al 5,5%) y de una d\u00e9cima en B\u00e9lgica (al 6,6%). En Francia se mantuvo sin cambios en el 9,8%.<\/p>\n<p style=\"text-align: justify;\">A falta de la actualizaci\u00f3n de los datos de Grecia, <strong>Espa\u00f1a fue el pa\u00eds de la OCDE en el que m\u00e1s se agrav\u00f3 la situaci\u00f3n del empleo<\/strong> entre octubre de 2010 y el mismo mes de 2011, con una tasa de paro que experiment\u00f3 un alza de 2,3 puntos. La evoluci\u00f3n hab\u00eda sido mucho peor en Grecia hasta agosto (la cifra disponible m\u00e1s reciente), con un incremento de 5,4 puntos en un a\u00f1o hasta el 18,3 %.<\/p>\n<p style=\"text-align: justify;\">De nuevo, viendo la evoluci\u00f3n en el medio plazo, puede observarse como aunque Espa\u00f1a siempre estuvo en la cola de la UE en cuanto a paro, al menos durante unos a\u00f1os pareci\u00f3 que esta enfermedad pod\u00eda dejar de ser incurable. De hecho, el proceso de creaci\u00f3n de empleo que se inici\u00f3 en 1995 y dur\u00f3 m\u00e1s de una d\u00e9cada provoc\u00f3 que <strong>incluso llegase a superar por momentos a Alemania<\/strong>. Han pasado menos de cinco a\u00f1os de aquello, pero viendo el siguiente gr\u00e1fico, parecer\u00eda un siglo.<\/p>\n<p style=\"text-align: justify;\">\u00a0<\/p>\n<\/div>\n","protected":false},"excerpt":{"rendered":"<p>Aunque en estos momentos pueda parecer extra\u00f1o, hasta hace apenas unos pocos a\u00f1os eran habituales los art\u00edculos de prensa, informes oficiales y trabajos acad\u00e9micos acerca del milagro econ\u00f3mico espa\u00f1ol. Con este nombre se conoc\u00eda al proceso por el cual un pa\u00eds que parec\u00eda sumido en un atraso end\u00e9mico consegu\u00eda (casi) equipararse a sus vecinos europeos [&hellip;]<\/p>\n","protected":false},"author":1,"featured_media":0,"parent":958,"menu_order":0,"comment_status":"open","ping_status":"open","template":"","meta":{"footnotes":""},"class_list":["post-1006","page","type-page","status-publish","hentry"],"_links":{"self":[{"href":"https:\/\/donoso.es\/index.php?rest_route=\/wp\/v2\/pages\/1006","targetHints":{"allow":["GET"]}}],"collection":[{"href":"https:\/\/donoso.es\/index.php?rest_route=\/wp\/v2\/pages"}],"about":[{"href":"https:\/\/donoso.es\/index.php?rest_route=\/wp\/v2\/types\/page"}],"author":[{"embeddable":true,"href":"https:\/\/donoso.es\/index.php?rest_route=\/wp\/v2\/users\/1"}],"replies":[{"embeddable":true,"href":"https:\/\/donoso.es\/index.php?rest_route=%2Fwp%2Fv2%2Fcomments&post=1006"}],"version-history":[{"count":5,"href":"https:\/\/donoso.es\/index.php?rest_route=\/wp\/v2\/pages\/1006\/revisions"}],"predecessor-version":[{"id":1010,"href":"https:\/\/donoso.es\/index.php?rest_route=\/wp\/v2\/pages\/1006\/revisions\/1010"}],"up":[{"embeddable":true,"href":"https:\/\/donoso.es\/index.php?rest_route=\/wp\/v2\/pages\/958"}],"wp:attachment":[{"href":"https:\/\/donoso.es\/index.php?rest_route=%2Fwp%2Fv2%2Fmedia&parent=1006"}],"curies":[{"name":"wp","href":"https:\/\/api.w.org\/{rel}","templated":true}]}}