{"id":1023,"date":"2012-01-22T19:50:17","date_gmt":"2012-01-22T17:50:17","guid":{"rendered":"http:\/\/www.donoso.es\/?page_id=1023"},"modified":"2012-01-22T19:53:23","modified_gmt":"2012-01-22T17:53:23","slug":"explicacion-de-la-demanda-global-de-keynes","status":"publish","type":"page","link":"https:\/\/donoso.es\/?page_id=1023","title":{"rendered":"Explicaci\u00f3n de la Demanda Global de Keynes"},"content":{"rendered":"<p style=\"text-align: justify;\">El catedr\u00e1tico Pav\u00f3n explica el modelo Keynesiano y su funci\u00f3n de demanda global. En el momento actual de crisis podemos comprender porque la aplicaci\u00f3n de pol\u00edticas neoliberales llevar\u00e1n a Espa\u00f1a durante los pr\u00f3ximos a\u00f1os a incrementar los parados en al menos medio mill\u00f3n m\u00e1s y una crisis con recesi\u00f3n durante los dos a\u00f1os pr\u00f3ximos.<\/p>\n<p style=\"text-align: center;\"><iframe loading=\"lazy\" width=\"560\" height=\"315\" src=\"http:\/\/www.youtube.com\/embed\/1guj3k67C94\" frameborder=\"0\" allowfullscreen><\/iframe><\/p>\n","protected":false},"excerpt":{"rendered":"<p>El catedr\u00e1tico Pav\u00f3n explica el modelo Keynesiano y su funci\u00f3n de demanda global. En el momento actual de crisis podemos comprender porque la aplicaci\u00f3n de pol\u00edticas neoliberales llevar\u00e1n a Espa\u00f1a durante los pr\u00f3ximos a\u00f1os a incrementar los parados en al menos medio mill\u00f3n m\u00e1s y una crisis con recesi\u00f3n durante los dos a\u00f1os pr\u00f3ximos.<\/p>\n","protected":false},"author":1,"featured_media":0,"parent":958,"menu_order":0,"comment_status":"open","ping_status":"open","template":"","meta":{"footnotes":""},"class_list":["post-1023","page","type-page","status-publish","hentry"],"_links":{"self":[{"href":"https:\/\/donoso.es\/index.php?rest_route=\/wp\/v2\/pages\/1023","targetHints":{"allow":["GET"]}}],"collection":[{"href":"https:\/\/donoso.es\/index.php?rest_route=\/wp\/v2\/pages"}],"about":[{"href":"https:\/\/donoso.es\/index.php?rest_route=\/wp\/v2\/types\/page"}],"author":[{"embeddable":true,"href":"https:\/\/donoso.es\/index.php?rest_route=\/wp\/v2\/users\/1"}],"replies":[{"embeddable":true,"href":"https:\/\/donoso.es\/index.php?rest_route=%2Fwp%2Fv2%2Fcomments&post=1023"}],"version-history":[{"count":3,"href":"https:\/\/donoso.es\/index.php?rest_route=\/wp\/v2\/pages\/1023\/revisions"}],"predecessor-version":[{"id":1025,"href":"https:\/\/donoso.es\/index.php?rest_route=\/wp\/v2\/pages\/1023\/revisions\/1025"}],"up":[{"embeddable":true,"href":"https:\/\/donoso.es\/index.php?rest_route=\/wp\/v2\/pages\/958"}],"wp:attachment":[{"href":"https:\/\/donoso.es\/index.php?rest_route=%2Fwp%2Fv2%2Fmedia&parent=1023"}],"curies":[{"name":"wp","href":"https:\/\/api.w.org\/{rel}","templated":true}]}}