{"id":1162,"date":"2012-03-08T23:55:02","date_gmt":"2012-03-08T21:55:02","guid":{"rendered":"http:\/\/www.donoso.es\/?page_id=1162"},"modified":"2012-10-29T14:53:30","modified_gmt":"2012-10-29T12:53:30","slug":"necesidad-de-excedentes-en-las-entidades-sin-fines-lucrativos","status":"publish","type":"page","link":"https:\/\/donoso.es\/?page_id=1162","title":{"rendered":"Necesidad de Excedentes en las Entidades sin fines lucrativos"},"content":{"rendered":"<div id=\"nota\" class=\"content-nota\" style=\"text-align: -webkit-auto; border-style: initial; border-color: initial; outline-width: 0px; outline-style: initial; outline-color: initial; vertical-align: baseline; background-image: initial; background-attachment: initial; background-origin: initial; background-clip: initial; background-color: transparent; border-width: 0px; padding: 0px; margin: 0px;\">\n<p style=\"text-align: justify;\">Una entidad sin fines de lucro es una organizaci\u00f3n econ\u00f3mica con personalidad jur\u00eddica propia que carece de capital-propiedad y realiza actividades para alcanzar objetivos de inter\u00e9s general en beneficio de la comunidad, con renuncia expresa al lucro como finalidad.<\/p>\n<p style=\"text-align: justify;\">La carencia de capital-propiedad no significa que no exista el capital, sino que \u00e9ste no es propiedad de nadie y por tanto no existen participaciones sobre el mismo:<\/p>\n<p style=\"text-align: justify;\">\u00a0&#8211;\u00a0\u00a0\u00a0\u00a0\u00a0\u00a0\u00a0\u00a0\u00a0\u00a0\u00a0\u00a0 Su capital no es propiedad de personas interesadas en su rentabilidad econ\u00f3mica. La protecci\u00f3n de la inversi\u00f3n no es un objetivo que deba estar presente en estas entidades.<\/p>\n<p style=\"text-align: justify;\">&#8211;\u00a0\u00a0\u00a0\u00a0\u00a0\u00a0\u00a0\u00a0\u00a0\u00a0\u00a0\u00a0\u00a0 Su capital dej\u00f3 de pertenecer al patrimonio del fundador y posteriores donantes para personificarse en otro aut\u00f3nomo, afecto a la realizaci\u00f3n de un fin.<\/p>\n<p style=\"text-align: justify;\">Al no ser \u00a0el beneficio un objetivo perseguido la formulaci\u00f3n de la cuenta de p\u00e9rdidas y ganancias no tiene sentido reportando poca utilidad o ninguna para medir la actuaci\u00f3n de la organizaci\u00f3n respectiva. Precisamente en las entidades sin fines lucrativos se sustituye el t\u00e9rmino beneficio por el de excedente, representando la diferencia temporal en un momento concreto de los ingresos y gastos de un per\u00edodo.<\/p>\n<p style=\"text-align: justify;\">El excedente mide si estas organizaciones han vivido dentro de sus posibilidades. Y esto es as\u00ed porque tanto las lucrativas como las no lucrativas tienen que equilibrar sus entradas y salidas si quieren sobrevivir. As\u00ed se entiende que el equilibrio en las empresas se consigue cuando los ingresos cubren los costes incluidos los de capital, mientras en las entidades sin fines de lucro el equilibrio se consigue cumpliendo unos presupuestos equilibrados y obteniendo el excedente suficiente para:<\/p>\n<p style=\"text-align: justify;\">&#8211;\u00a0\u00a0\u00a0\u00a0\u00a0\u00a0\u00a0\u00a0\u00a0 Mantener el valor de los activos con un excedente igual o superior a la inflaci\u00f3n existente.<\/p>\n<p style=\"text-align: justify;\">&#8211;\u00a0\u00a0\u00a0\u00a0\u00a0\u00a0\u00a0\u00a0\u00a0 Generar el excedente suficiente para revalorizar los fondos obtenidos de financiaci\u00f3n p\u00fablica y privada pendiente de ejecuci\u00f3n con un importe similar al tipo de inter\u00e9s de mercado con el menor riesgo posible.<\/p>\n<p style=\"text-align: justify;\">&#8211;\u00a0\u00a0\u00a0\u00a0\u00a0\u00a0\u00a0\u00a0\u00a0 Mantener e incrementar el inmovilizado necesario para sus actividades.<\/p>\n<p style=\"text-align: justify;\">&#8211;\u00a0\u00a0\u00a0\u00a0\u00a0\u00a0\u00a0\u00a0\u00a0 Cubrir las exigencias de financiaci\u00f3n derivadas de las diferencias temporales entre los cobros y los pagos (m\u00e1xime cuando hay interrelaci\u00f3n con Administraciones P\u00fablicas con un de calaje entre la ejecuci\u00f3n de los gastos y el cobro de los ingresos).<\/p>\n<p style=\"text-align: justify;\">&#8211;\u00a0\u00a0\u00a0\u00a0\u00a0\u00a0\u00a0\u00a0\u00a0 Recomponer, en su caso, los excedentes negativos obtenidos en ejercicios anteriores fruto de una mayor ejecuci\u00f3n en las actividades no lucrativas sin financiaci\u00f3n suficiente.<\/p>\n<p style=\"text-align: justify;\">Este planteamiento podr\u00eda conducir a un debate \u00e9tico, en el cual cabe preguntarse si es correcto, leg\u00edtimo, que una entidad sin fin de lucro genere ganancias. Podemos afirmar que, en general, est\u00e1 mal visto. Pero que esta percepci\u00f3n es equivocada: el debate no deber\u00eda s\u00ed generar o no excedentes, sino qu\u00e9 hacer con las ellos. Si el destino de los recursos excedentarios fuera el bolsillo de algunos miembros de la entidad no cabe duda que ese no es el prop\u00f3sito de la organizaci\u00f3n, ni de todo un trabajo en conjunto. Pero si lo recaudado se utiliza para agregar valor, brindar un mejor servicio a los beneficiarios y contribuir a que la sociedad crezca, generar ingresos adicionales es correcto y leg\u00edtimo. Al igual que una empresa, ese margen de rentabilidad permitir\u00e1 ofrecer a la sociedad sus servicios; solventar\u00e1 la creaci\u00f3n de nuevas actividades, la organizaci\u00f3n de nuevos programas y proyectos, y la optimizaci\u00f3n de recursos para que la propia instituci\u00f3n siga funcionando en beneficio de todos (una mejor sede, herramientas inform\u00e1ticas m\u00e1s modernas, etc.). De otro modo, \u00bfcu\u00e1l ser\u00eda el origen de los recursos econ\u00f3micos para solventar estas opciones?<\/p>\n<p style=\"text-align: justify;\">Por otro lado, las ESFL tienen cada vez m\u00e1s competencia (con otras asociaciones, redes sociales, empresas de capacitaci\u00f3n)?\u00a0Adem\u00e1s si genera sus propios recursos podr\u00eda tener otros beneficios, como lograr mayor independencia de sus financiadores.<\/p>\n<\/div>\n","protected":false},"excerpt":{"rendered":"<p>Una entidad sin fines de lucro es una organizaci\u00f3n econ\u00f3mica con personalidad jur\u00eddica propia que carece de capital-propiedad y realiza actividades para alcanzar objetivos de inter\u00e9s general en beneficio de la comunidad, con renuncia expresa al lucro como finalidad. La carencia de capital-propiedad no significa que no exista el capital, sino que \u00e9ste no es [&hellip;]<\/p>\n","protected":false},"author":1,"featured_media":0,"parent":338,"menu_order":0,"comment_status":"open","ping_status":"closed","template":"","meta":{"footnotes":""},"class_list":["post-1162","page","type-page","status-publish","hentry"],"_links":{"self":[{"href":"https:\/\/donoso.es\/index.php?rest_route=\/wp\/v2\/pages\/1162","targetHints":{"allow":["GET"]}}],"collection":[{"href":"https:\/\/donoso.es\/index.php?rest_route=\/wp\/v2\/pages"}],"about":[{"href":"https:\/\/donoso.es\/index.php?rest_route=\/wp\/v2\/types\/page"}],"author":[{"embeddable":true,"href":"https:\/\/donoso.es\/index.php?rest_route=\/wp\/v2\/users\/1"}],"replies":[{"embeddable":true,"href":"https:\/\/donoso.es\/index.php?rest_route=%2Fwp%2Fv2%2Fcomments&post=1162"}],"version-history":[{"count":3,"href":"https:\/\/donoso.es\/index.php?rest_route=\/wp\/v2\/pages\/1162\/revisions"}],"predecessor-version":[{"id":1250,"href":"https:\/\/donoso.es\/index.php?rest_route=\/wp\/v2\/pages\/1162\/revisions\/1250"}],"up":[{"embeddable":true,"href":"https:\/\/donoso.es\/index.php?rest_route=\/wp\/v2\/pages\/338"}],"wp:attachment":[{"href":"https:\/\/donoso.es\/index.php?rest_route=%2Fwp%2Fv2%2Fmedia&parent=1162"}],"curies":[{"name":"wp","href":"https:\/\/api.w.org\/{rel}","templated":true}]}}