{"id":1196,"date":"2012-04-11T20:11:53","date_gmt":"2012-04-11T18:11:53","guid":{"rendered":"http:\/\/www.donoso.es\/?page_id=1196"},"modified":"2012-04-11T20:26:27","modified_gmt":"2012-04-11T18:26:27","slug":"el-manchego","status":"publish","type":"page","link":"https:\/\/donoso.es\/?page_id=1196","title":{"rendered":"El manchego"},"content":{"rendered":"<p>&nbsp;<\/p>\n<p>Acho.- Criaturo. Se les dice a boca llena cuando dan guerra: &#8216;Aaachooo, C\u00e1aaallllaaaatttteee yaaaaa&#8217;<\/p>\n<p>Agua\u00edlla..- Mojaura leve o inmersi\u00f3n rauda. Vamos, lo que te hacen en las albercas o piscinejas.<\/p>\n<p>Anca.- No de la rana, sino de la Antonia, la Primi o la Angustias. Ir a casa de&#8230;<\/p>\n<p>Arrancaera..- Cuando la cuadrilla de mozo el \u00faltimo trago a la bota antes de marcharse.<\/p>\n<p>Arrea.- Expresi\u00f3n de asombro, incredulidad, miedo, de exagerao que no se lo cree ni \u00e9l.<\/p>\n<p>Arreglo de boda.- Pedida de mano, cuando el novio le dice al padre de la novia que quiere las vi\u00f1as de reguer\u00edo<\/p>\n<p>Asentarse.- Sentase en alg\u00fan lao.<\/p>\n<p>Ato.- Variedad de alimentos que componen la merienda del vendimiaor. Cuando se iban de semana, el ato estaba compuesto por queso, pan duro, longaniza (del &#8216;Cazador&#8217; y color\u00e1), unos choricetes, harina de\u00a0pitos pa las gachas, unos pimientos, tocino, jeta y unas sardinejas.<\/p>\n<p>Bac\u00edn.- Imb\u00e9cil. Reportero del coraz\u00f3n en Valdepe\u00f1as, paparazzi en otros pueblos; en Membrilla\u00a0va ligado a un nombre propio.Orinal.<\/p>\n<p>Burraco.- De la misma cala\u00f1a que el bac\u00edn.<\/p>\n<p>Cag\u00fcen el cop\u00f3n (bendito).-\u00a0Mecachis, mierda, joer&#8230; El bendito es pa darle religiosid\u00e1 a la expresi\u00f3n.<\/p>\n<p>Cansiner\u00eda.- Propio de los cansinos, como los hermanos viejos, que se ponen tercos y est\u00e1n de contino hablando de las mulas de cuando eran nuevos.<\/p>\n<p>Cascar el follo.- Estirar las u\u00f1as. Aparecer en la tablilla como titular.<\/p>\n<p>Cenutrio.- Gilipoll\u00f3n<\/p>\n<p>Ceporro.- Uno que no sirve na m\u00e1s que pa ga\u00f1\u00e1n.<\/p>\n<p>Chacho.- V\u00e9ase &#8216;acho&#8217;.<\/p>\n<p>Chambergo.- Pelliza, pieza de abrigo pa que no se nos hiele el moco.<\/p>\n<p>Chuflito.- Aspersor del reguer\u00edo.<\/p>\n<p>Cipote.- Aparte del cimbel, individuo escaso de ingenio y luces.<\/p>\n<p>Cipot\u00f3n.- M\u00e1s cipote<\/p>\n<p>Corte.- Lugar donde se queda la labor pa seguir a otro d\u00eda. de lo normal, tonto como \u00e9l s\u00f3lo. Dicho a boca llena.<\/p>\n<p>Cotufas.- Palomitas de ma\u00edz de cuando se hac\u00edan en una sart\u00e9n en la estufa y hab\u00eda que tener la boca prepar\u00e1 pa cuando saltaban.<\/p>\n<p>Cuartos.- Los dineros, lo que valen las cosas, la enflaci\u00f3n esa<\/p>\n<p>Cucha.- Escucha, oye.<\/p>\n<p>Cundir.- Sin\u00f3nimo de productividad, t\u00e9rmino capitalista o pichulero.<\/p>\n<p>Dar la cabez\u00e1.- Cumplir en un funeral<\/p>\n<p>Degolver.- Echar el potaje del primer d\u00eda porque algo te hace mal o el alcohol se te vuelve vinagre.\u00a0Desacarreo.-\u00a0extres. Tener munchismas cosas que hacer. \u00abTengo un desacarreo mu grande\u00bb<\/p>\n<p>Destajo.- M\u00e9todo de recolecci\u00f3n de la vid en el que al acabar la jornada los mozos han de ser llevados al hospital por deshidrataci\u00f3n y cortes en ambas manos<\/p>\n<p>Ea.- Pos eso mismo, ea!<\/p>\n<p>Ej que.- Muletilla pa explicarse mejor (No escuchasteis nunca a Jos\u00e9 Bono???).<\/p>\n<p>Emporcase.- Encenagase uno un poquito. Motivo pa que se enfade la parienta.<\/p>\n<p>Encanase.- Quedase encanao, fijo con la mirada perd\u00eda o encanase de risa.<\/p>\n<p>Enciscao.- Que tiene un grado de nerviosismo mu patente.<\/p>\n<p>Engaravitarse.- Subise a un sitio con dificultades ostensibles de escalada. Por ejemplo, engarabitase en el colmo de un remolque de trece mil kilos, que ya lleva veinte, pa pisalas. Subirse o encaramarse a algun sitio con dificultad ostensible de escalada.<\/p>\n<p>Enjaretar.- Preparar una labor u obra.<\/p>\n<p>Esparasjismeiro: cotilla, maruja.<\/p>\n<p>Espuerta.- Recipiente pa dejar las ug\u00fcas mientras el amo\u00a0est\u00e1 en la coperativa y que la cuadrilla no est\u00e9 par\u00e1<\/p>\n<p>Ga\u00f1\u00e1n.- Especie aut\u00f3ctona de Membrilla, La Solana y Valdepe\u00f1as. Individuo compuesto por una blusa a rayas, faja, go\u00edna, pa\u00f1uelico de hierbas, pantal\u00f3n de pana, albarcas, Celtas Cortos y, posiblemente (porque no se ve), calzoncillos de pata larga. Generalmente tiene una becicleta con porta, pa llevar cepas arranc\u00e1s y la az\u00e1. Depura sus amistades con tertulias en la Sociedad los domingos por la ma\u00f1ana y antes de irse se toma un chato vino en el Casino (bar de la plaza). Es persona noble y con buen fondo pero de aspecto y maneras toscas .<\/p>\n<p>Go\u00edna.- Gorro de color negro que se ponen los hermanos viejos, con un pitorrejo en el medio. Cuando los pusandas en la Plaza, el deporte favorito de los mocetes era robarles la go\u00edna al tir\u00f3n y degolv\u00e9sela cap\u00e1<\/p>\n<p>Hacerse una gaseosa.- Aliviarse uno sexualmente cuando la moza est\u00e1 largo o cuando no hay moza, que tami\u00e9n puede ocurrir.<\/p>\n<p>maitines: reuniones que se realizan en la noche del\u00a024 de Diciembre\u00a0tras la cena de Navidad. cada grupo de amigos se reune en una casa y sigue bebiendo y comiendo y cantando villancicos hasta cierta hora en que algunos van de casa en casa visitando a otros amigos o familiares para ser invitados. (Se usa en Membrilla y Valdepe\u00f1as; en la provincia de Ciudad Real).<\/p>\n<p>Majuelo.- Lugar ande est\u00e1n las vides.<\/p>\n<p>Mandanga.- Bofet\u00e1 limpia.<\/p>\n<p>Mandaos.- Los recaos que la parienta te manda hacer.<\/p>\n<p>Manigero.- Capataz de la cuadrilla de vendimiaores.<\/p>\n<p>Martingala: juerga, marcha, cachondeo.<\/p>\n<p>Meterse a Pancho.- Meterse de pies en un charco.<\/p>\n<p>Mo\u00f1a.- Se\u00f1al ecol\u00f3gica que se hace en la vi\u00f1a cuando se vendimia pa no pasate de lineo.<\/p>\n<p>Muerdo.- La se\u00f1al con la que se marca en el cuello a la moza o el zagal pa se\u00f1alar que son de tu encomienda.<\/p>\n<p>P\u00e1mpana.- Hoja de la vid. Papel higi\u00e9nico muy apreciado en tiempo de vendimia<\/p>\n<p>Pedrea.- Jugar a escalabrase.<\/p>\n<p>Polideportivo.- Un poli que hace deporte, es decir, ninguno de los nuestros.<\/p>\n<p>Pretend\u00eda.- Moza a la que uno cansinea. Pa entablar conversaci\u00f3n hay quien empieza con dichos como: &#8216;Est\u00e1s m\u00e1s g\u00fcena que los tarugos de Pincha &#8216;Por ti daba yo la g\u00fcelta al mundo enganchao al rabo de un gorrino chato.&#8217; &#8216;Te vi a echar un polvo que te va a salir un chaparro en las costillas de la humed\u00e1.&#8217; &#8216;Te vi a echar un polvo que te van a zurrir m\u00e1s las tripas que un saco botes por una escalera abajo.&#8217; &#8216;Est\u00e1s tan g\u00fcena que te com\u00eda y me cos\u00eda el culo pa no cagate.&#8217; &#8216;Tiba poner una oreja en cada ingle y la boca ande cayera&#8217;.<\/p>\n<p>Reg\u00fceldo..- Pedo por la boca<\/p>\n<p>Repretar.- Apretar fuertemente una cosa.<\/p>\n<p>Rulaja.- Lonchas de embutido de 3 a 4 cent\u00edmetros de recio.<\/p>\n<p>Sagato: lumbre, candela, hoguera, fuego.<\/p>\n<p>Talega.- Bolsa de tela pa llevar el ato atao al manillar de la bicicleteja o la mobilete cuando se va uno pal d\u00eda<\/p>\n<p>Tepacequ\u00e9.- Expresi\u00f3n de asombro.<\/p>\n<p>Tepatique.- Igualico que el tepaustique<\/p>\n<p>Toca teja.- Mojase to el mundo. Tos por igual.<\/p>\n<p>totana\/o: dicese de la persona que de forma real o fingida, parece estar trastornado o no muy avispado. Dicese de la persona que sufre ciertos lapsus. (Se usa en el campo de Calatrava). \/ Dicese de la persona mala que enga\u00f1a para lograr un fin mostrando buenos motivos falsos. (Se usa en el campo de San Juan).<\/p>\n<p>To tieso.- Que est\u00e1 puall\u00ed alante, sin doblase<\/p>\n<p>Trascacho.- Lugar cara al sol. Ande no arrecie el airecejo.<\/p>\n<p>Tronchamozas.- Mocete apa\u00f1ao que s&#8217;aprieta a toa la que pilla.<\/p>\n<p>Tronchopit\u00f3n.- Es lo mismo que a destajo pero la palabreja da m\u00e1s miedo, provoca nauseas entre los oyentes<\/p>\n<p>Tunante: persona p\u00edcara, desenvuelta.<\/p>\n<p>Ug\u00fcas.- Fruto de la cepa. Los se\u00f1oritos y manzagatos\u00a0tami\u00e9n les dicen uvas<\/p>\n<p>Vitanguero..- Amante de salir, que aunque se hunda la casa no le pilla los callos.<\/p>\n<p>Viva la Virgen del Espino!!!.- Expresi\u00f3n mu t\u00edpica en los Desposorios. Se oye sobret\u00f3 en\u00a0los paseos del\u00a0Espino.<\/p>\n<p>Zamuzo.- Que est\u00e1 adobao y apollardao.<\/p>\n<p>Zanguango:Pinta, juerguista,&#8230;<\/p>\n<p>Zorrera.- Humaera que se l\u00eda en el bombo o en la cocinilla cuando no tira la lumbre..<\/p>\n<p>Zurruscarse.- D\u00edcese del acto humano en que el sujeto se va por la patilla sin tiempo de quitarse los pantalones.<\/p>\n<p>&#8212;&#8212;&#8212;&#8212;&#8212;&#8212;&#8212;&#8212;&#8212;&#8212;&#8212;&#8212;&#8212;&#8212;&#8212;&#8212;&#8212;&#8212;&#8212;&#8212;&#8212;&#8212;&#8212;&#8212;&#8212;&#8212;&#8212;&#8212;&#8212;&#8212;&#8212;&#8212;&#8212;&#8212;&#8212;&#8212;&#8212;&#8212;&#8212;&#8212;&#8212;&#8212;&#8212;&#8212;&#8212;&#8212;&#8212;&#8212;&#8212;&#8212;&#8212;&#8212;&#8212;&#8212;&#8212;&#8212;&#8211;<\/p>\n<p>OTROS DICHOS Y EXPRESIONES.<\/p>\n<p>Ya se ha cagao el perro en la senda: meter la pata hasta el garr\u00f3n.<\/p>\n<p>La mejor mula , sin manta: Se dice cuando te das cuenta de que has dejado a alguien algo sin hacerle (servir la comida a todos menos a la cabeza de familia, por ejemplo)<\/p>\n<p>A coj\u00f3n visto, macho seguro:Est\u00e1 m\u00e1s claro que el agua.<\/p>\n<p>En mala era has puesto el carro!!!:No sabes con qui\u00e9n te metes, te estas equivocando&#8230;<\/p>\n<p>Estar al sopesquete: prestar atenci\u00f3n.<\/p>\n<p>Saber por d\u00f3nde va la vaina: entender algo, formar una idea clara a partir de una explicaci\u00f3n<\/p>\n<p>Ah\u00ed te has meao fuera, sabes??:\u00a0que sepas que has metido la pata, que te has pasado de la raya<\/p>\n<p>Ya apareci\u00f3 el peine&#8230;: encontrar una soluci\u00f3n, resolver un problema<\/p>\n<p>&nbsp;<\/p>\n<p>&nbsp;<\/p>\n","protected":false},"excerpt":{"rendered":"<p>&nbsp; Acho.- Criaturo. Se les dice a boca llena cuando dan guerra: &#8216;Aaachooo, C\u00e1aaallllaaaatttteee yaaaaa&#8217; Agua\u00edlla..- Mojaura leve o inmersi\u00f3n rauda. Vamos, lo que te hacen en las albercas o piscinejas. Anca.- No de la rana, sino de la Antonia, la Primi o la Angustias. Ir a casa de&#8230; Arrancaera..- Cuando la cuadrilla de mozo [&hellip;]<\/p>\n","protected":false},"author":1,"featured_media":0,"parent":0,"menu_order":11,"comment_status":"open","ping_status":"open","template":"","meta":{"footnotes":""},"class_list":["post-1196","page","type-page","status-publish","hentry"],"_links":{"self":[{"href":"https:\/\/donoso.es\/index.php?rest_route=\/wp\/v2\/pages\/1196","targetHints":{"allow":["GET"]}}],"collection":[{"href":"https:\/\/donoso.es\/index.php?rest_route=\/wp\/v2\/pages"}],"about":[{"href":"https:\/\/donoso.es\/index.php?rest_route=\/wp\/v2\/types\/page"}],"author":[{"embeddable":true,"href":"https:\/\/donoso.es\/index.php?rest_route=\/wp\/v2\/users\/1"}],"replies":[{"embeddable":true,"href":"https:\/\/donoso.es\/index.php?rest_route=%2Fwp%2Fv2%2Fcomments&post=1196"}],"version-history":[{"count":2,"href":"https:\/\/donoso.es\/index.php?rest_route=\/wp\/v2\/pages\/1196\/revisions"}],"predecessor-version":[{"id":1198,"href":"https:\/\/donoso.es\/index.php?rest_route=\/wp\/v2\/pages\/1196\/revisions\/1198"}],"wp:attachment":[{"href":"https:\/\/donoso.es\/index.php?rest_route=%2Fwp%2Fv2%2Fmedia&parent=1196"}],"curies":[{"name":"wp","href":"https:\/\/api.w.org\/{rel}","templated":true}]}}