{"id":1278,"date":"2012-12-03T11:11:23","date_gmt":"2012-12-03T09:11:23","guid":{"rendered":"http:\/\/www.donoso.es\/?page_id=1278"},"modified":"2013-04-09T19:04:30","modified_gmt":"2013-04-09T17:04:30","slug":"indicadores-para-entidades-sin-fines-lucrativos","status":"publish","type":"page","link":"https:\/\/donoso.es\/?page_id=1278","title":{"rendered":"Indicadores para Entidades Sin Fines Lucrativos"},"content":{"rendered":"<p><a href=\"https:\/\/dl.dropbox.com\/u\/62102458\/sf3_indicadores_ESFL.pdf\" target=\"_new\"><img loading=\"lazy\" decoding=\"async\" class=\"alignleft size-full wp-image-1273\" title=\"aeca-esfl3\" src=\"http:\/\/donoso.es\/wp-content\/uploads\/2012\/12\/aeca-esfl3.png\" alt=\"\" width=\"201\" height=\"276\" srcset=\"https:\/\/donoso.es\/wp-content\/uploads\/2012\/12\/aeca-esfl3.png 201w, https:\/\/donoso.es\/wp-content\/uploads\/2012\/12\/aeca-esfl3-109x150.png 109w\" sizes=\"auto, (max-width: 201px) 100vw, 201px\" \/><\/a>El importante avance que en las \u00faltimas d\u00e9cadas ha venido adquiriendo el sector de las denominadas Entidades Sin Fines Lucrativos (ESFL), caracterizada por la realizci\u00f3n de actividades dirigidas ala consecuci\u00f3n de objetivos de inter\u00e9s general en beneicion de la comunidad, con renuncia expresa al lucro como finalidad, junto a su importancia econ\u00f3mica, ha plantaeado la necesidad de disponer de herramientas capaces de evaluar sua ctuaciones considerando sus especiales caracter\u00edsticas, por cuanto la auscencia de la finalidad lucrativa junto a la inexixtencia de capital-propiedad, generan de manera palmaria la necesidad de valorar si su gesti\u00f3n permite alcanzar los fines sociales previstos inicialmente, as\u00ed como la forma en que se ha llevado acabo su consecuci\u00f3n.<\/p>\n<p>En este trabajo, elaborado por el grupo de trabajo de Entidades sin fines lucrativos de AECA -al que pertenezco como miembro, se plantea una propuesta de indicadores de naturaleza diferente, a patir de una estructura previamente estandarizada, de forma que informen de mareda directa sobre aquellos aspectos m\u00e1s relevantes de las ESFL.<\/p>\n","protected":false},"excerpt":{"rendered":"<p>El importante avance que en las \u00faltimas d\u00e9cadas ha venido adquiriendo el sector de las denominadas Entidades Sin Fines Lucrativos (ESFL), caracterizada por la realizci\u00f3n de actividades dirigidas ala consecuci\u00f3n de objetivos de inter\u00e9s general en beneicion de la comunidad, con renuncia expresa al lucro como finalidad, junto a su importancia econ\u00f3mica, ha plantaeado la [&hellip;]<\/p>\n","protected":false},"author":1,"featured_media":0,"parent":383,"menu_order":40,"comment_status":"open","ping_status":"closed","template":"","meta":{"footnotes":""},"class_list":["post-1278","page","type-page","status-publish","hentry"],"_links":{"self":[{"href":"https:\/\/donoso.es\/index.php?rest_route=\/wp\/v2\/pages\/1278","targetHints":{"allow":["GET"]}}],"collection":[{"href":"https:\/\/donoso.es\/index.php?rest_route=\/wp\/v2\/pages"}],"about":[{"href":"https:\/\/donoso.es\/index.php?rest_route=\/wp\/v2\/types\/page"}],"author":[{"embeddable":true,"href":"https:\/\/donoso.es\/index.php?rest_route=\/wp\/v2\/users\/1"}],"replies":[{"embeddable":true,"href":"https:\/\/donoso.es\/index.php?rest_route=%2Fwp%2Fv2%2Fcomments&post=1278"}],"version-history":[{"count":2,"href":"https:\/\/donoso.es\/index.php?rest_route=\/wp\/v2\/pages\/1278\/revisions"}],"predecessor-version":[{"id":1330,"href":"https:\/\/donoso.es\/index.php?rest_route=\/wp\/v2\/pages\/1278\/revisions\/1330"}],"up":[{"embeddable":true,"href":"https:\/\/donoso.es\/index.php?rest_route=\/wp\/v2\/pages\/383"}],"wp:attachment":[{"href":"https:\/\/donoso.es\/index.php?rest_route=%2Fwp%2Fv2%2Fmedia&parent=1278"}],"curies":[{"name":"wp","href":"https:\/\/api.w.org\/{rel}","templated":true}]}}