{"id":1299,"date":"2012-12-27T11:02:15","date_gmt":"2012-12-27T09:02:15","guid":{"rendered":"http:\/\/www.donoso.es\/?page_id=1299"},"modified":"2012-12-27T11:04:39","modified_gmt":"2012-12-27T09:04:39","slug":"anuario-del-tercer-sector-de-accion-social-2012","status":"publish","type":"page","link":"https:\/\/donoso.es\/?page_id=1299","title":{"rendered":"Anuario del Tercer Sector de Acci\u00f3n Social 2012"},"content":{"rendered":"<p style=\"text-align: justify;\">El pasado d\u00eda 18 de diciembre ha sido presentado el segundo Anuario del Tercer Sector de Acci\u00f3n Social en Espa\u00f1a, y despu\u00e9s de dos a\u00f1os de trabajo, la Fundaci\u00f3n Luis Vives, con la colaboraci\u00f3n de EDIS y el apoyo de la Obra Social de Caja Madrid y del Fondo Social Europeo, una investigaci\u00f3n cuantitativa, que muestra los retos y dificultades por los que est\u00e1 pasando el sector.<\/p>\n<p style=\"text-align: justify;\">Tanto el de este a\u00f1o como el realizado en 2010, el informe que se presenta procede de una encuesta representativa a organizaciones de TSAS en Espa\u00f1a, incluidas C\u00e1ritas Espa\u00f1ola, Cruz Roja Espa\u00f1ola y ONCE. En este \u00faltimo han participado un total de 716 entidades.<\/p>\n<p style=\"text-align: justify;\">El Anuario, seg\u00fan las entidades que lo promueven, pretende ofrecer un an\u00e1lisis de car\u00e1cter peri\u00f3dico y una perspectiva longitudinal del campo de las Organizaciones No Lucrativas (ONL) de Acci\u00f3n Social espa\u00f1olas. El objetivo es, por tanto, aportar informaci\u00f3n de inter\u00e9s, actualizada, veraz y de car\u00e1cter independiente sobre la Acci\u00f3n Social en nuestro pa\u00eds.<\/p>\n<p style=\"text-align: justify;\">El Tercer Sector de Acci\u00f3n Social en Espa\u00f1a se encuentra en un momento de inflexi\u00f3n: disminuyen dr\u00e1sticamente los recursos pero aumenta la demanda, pues cumple un papel fundamental en el desarrollo social. Por ello, \u201ces fundamental la colaboraci\u00f3n p\u00fablico-privada\u00bb.<\/p>\n<p style=\"text-align: justify;\">Seg\u00fan los propios resultados del Informe, el Tercer Sector de Acci\u00f3n Social en Espa\u00f1a est\u00e1 compuesto por unas 30.000 organizaciones que desempe\u00f1an un papel fundamental en el desarrollo social y en la promoci\u00f3n de los derechos y la igualdad de las personas. \u201cSe trata de un sector muy enraizado, que en 2010 contaba con 950 organizaciones m\u00e1s que en 2008, una por cada 1.600 habitantes\u201d, seg\u00fan explic\u00f3 Don Manuel P\u00e9rez Yruela, del Instituto de Estudios Sociales Avanzados del Consejo Superior de Investigaciones Cient\u00edficas y director del Foro de Expertos del Anuario. Este apunt\u00f3 tambi\u00e9n que el sector \u201cdebe mejorar su gesti\u00f3n y su proyecci\u00f3n social\u201d.<br \/>\n\u00a0<br \/>\n<img decoding=\"async\" class=\"aligncenter\" src=\"https:\/\/www.obrasocialcajamadrid.es\/Ficheros\/CMA\/ficheros\/OBSSocial_ImgAnuarioTercerSector2012.JPG\" alt=\"Anuario del Tercer Sector de Acci\u00f3n Social en Espa\u00f1a 2012\" \/><\/p>\n<p>Para acceder al informe completo pulsa en los siguientes enlaces (de la p\u00e1gina de la obra social de Caja Madrid):<\/p>\n<ul>\n<li><a href=\"http:\/\/www.obrasocialcajamadrid.es\/Ficheros\/CMA\/ficheros\/OBSSocial_AnuarioTercerSectorAccionSocial2012.PDF\">Anuario del Tercer Sector de Acci\u00f3n Social en Espa\u00f1a 2012.(PDF. 3 MB)<\/a><\/li>\n<li><a href=\"http:\/\/www.obrasocialcajamadrid.es\/Ficheros\/CMA\/ficheros\/OBSSocial_ResumenComparativoTercerSector2010_12.PDF\">Resumen Comparativo del Anuario del Tercer Sector de Acci\u00f3n Social en Espa\u00f1a 2010-2012. (PDF. 1 MB)<\/a><\/li>\n<\/ul>\n","protected":false},"excerpt":{"rendered":"<p>El pasado d\u00eda 18 de diciembre ha sido presentado el segundo Anuario del Tercer Sector de Acci\u00f3n Social en Espa\u00f1a, y despu\u00e9s de dos a\u00f1os de trabajo, la Fundaci\u00f3n Luis Vives, con la colaboraci\u00f3n de EDIS y el apoyo de la Obra Social de Caja Madrid y del Fondo Social Europeo, una investigaci\u00f3n cuantitativa, que [&hellip;]<\/p>\n","protected":false},"author":1,"featured_media":0,"parent":338,"menu_order":0,"comment_status":"open","ping_status":"open","template":"","meta":{"footnotes":""},"class_list":["post-1299","page","type-page","status-publish","hentry"],"_links":{"self":[{"href":"https:\/\/donoso.es\/index.php?rest_route=\/wp\/v2\/pages\/1299","targetHints":{"allow":["GET"]}}],"collection":[{"href":"https:\/\/donoso.es\/index.php?rest_route=\/wp\/v2\/pages"}],"about":[{"href":"https:\/\/donoso.es\/index.php?rest_route=\/wp\/v2\/types\/page"}],"author":[{"embeddable":true,"href":"https:\/\/donoso.es\/index.php?rest_route=\/wp\/v2\/users\/1"}],"replies":[{"embeddable":true,"href":"https:\/\/donoso.es\/index.php?rest_route=%2Fwp%2Fv2%2Fcomments&post=1299"}],"version-history":[{"count":3,"href":"https:\/\/donoso.es\/index.php?rest_route=\/wp\/v2\/pages\/1299\/revisions"}],"predecessor-version":[{"id":1302,"href":"https:\/\/donoso.es\/index.php?rest_route=\/wp\/v2\/pages\/1299\/revisions\/1302"}],"up":[{"embeddable":true,"href":"https:\/\/donoso.es\/index.php?rest_route=\/wp\/v2\/pages\/338"}],"wp:attachment":[{"href":"https:\/\/donoso.es\/index.php?rest_route=%2Fwp%2Fv2%2Fmedia&parent=1299"}],"curies":[{"name":"wp","href":"https:\/\/api.w.org\/{rel}","templated":true}]}}