{"id":1489,"date":"2014-06-06T13:11:22","date_gmt":"2014-06-06T11:11:22","guid":{"rendered":"http:\/\/www.donoso.es\/?page_id=1489"},"modified":"2014-06-06T13:11:22","modified_gmt":"2014-06-06T11:11:22","slug":"identidad-de-las-entidades-sin-fines-lucrativos","status":"publish","type":"page","link":"https:\/\/donoso.es\/?page_id=1489","title":{"rendered":"Identidad de las entidades sin fines lucrativos"},"content":{"rendered":"<p style=\"text-align: justify;\">R<a href=\"http:\/\/donoso.es\/wp-content\/uploads\/2014\/06\/sf4.gif\"><img loading=\"lazy\" decoding=\"async\" class=\"size-full wp-image-1486 alignright\" src=\"http:\/\/donoso.es\/wp-content\/uploads\/2014\/06\/sf4.gif\" alt=\"sf4\" width=\"146\" height=\"200\" \/><\/a>ESUMEN<br \/>\nLa Comisi\u00f3n de Entidades Sin Fines Lucrativos presenta el Documento n\u00ba4 titulado La identidad de las Entidades Sin Fines Lucrativos. Este sector definido siempre por lo que no es (no lucrativo, no gubernamental, etc.) necesitaba aclarar el concepto de \u201cEntidad Sin Fines Lucrativos\u201d , y dota con criterios objetivos, o indicadores, para su detecci\u00f3n en el mundo de las organizaciones. Desde un punto de vista t\u00e9cnico, se\u00f1alar que la definici\u00f3n construida parte de la hip\u00f3tesis preceptiva de entidad formulada en el Marco Conceptual desarrollado por esta Comisi\u00f3n y presentado en el Documento n\u00ba 1 de la serie. Por su parte, los indicadores adoptados como criterios de detecci\u00f3n han sido adoptados del estudio propuesto en el Documento n\u00ba 3 de la Comisi\u00f3n de Entidades sin Fines Lucrativos de AECA. Alcanzar el consenso sobre definici\u00f3n e indicadores ha sido un proceso largo y no exento de controversia, dado que los miembros de esta Comisi\u00f3n part\u00edan de una falta de acuerdo terminol\u00f3gico y conceptual entre acad\u00e9micos y profesionales. La relevancia de este Documento se centra, en definitiva, en el establecimiento de criterio y la delimitaci\u00f3n en positivo de lo que a partir de ahora se identificar\u00e1 como Entidad Sin Fines Lucrativos.<\/p>\n<p>\n1. INTRODUCCI\u00d3N<br \/>\n1.1. Diferencia entre datos e informaci\u00f3n<br \/>\n1.2. Otros conceptos relacionados<\/p>\n<p>2. DEFINICI\u00d3N DE ENTIDAD SIN FINES LUCRATIVOS<\/p>\n<p>3. CARACTER\u00cdSTICAS DE LAS ENTIDADES SIN FINES LUCRATIVOS<br \/>\n3.1 Las ESFL como entidades privadas<br \/>\n3.2 Sin fi nes lucrativos<br \/>\n3.3 De inter\u00e9s general o colectivo<br \/>\n3.4 La inexistencia de capital-propiedad<br \/>\n3.5. Capacidad de organizaci\u00f3n y fi nanciaci\u00f3n<\/p>\n<p>4. IDENTIFICACI\u00d3N DE LAS ENTIDADES SIN FINES LUCRATIVOS<br \/>\n4.1. Indicador de Condici\u00f3n ICON I. Entidad privada<br \/>\n4.2. Indicador de Condici\u00f3n ICON II. Prohibici\u00f3n de reparto de excedentes<br \/>\n4.3. Indicador de Condici\u00f3n ICON III. Aplicaci\u00f3n de inter\u00e9s general o colectivo<br \/>\n4.4. Indicador de Condici\u00f3n ICON IV. Ausencia de propiedad sobre la entidad<br \/>\n4.5. Indicador de Continuidad ICOT I. Capacidad organizativa<br \/>\n4.6. Indicador de Continuidad ICOT II. Capacidad fi nanciera<\/p>\n<p>5. ENTIDADES M\u00c1S SIGNIFICATIVAS<br \/>\n5.1. Fundaciones<br \/>\n5.2. Asociaciones<br \/>\n5.3. Federaciones, Coordinadoras, Confederaciones y Uniones<br \/>\n5.4. Sindicatos de Trabajadores<br \/>\n5.5. Partidos Pol\u00edticos<br \/>\n5.6. C\u00e1ritas Espa\u00f1ola<br \/>\n5.7. Cruz Roja Espa\u00f1ola<br \/>\n5.8. ONCE<br \/>\n5.9. Iglesia, Iglesias y otras confesiones religiosas<\/p>\n<p>6. BIBLIOGRAF\u00cdA<\/p>\n","protected":false},"excerpt":{"rendered":"<p>RESUMEN La Comisi\u00f3n de Entidades Sin Fines Lucrativos presenta el Documento n\u00ba4 titulado La identidad de las Entidades Sin Fines Lucrativos. Este sector definido siempre por lo que no es (no lucrativo, no gubernamental, etc.) necesitaba aclarar el concepto de \u201cEntidad Sin Fines Lucrativos\u201d , y dota con criterios objetivos, o indicadores, para su detecci\u00f3n [&hellip;]<\/p>\n","protected":false},"author":1,"featured_media":0,"parent":383,"menu_order":0,"comment_status":"open","ping_status":"open","template":"","meta":{"footnotes":""},"class_list":["post-1489","page","type-page","status-publish","hentry"],"_links":{"self":[{"href":"https:\/\/donoso.es\/index.php?rest_route=\/wp\/v2\/pages\/1489","targetHints":{"allow":["GET"]}}],"collection":[{"href":"https:\/\/donoso.es\/index.php?rest_route=\/wp\/v2\/pages"}],"about":[{"href":"https:\/\/donoso.es\/index.php?rest_route=\/wp\/v2\/types\/page"}],"author":[{"embeddable":true,"href":"https:\/\/donoso.es\/index.php?rest_route=\/wp\/v2\/users\/1"}],"replies":[{"embeddable":true,"href":"https:\/\/donoso.es\/index.php?rest_route=%2Fwp%2Fv2%2Fcomments&post=1489"}],"version-history":[{"count":1,"href":"https:\/\/donoso.es\/index.php?rest_route=\/wp\/v2\/pages\/1489\/revisions"}],"predecessor-version":[{"id":1490,"href":"https:\/\/donoso.es\/index.php?rest_route=\/wp\/v2\/pages\/1489\/revisions\/1490"}],"up":[{"embeddable":true,"href":"https:\/\/donoso.es\/index.php?rest_route=\/wp\/v2\/pages\/383"}],"wp:attachment":[{"href":"https:\/\/donoso.es\/index.php?rest_route=%2Fwp%2Fv2%2Fmedia&parent=1489"}],"curies":[{"name":"wp","href":"https:\/\/api.w.org\/{rel}","templated":true}]}}