{"id":2,"date":"2008-09-29T16:29:22","date_gmt":"2008-09-29T21:29:22","guid":{"rendered":"http:\/\/granatula.net\/donoso.es\/?page_id=2"},"modified":"2011-10-29T18:36:03","modified_gmt":"2011-10-29T16:36:03","slug":"about","status":"publish","type":"page","link":"https:\/\/donoso.es\/?page_id=2","title":{"rendered":"\u00bfQui\u00e9n soy?"},"content":{"rendered":"<blockquote><p><a href=\"http:\/\/donoso.es\/wp-content\/uploads\/2008\/09\/jesus1.jpg\"><img loading=\"lazy\" decoding=\"async\" class=\"alignright size-full wp-image-12\" title=\"Juan Jes\u00fas\" src=\"http:\/\/donoso.es\/wp-content\/uploads\/2008\/09\/jesus1.jpg\" alt=\"Juan Jes\u00fas\" width=\"250\" height=\"599\" srcset=\"https:\/\/donoso.es\/wp-content\/uploads\/2008\/09\/jesus1.jpg 250w, https:\/\/donoso.es\/wp-content\/uploads\/2008\/09\/jesus1-125x300.jpg 125w\" sizes=\"auto, (max-width: 250px) 100vw, 250px\" \/><\/a><\/p>\n<p><font size=\"3\"><br \/>\n<span><\/span><br \/>\n<span style=\"color: #000000; font-family: Tahoma;\"><em>Bienvenidos a mi p\u00e1gina personal en internet.<\/em><\/span><\/p>\n<p><span style=\"color: #000000; font-family: Tahoma;\"><em>\u00bfQui\u00e9n soy? Una pregunta que nunca he sabido responder. Ciudadano del Mundo, Espa\u00f1ol, nacido en Madrid &#8211; Madrile\u00f1o por tanto, \u00a1qu\u00e9 nunca negar\u00e9 mis or\u00edgines!- y Granatule\u00f1o de coraz\u00f3n.<\/em><\/span><\/p>\n<p><span style=\"color: #000000; font-family: Tahoma;\"><strong><em><\/em><\/strong><\/span><\/p>\n<p><span style=\"color: #000000; font-family: Tahoma;\"><em>\u00bfPero es esto lo que me define?. A\u00f1adir\u00e9 que no dejo de ser la suma y la resta de todo lo vivido y de la gente que me ha rodeado conmigo mismo. \u00a1Ah y c\u00f3mo no!, y no se si porque lo llevaba en los genes o porque la tradici\u00f3n de la familia me empujo al pueblo de Gran\u00e1tula de Calatrava.<\/em><\/span><br \/>\n<span style=\"color: #000000; font-family: Tahoma;\"><strong><em><\/em><\/strong><\/span><\/p>\n<p><span style=\"color: #000000; font-family: Tahoma;\"><em>Por eso quiero recordar en este momento y sobre todo dar las gracias,<\/em><\/span><\/p>\n<ul>\n<li><span style=\"color: #000000; font-family: Tahoma;\"><em>A mi madre, por haberme otorgado la vida y aguantar mi genio.<\/em><\/span><\/li>\n<li><span style=\"color: #000000; font-family: Tahoma;\"><em>A mi padre porque, aunque nunca ha dejado de ejercer como tal, es el mejor amigo que he tenido.<\/em><\/span><\/li>\n<li><span style=\"color: #000000; font-family: Tahoma;\"><em>A la gente que me ha rodeado, incluso a la que \u00abnunca me trag\u00f3\u00bb,\u00a0 porque gracias \u00abal roce\u00bb con ellos consegu\u00ed formar mi personalidad.<\/em><\/span><\/li>\n<li><span style=\"color: #000000; font-family: Tahoma;\"><em>A las personas que he querido ya que con ellas aprend\u00ed a \u00absentir\u00bb.<\/em><\/span><\/li>\n<\/ul>\n<p>\u00a0<span style=\"color: #000000; font-family: Tahoma;\"><em>Y desde aqu\u00ed le invito a conocerme un poco m\u00e1s en esta ventana abierta a todo el mundo.<\/em><\/span><\/p>\n<p><span style=\"color: #000000; font-family: Tahoma;\"><em><\/em><\/span><\/p>\n<p style=\"text-align: right;\"><span style=\"color: #000000; font-family: Tahoma;\">Juan Jes\u00fas Donoso Aza\u00f1\u00f3n<em><\/em><\/span><\/p>\n<p><\/font>\n<\/p><\/blockquote>\n","protected":false},"excerpt":{"rendered":"<p>Bienvenidos a mi p\u00e1gina personal en internet. \u00bfQui\u00e9n soy? Una pregunta que nunca he sabido responder. Ciudadano del Mundo, Espa\u00f1ol, nacido en Madrid &#8211; Madrile\u00f1o por tanto, \u00a1qu\u00e9 nunca negar\u00e9 mis or\u00edgines!- y Granatule\u00f1o de coraz\u00f3n. \u00bfPero es esto lo que me define?. A\u00f1adir\u00e9 que no dejo de ser la suma y la resta de [&hellip;]<\/p>\n","protected":false},"author":1,"featured_media":0,"parent":0,"menu_order":1,"comment_status":"closed","ping_status":"closed","template":"","meta":{"footnotes":""},"class_list":["post-2","page","type-page","status-publish","hentry"],"_links":{"self":[{"href":"https:\/\/donoso.es\/index.php?rest_route=\/wp\/v2\/pages\/2","targetHints":{"allow":["GET"]}}],"collection":[{"href":"https:\/\/donoso.es\/index.php?rest_route=\/wp\/v2\/pages"}],"about":[{"href":"https:\/\/donoso.es\/index.php?rest_route=\/wp\/v2\/types\/page"}],"author":[{"embeddable":true,"href":"https:\/\/donoso.es\/index.php?rest_route=\/wp\/v2\/users\/1"}],"replies":[{"embeddable":true,"href":"https:\/\/donoso.es\/index.php?rest_route=%2Fwp%2Fv2%2Fcomments&post=2"}],"version-history":[{"count":37,"href":"https:\/\/donoso.es\/index.php?rest_route=\/wp\/v2\/pages\/2\/revisions"}],"predecessor-version":[{"id":3,"href":"https:\/\/donoso.es\/index.php?rest_route=\/wp\/v2\/pages\/2\/revisions\/3"}],"wp:attachment":[{"href":"https:\/\/donoso.es\/index.php?rest_route=%2Fwp%2Fv2%2Fmedia&parent=2"}],"curies":[{"name":"wp","href":"https:\/\/api.w.org\/{rel}","templated":true}]}}