{"id":31,"date":"2009-03-07T15:22:02","date_gmt":"2009-03-07T20:22:02","guid":{"rendered":"http:\/\/granatula.net\/donoso.es\/?page_id=31"},"modified":"2011-10-29T18:33:18","modified_gmt":"2011-10-29T16:33:18","slug":"ideario","status":"publish","type":"page","link":"https:\/\/donoso.es\/?page_id=31","title":{"rendered":"Ideario"},"content":{"rendered":"<p><img loading=\"lazy\" decoding=\"async\" class=\"alignright size-full wp-image-64\" src=\"http:\/\/donoso.es\/wp-content\/uploads\/2009\/03\/quijote2.jpg\" alt=\"\" width=\"170\" height=\"300\" \/><br \/>\n<span style=\"font-size: small;\"><span style=\"font-size: small;\"><font size=\"3\"><\/p>\n<div><span style=\"color: #000000; font-family: Tahoma;\"><br \/>\nHace ya unos a\u00f1os, en los primeros pasos del siglo XXI y\u00a0a punto de celebrar el cuarto centenario de la publicaci\u00f3n de El Quijote, escrib\u00ed este texto que ahora reproduzco como pr\u00f3logo al libro \u00abEn un maar de Culturas\u00bb\u00a0sobre Gran\u00e1tula de Calatrava y que resume mi forma de ver la vida:\u00a0<\/span><br \/>\n<span style=\"color: #000000; font-family: Tahoma;\"><br \/>\nQuiero evocar el mundo de los sue\u00f1os y de la locura idealista en contraposici\u00f3n de lo mundano y material y utilizar las palabras que D. Pascual Be\u00f1o us\u00f3 en el discurso de ingreso en el Instituto de Estudios Manchegos, y creer en la leyenda casi siempre tejida en el telar del sentimiento.<\/span><br \/>\n<span style=\"color: #000000; font-family: Tahoma;\"><br \/>\nQuiero luchar desde la leyenda contra los encantadores que niegan y desfiguran las cosas hermosas, contra los que en nombre de la raz\u00f3n izan la bandera del realismo m\u00e1s despiadado; contra los resentidos; contra los envidiosos; contra los que confunden la cr\u00edtica con la mala fe; contra los que no saben compadecer y admirar; contra los que no creen en m\u00e1s Dios que en su ego\u00edsmo; contra los que matan a inocentes ciudadanos; contra los que aprisionan y despedazan a los d\u00e9biles; contra los que confunden la formaci\u00f3n y la educaci\u00f3n con la debilidad, el pacifismo con la cobard\u00eda, la comprensi\u00f3n con la imbecilidad, el amor con el erotismo; contra los que creen que el mundo fue hecho para ellos solos; contra los que tornan gigantes en molinos, los ej\u00e9rcitos en reba\u00f1os y el sublime ideal amoroso de una moza en algo indecente.<\/span><br \/>\n<span style=\"color: #000000; font-family: Tahoma;\"><br \/>\nQuiero volver a la nobleza del coraz\u00f3n amante y a su libertad cautiva, y defender que el \u00fanico medio de conservar su libertad, el hombre, es estar siempre dispuesto a morir por ella. Reclamar el ensue\u00f1o vivo y permanente y que cuando nuestros sue\u00f1os se han cumplido es cuando comprendemos la riqueza de nuestra imaginaci\u00f3n y la pobreza de la realidad. Y fingir a un Quijote loco, ser burl\u00f3n y cr\u00edtico con una sociedad que declina, con una sociedad que defiende la muerte bajo necios pretextos y que mantiene guerras no declaradas y un tercer mundo para que exista el primero.<\/span><\/div>\n<p><\/font><\/span><\/span><\/p>\n","protected":false},"excerpt":{"rendered":"<p>Hace ya unos a\u00f1os, en los primeros pasos del siglo XXI y\u00a0a punto de celebrar el cuarto centenario de la publicaci\u00f3n de El Quijote, escrib\u00ed este texto que ahora reproduzco como pr\u00f3logo al libro \u00abEn un maar de Culturas\u00bb\u00a0sobre Gran\u00e1tula de Calatrava y que resume mi forma de ver la vida:\u00a0 Quiero evocar el mundo [&hellip;]<\/p>\n","protected":false},"author":1,"featured_media":0,"parent":2,"menu_order":0,"comment_status":"open","ping_status":"open","template":"","meta":{"footnotes":""},"class_list":["post-31","page","type-page","status-publish","hentry"],"_links":{"self":[{"href":"https:\/\/donoso.es\/index.php?rest_route=\/wp\/v2\/pages\/31","targetHints":{"allow":["GET"]}}],"collection":[{"href":"https:\/\/donoso.es\/index.php?rest_route=\/wp\/v2\/pages"}],"about":[{"href":"https:\/\/donoso.es\/index.php?rest_route=\/wp\/v2\/types\/page"}],"author":[{"embeddable":true,"href":"https:\/\/donoso.es\/index.php?rest_route=\/wp\/v2\/users\/1"}],"replies":[{"embeddable":true,"href":"https:\/\/donoso.es\/index.php?rest_route=%2Fwp%2Fv2%2Fcomments&post=31"}],"version-history":[{"count":16,"href":"https:\/\/donoso.es\/index.php?rest_route=\/wp\/v2\/pages\/31\/revisions"}],"predecessor-version":[{"id":705,"href":"https:\/\/donoso.es\/index.php?rest_route=\/wp\/v2\/pages\/31\/revisions\/705"}],"up":[{"embeddable":true,"href":"https:\/\/donoso.es\/index.php?rest_route=\/wp\/v2\/pages\/2"}],"wp:attachment":[{"href":"https:\/\/donoso.es\/index.php?rest_route=%2Fwp%2Fv2%2Fmedia&parent=31"}],"curies":[{"name":"wp","href":"https:\/\/api.w.org\/{rel}","templated":true}]}}