{"id":329,"date":"2010-11-11T23:36:17","date_gmt":"2010-11-11T21:36:17","guid":{"rendered":"http:\/\/www.donoso.es\/?page_id=329"},"modified":"2018-03-20T21:47:50","modified_gmt":"2018-03-20T19:47:50","slug":"economia-de-las-personas","status":"publish","type":"page","link":"https:\/\/donoso.es\/?page_id=329","title":{"rendered":"Reflexiones econ\u00f3micas"},"content":{"rendered":"<h2><a href=\"http:\/\/donoso.es\/wp-content\/uploads\/personas\/Economia_de_las_personas.pdf\" target=\"_new\"><img loading=\"lazy\" decoding=\"async\" class=\"alignleft size-medium wp-image-346\" title=\"www.economiaparalaspersonas.com\" src=\"http:\/\/donoso.es\/wp-content\/uploads\/2010\/11\/portada_economia_personas-211x300.jpg\" alt=\"portada_economia_personas\" width=\"211\" height=\"300\" srcset=\"https:\/\/donoso.es\/wp-content\/uploads\/2010\/11\/portada_economia_personas-211x300.jpg 211w, https:\/\/donoso.es\/wp-content\/uploads\/2010\/11\/portada_economia_personas.jpg 1240w\" sizes=\"auto, (max-width: 211px) 100vw, 211px\" \/><\/a>Introducci\u00f3n<\/h2>\n<p style=\"text-align: justify;\">Decir en descargo de este texto que est\u00e1 fluyendo que surge en un tren de vuelta de Lleida, despu\u00e9s de impartir un curso de ocho horas en materia econ\u00f3mica y de justificaci\u00f3n de subvenciones, y que a ra\u00edz de escucharme a mi mismo en voz alta, y de las reflexiones que me hicieron algunos de los participantes, sobre la justicia o la injusticia, la bondad o no de realizar determinadas acciones restrictivas derivadas de la crisis econ\u00f3mica, me hicieron pensar sobre el capitalismo y la econom\u00eda de mercado.<\/p>\n<p style=\"text-align: justify;\">Mientras tomaba un zumo de cebada fermentado buscaba en mi bolsa, esa mochila que siempre me acompa\u00f1a, unas notas que hab\u00eda tomado hace alg\u00fan tiempo cuando le\u00eda el libro \u00abLa inteligencia fracasada\u00bb. De esas notas me permito entresacar este texto (cuasi literal):<\/p>\n<p style=\"text-align: justify;\"><em>El triunfo de la inteligencia personal es la felicidad. El triunfo de la inteligencia social es la justicia. Ambas est\u00e1n unidas por parentescos casi olvidados. Hans Kelsen, uno de los grandes juristas del pasado siglo, los describi\u00f3 con claridad: \u00abLa b\u00fasqueda de la justicia es la eterna b\u00fasqueda de la felicidad humana. Es una felicidad que el hombre no puede encontrar por s\u00ed mismo, y por ello la busca en la sociedad. La justicia es la felicidad social, garantizada por el orden social.\u00bb La felicidad pol\u00edtica es una condici\u00f3n imprescindible para la felicidad personal. Hemos de realizar nuestros proyectos m\u00e1s \u00edntimos, como el de ser feliz, integr\u00e1ndolos con los proyectos compartidos. S\u00f3lo los eremitas de todos los tiempos y confesiones han pretendido vivir su intimidad con total autosuficiencia. De todo esto se desprende un colorario:<\/em><\/p>\n<p style=\"text-align: justify;\"><em>Son inteligentes las sociedades justas. Y est\u00fapidas las injustas. Puesto que la inteligencia tiene como meta la felicidad -privada o p\u00fablica-, todo fracaso de la inteligencia entra\u00f1a la desdicha. La desdicha privada es el dolor. La desdicha p\u00fablica es el mal, es decir, la injusticia.<\/em><\/p>\n<p style=\"text-align: justify;\">En estos momentos en los que estamos tanto a nivel mundial, como en Espa\u00f1a, el sistema actual de econom\u00eda de mercado, de capitalismo, est\u00e1 produciendo fracaso p\u00fablico y privado. \u00bfSomos est\u00fapidos? \u00bfCreemos en un sistema que no cree en las personas?<\/p>\n<p style=\"text-align: justify;\">Unos d\u00edas despu\u00e9s, ya en Valladolid, en el master, hablaba con David, un compa\u00f1ero y amigo gallego, sobre el triunfo del sistema capitalista. Hablaba con \u00e9l y defend\u00eda mi tesis, y afirmaba que cuando todo el mundo sostiene que el sistema capitalista est\u00e1 en crisis, es justo lo contrario: <em>nunca el sistema capitalista hab\u00eda demostrado su salud como ahora<\/em>. Y explico el razonamiento: En el momento actual el objetivo del sistema capitalista no son las personas, \u00e9stas no dejan de ser un mero recurso productivo, el factor mano de obra; el objetivo es el mantenimiento del capital. Y as\u00ed, para preservar el capital y mantener la rentabilidad de \u00e9ste, se hab\u00edan tomado una serie de medidas tendentes a ese objetivo. Poco importaba si para ello la cuarta parte de la poblaci\u00f3n ten\u00eda que pasar al paro, si los recursos econ\u00f3micos deb\u00edan destinarse no a las personas, sino al mantenimiento y protecci\u00f3n del capital. \u00bfD\u00f3nde est\u00e1 la crisis del sistema? \u00bfDefiende a ultranza su fin \u00faltimo: el capital? \u00bfEl paro, crecimiento negativo, etc. no dejaban de ser m\u00e1s que unas externalidades del sistema? \u00bfY para cubrir esas externalidades y hacerlas m\u00e1s compatibles con las personas, sobre todo de cara al mantenimiento de una relativa paz social, no estar\u00edan las entidades no lucrativas contribuyendo a la defensa del sistema? \u00bfLas pol\u00edticas sociales persiguen que las personas en capas \u00abexcluidas\u00bb salgan de las mismas o buscan mantener el equilibrio del sistema y por ende la paz social?<\/p>\n<p style=\"text-align: justify;\">\u00a1Cu\u00e1ntas preguntas, y sin muchas respuestas en mi mente!<\/p>\n<p style=\"text-align: justify;\">Para abundar m\u00e1s en la situaci\u00f3n en el desarrollo de la jornada de puesta en com\u00fan recordaba las palabras de D. Jos\u00e9 Herrador Alonso<a href=\"http:\/\/donoso.es\/wp-includes\/js\/tinymce\/plugins\/paste\/blank.htm#_ftn2\" name=\"_ftnref2\">[2]<\/a> de \u00abQueremos hacer la revoluci\u00f3n en las organizaciones, eso es Desarrollo Organizativo\u00bb, por supuesto sin perder los valores ya que estos orientan la conducta de la organizaci\u00f3n y de las personas. Y as\u00ed el desarrollo organizativo era el aprendizaje organizativo que al final se convierte en el conocimiento t\u00e1cito, en el aprendizaje t\u00e1cito. Y a m\u00ed me apetec\u00eda escribir, es m\u00e1s desear\u00eda \u00abhacer la revoluci\u00f3n en la econom\u00eda con el enfoque de Desarrollo Organizativo\u00bb.<\/p>\n<p style=\"text-align: justify;\">S\u00ed el desarrollo organizativo es el \u00abarte de lo posible\u00bb y es aprendizaje \u00bfpor qu\u00e9 no aplicarlo a la econom\u00eda? Y aunque hab\u00eda presentado un trabajo sobre desarrollo organizativo en los centros sociosanitarios, no por ello pens\u00e9 que merec\u00eda la pena ligar el desarrollo organizacional. Y as\u00ed, con independencia de que complete o no ese trabajo, decid\u00ed\u00a0 que otro tipo de sistema econ\u00f3mico es posible y que deb\u00eda escribir sobre ello.<\/p>\n<p style=\"text-align: justify;\">Y sin saber muy bien si llegar\u00eda a despejar alguna inc\u00f3gnita, ni si ser\u00eda capaz de dar soluci\u00f3n al problema, llegu\u00e9 al convencimiento de que el planteamiento era una nueva econom\u00eda basada en el conocimiento y la libertad (que no el libertinaje) como alternativa a una econom\u00eda basada en el consumismo y el capitalismo, era la aplicaci\u00f3n del desarrollo organizacional puro basado en las personas y en el aprendizaje, todo ello en busca de la gesti\u00f3n del cambio; considerando las sociedades como sistemas y como habr\u00eda que abordar la relaci\u00f3n entre las relaciones de los distintos procesos (no s\u00f3lo econ\u00f3micos, sino pol\u00edticos, medioambientales, etc.). Una econom\u00eda basada en las personas.<\/p>\n<p style=\"text-align: justify;\">Una \u00faltima reflexi\u00f3n para esta introducci\u00f3n. Viendo las noticias ahora y a los pol\u00edticos, y no s\u00f3lo espa\u00f1oles sino de todos los pa\u00edses, y las declaraciones que hacen, no salgo de mi asombro. Pretenden con las mismas recetas que han llevado a las personas al borde del abismo, que no al sistema capitalista, encontrar un mundo nuevo. Me pregunto \u00bfes posible seguir manteniendo un sistema que no est\u00e9 basado en las personas? Es necesario un cambio de enfoque, de la forma de ver las cosas, en \u00e9l.<\/p>\n<p style=\"text-align: justify;\">Y recordando lo aprendido sobre Desarrollo Organizacional comprend\u00ed que este cambio s\u00f3lo pod\u00eda ser abordado con la existencia de un l\u00edder, o mejor dicho de un grupo de liderazgo que empujase e hiciera visible una nueva forma de hacer las cosas. Aqu\u00ed tuve un momento de desaliento pensando en los pol\u00edticos actuales, si bien este momento pas\u00f3 ya que tambi\u00e9n comprend\u00ed que la sociedad civil, y precisamente en este m\u00e1ster realizado donde el alumnado pertenece a ONG, tambi\u00e9n puede impulsar ese cambio e incluso hacer que los pol\u00edticos escuchen las necesidades de las personas. Y as\u00ed que el primer paso es crear, compartir, comunicar, difundir ese pensamiento, ese aprendizaje \u00absocial\u00bb.<\/p>\n<p style=\"text-align: justify;\">Llegados a este punto decid\u00ed que merec\u00eda la pena seguir adelante. Y as\u00ed dar respuesta al t\u00edtulo y sobre todo al objetivo \u00faltimo: El sistema capitalista est\u00e1 gastado y debe dar paso a un sistema econ\u00f3mico donde las personas sean el centro. En este momento adem\u00e1s es buena \u00e9poca para proponerlo ya que las \u00e9pocas de crisis son las adecuadas para plantear el cambio.<\/p>\n<hr style=\"text-align: justify;\" size=\"1\" \/>\n<p>&nbsp;<\/p>\n<p>O bien en la fotograf\u00eda o en este enlace para descargar el documento pdf <a href=\"http:\/\/donoso.es\/wp-content\/uploads\/personas\/Economia_de_las_personas.pdf\" target=\"economiapersonas\">http:\/\/donoso.es\/wp-content\/uploads\/personas\/Economia_de_las_personas.pdf<\/a><\/p>\n","protected":false},"excerpt":{"rendered":"<p>Introducci\u00f3n Decir en descargo de este texto que est\u00e1 fluyendo que surge en un tren de vuelta de Lleida, despu\u00e9s de impartir un curso de ocho horas en materia econ\u00f3mica y de justificaci\u00f3n de subvenciones, y que a ra\u00edz de escucharme a mi mismo en voz alta, y de las reflexiones que me hicieron algunos [&hellip;]<\/p>\n","protected":false},"author":1,"featured_media":0,"parent":0,"menu_order":6,"comment_status":"open","ping_status":"open","template":"","meta":{"footnotes":""},"class_list":["post-329","page","type-page","status-publish","hentry"],"_links":{"self":[{"href":"https:\/\/donoso.es\/index.php?rest_route=\/wp\/v2\/pages\/329","targetHints":{"allow":["GET"]}}],"collection":[{"href":"https:\/\/donoso.es\/index.php?rest_route=\/wp\/v2\/pages"}],"about":[{"href":"https:\/\/donoso.es\/index.php?rest_route=\/wp\/v2\/types\/page"}],"author":[{"embeddable":true,"href":"https:\/\/donoso.es\/index.php?rest_route=\/wp\/v2\/users\/1"}],"replies":[{"embeddable":true,"href":"https:\/\/donoso.es\/index.php?rest_route=%2Fwp%2Fv2%2Fcomments&post=329"}],"version-history":[{"count":26,"href":"https:\/\/donoso.es\/index.php?rest_route=\/wp\/v2\/pages\/329\/revisions"}],"predecessor-version":[{"id":1693,"href":"https:\/\/donoso.es\/index.php?rest_route=\/wp\/v2\/pages\/329\/revisions\/1693"}],"wp:attachment":[{"href":"https:\/\/donoso.es\/index.php?rest_route=%2Fwp%2Fv2%2Fmedia&parent=329"}],"curies":[{"name":"wp","href":"https:\/\/api.w.org\/{rel}","templated":true}]}}