{"id":353,"date":"2010-03-11T23:16:16","date_gmt":"2010-03-11T21:16:16","guid":{"rendered":"http:\/\/www.donoso.es\/?page_id=353"},"modified":"2013-04-09T19:02:58","modified_gmt":"2013-04-09T17:02:58","slug":"marco-conceptual-de-la-informacion-financiera-para-entidades-sin-fines-lucrativos","status":"publish","type":"page","link":"https:\/\/donoso.es\/?page_id=353","title":{"rendered":"Marco Conceptual de la Informaci\u00f3n Financiera para Entidades Sin Fines Lucrativos"},"content":{"rendered":"<p style=\"text-align: justify;\"><a href=\"http:\/\/www.aeca.es\/pub\/documentos\/sf1.pdf\" target=\"_new\"><img decoding=\"async\" class=\"alignleft size-full wp-image-352\" title=\"Marco conceptual de la Informaci\u00f3n Financiera para Entidades Sin Fines Lucrativos\" src=\"http:\/\/donoso.es\/wp-content\/uploads\/2010\/11\/marco_conceptual.bmp\" alt=\"Marco conceptual de la Informaci\u00f3n Financiera para Entidades Sin Fines Lucrativos\" \/><\/a>La Asociaci\u00f3n Espa\u00f1ola de Contabilidad y Administraci\u00f3n de Empresas ha constituido un grupo en su seno para el desarrollo de documentos y trabajo en torno a las Entidades Sin Fines de Lucro. Fruto de este trabajo ha visto la luz la primera publicaci\u00f3n: Marco Conceptual de la Informaci\u00f3n Financiera en Entidades Sin Fines de Lucro. Participo del grupo de AECA y en concreto en el marco conceptual he sido vocal del mismo.<\/p>\n<p style=\"text-align: justify;\">Es un trabajo\u00a0t\u00e9cnico que versa sobre la contabilidad y las necesidades tanto internas como externas de la informaci\u00f3n financiera. Os animo a leerlo y a realizar las aportaciones que consider\u00e9is oportunas sobre el mismo. Para descargalo pulsa en el siguiente enlace: <a onclick=\"function onclick() { function onclick() { function onclick() { function onclick() { function onclick() { pageTracker._trackPageview('\/outbound\/article\/www.aeca.es'); } } } } }\" href=\"http:\/\/www.socialia.org\/StaticFiles\/WINS003\/FICHA_BIBLIOGRAFICA\/STATIC_FILES\/estados_contables_onls.pdf\" target=\"_blank\"><span style=\"font-size: x-small;\"><span style=\"color: #2d83d5; font-size: xx-small;\">Marco Conceptual<\/span><\/span><\/a>.<\/p>\n<p style=\"text-align: justify;\">Un saludo,<\/p>\n<p>Juan Jes\u00fas Donoso Aza\u00f1\u00f3n<\/p>\n","protected":false},"excerpt":{"rendered":"<p>La Asociaci\u00f3n Espa\u00f1ola de Contabilidad y Administraci\u00f3n de Empresas ha constituido un grupo en su seno para el desarrollo de documentos y trabajo en torno a las Entidades Sin Fines de Lucro. Fruto de este trabajo ha visto la luz la primera publicaci\u00f3n: Marco Conceptual de la Informaci\u00f3n Financiera en Entidades Sin Fines de Lucro. [&hellip;]<\/p>\n","protected":false},"author":1,"featured_media":0,"parent":383,"menu_order":20,"comment_status":"open","ping_status":"open","template":"","meta":{"footnotes":""},"class_list":["post-353","page","type-page","status-publish","hentry"],"_links":{"self":[{"href":"https:\/\/donoso.es\/index.php?rest_route=\/wp\/v2\/pages\/353","targetHints":{"allow":["GET"]}}],"collection":[{"href":"https:\/\/donoso.es\/index.php?rest_route=\/wp\/v2\/pages"}],"about":[{"href":"https:\/\/donoso.es\/index.php?rest_route=\/wp\/v2\/types\/page"}],"author":[{"embeddable":true,"href":"https:\/\/donoso.es\/index.php?rest_route=\/wp\/v2\/users\/1"}],"replies":[{"embeddable":true,"href":"https:\/\/donoso.es\/index.php?rest_route=%2Fwp%2Fv2%2Fcomments&post=353"}],"version-history":[{"count":11,"href":"https:\/\/donoso.es\/index.php?rest_route=\/wp\/v2\/pages\/353\/revisions"}],"predecessor-version":[{"id":1327,"href":"https:\/\/donoso.es\/index.php?rest_route=\/wp\/v2\/pages\/353\/revisions\/1327"}],"up":[{"embeddable":true,"href":"https:\/\/donoso.es\/index.php?rest_route=\/wp\/v2\/pages\/383"}],"wp:attachment":[{"href":"https:\/\/donoso.es\/index.php?rest_route=%2Fwp%2Fv2%2Fmedia&parent=353"}],"curies":[{"name":"wp","href":"https:\/\/api.w.org\/{rel}","templated":true}]}}