{"id":356,"date":"2010-10-11T23:18:01","date_gmt":"2010-10-11T21:18:01","guid":{"rendered":"http:\/\/www.donoso.es\/?page_id=356"},"modified":"2012-12-27T10:54:22","modified_gmt":"2012-12-27T08:54:22","slug":"innovacion-social-motor-de-igualdad","status":"publish","type":"page","link":"https:\/\/donoso.es\/?page_id=356","title":{"rendered":"Motor de Igualdad"},"content":{"rendered":"<p style=\"text-align: justify;\">Innovaci\u00f3n Social: Motor de Igualdad<\/p>\n<p style=\"text-align: justify;\">Hoy en un acto del programa \u201cProni\u00f1o\u201d financiado por la Fundaci\u00f3n de una gran empresa espa\u00f1ola diversos personajes hicieron unos comentarios sobre la innovaci\u00f3n social, que ahora comparto con todos vosotros, relacionados con la\u00a0innovaci\u00f3n social y desarrollo social:<\/p>\n<p style=\"text-align: justify;\">Mohammad Yunus, Premio Nobel de la Paz y creador de los microcr\u00e9ditos, resalt\u00f3 que quedan \u00e1reas en las que se pueden desarrollar y crear empresas sociales, como son los campos de la salud, la nutrici\u00f3n, o las comunicaciones.<\/p>\n<p style=\"text-align: justify;\">En relaci\u00f3n a las pol\u00edticas y actuaciones generales que deben seguir los gobiernos para revertir la pobreza y las inquietudes sociales, Joseph E. Stiglitz, Premio Nobel de Econom\u00eda, afirm\u00f3 que se necesita de la innovaci\u00f3n social para la erradicaci\u00f3n de la pobreza.<\/p>\n<p style=\"text-align: justify;\">Bob Geldof centr\u00f3 su intervenci\u00f3n en la necesidad de alianzas entre lo p\u00fablico y lo privado para la soluci\u00f3n de los problemas de pobreza, y se\u00f1al\u00f3 que no deben de afrontarse las s\u00edntomas, sino las causas de la miseria.<\/p>\n<p style=\"text-align: justify;\">Sali\u00e9ndonos de este acto, patircularmente creo que las\u00a0<span style=\"font-weight: bold;\">innovaciones sociales<\/span> incrementan la riqueza social (cultural, art\u00edstica, educativa, etc.) de la ciudadan\u00eda y en su caso del pa\u00eds, si dichas mejoras afectan a amplias capas de la poblaci\u00f3n. La innovaci\u00f3n social se refiere a <span style=\"font-weight: bold;\">valores sociales<\/span> y <span style=\"font-weight: bold;\">nuevas ideas<\/span> que resuelvan retos en \u00e1reas como por ejemplo, el bienestar, la calidad de vida, la inclusi\u00f3n social, la solidaridad, la participaci\u00f3n ciudadana, la calidad medioambiental, la atenci\u00f3n sociosanitaria, la eficiencia de los servicios p\u00fablicos o educaci\u00f3n en beneficio de las personas y el planeta.<\/p>\n<p style=\"text-align: justify;\">Las innovaciones sociales provienen de individuos, grupos u organizaciones y pueden tener lugar en sector lucrativo, en el no lucrativo o en el sector p\u00fablico. Cada vez m\u00e1s las innovaciones sociales se est\u00e1n produciendo en los espacios entre estos tres sectores por la interacci\u00f3n entre diferentes enfoques. \u00bfSer\u00e1 esto la <span style=\"font-weight: bold;\">hibridaci\u00f3n <\/span>que tanto suelen comentar la gente de infonom\u00eda?<\/p>\n<p style=\"text-align: justify;\">La innovaci\u00f3n social seg\u00fan <span style=\"color: #445566;\">Dioni Nespral<\/span>, \u201c<span style=\"font-style: italic;\"><span style=\"font-weight: bold;\">no debe ser una nueva forma de acci\u00f3n social<\/span>, sino que debe construir una sociedad innovadora gracias a la participaci\u00f3n de las personas<\/span>\u201d. Por tanto no se deber\u00eda derivar a \u201c<span style=\"font-style: italic;\">hacer m\u00e1s cosas sociales de forma innovadora, sino deber\u00eda derivar a convertirse en una sociedad innovadora a trav\u00e9s de la <span style=\"font-weight: bold;\">participaci\u00f3n de la sociedad<\/span> y para la sociedad<\/span>\u201d.<\/p>\n<p style=\"text-align: justify;\">Como se puede apreciar, existen diferentes matices en la definici\u00f3n de innovaci\u00f3n social pero est\u00e1 suficientemente claro que una innovaci\u00f3n social es relevante en la medida en que se oriente a valores sociales, no solo a la productividad, la competitividad empresarial, los costes de producci\u00f3n o las tasa de mercado.<\/p>\n<p style=\"text-align: justify;\">Hablemos ahora de como <span style=\"font-weight: bold;\">medir el \u00e9xito de las innovaciones sociales<\/span>. Para este tipo de innovaciones lo decisivo es la utilizaci\u00f3n efectiva y continuada o, en t\u00e9rminos m\u00e1s generales, la apropiaci\u00f3n social, que siempre se manifiesta en el uso. As\u00ed que, dichas innovaciones deben medir el grado de satisfacci\u00f3n de dichos valores sociales (culturales, art\u00edsticos, etc.) El \u00e9xito de un proceso de innovaci\u00f3n social ha de ser medido en funci\u00f3n del grado de aceptaci\u00f3n social. Esto, seg\u00fan el investigador profesor del <span style=\"color: #445566;\">CSIC <\/span><span style=\"color: #445566;\">Javier Echevarria<\/span>, puede hacerse mediante:<\/p>\n<ul style=\"text-align: justify;\">\n<li>Encuestas de percepci\u00f3n, actitudes y valoraci\u00f3n.<\/li>\n<li>Estudios de apropiaci\u00f3n social de dichas innovaciones que midan la integraci\u00f3n efectiva en la vida cotidiana.<\/li>\n<li>Mediante m\u00e9todos cualitativos (cuestionarios y entrevistas, etc.)<\/li>\n<li>Mediante estudios comparativos del grado de apropiaci\u00f3n de las innovaciones sociales a lo largo del tiempo.<\/li>\n<\/ul>\n<p style=\"text-align: justify;\">Seguimos hablando sobre innovaci\u00f3n, empresarial y social. \u00bfQu\u00e9 os sugiere a vosotros la innovaci\u00f3n social? \u00bfCu\u00e1l es vuestra opni\u00f3n?<\/p>\n","protected":false},"excerpt":{"rendered":"<p>Innovaci\u00f3n Social: Motor de Igualdad Hoy en un acto del programa \u201cProni\u00f1o\u201d financiado por la Fundaci\u00f3n de una gran empresa espa\u00f1ola diversos personajes hicieron unos comentarios sobre la innovaci\u00f3n social, que ahora comparto con todos vosotros, relacionados con la\u00a0innovaci\u00f3n social y desarrollo social: Mohammad Yunus, Premio Nobel de la Paz y creador de los microcr\u00e9ditos, [&hellip;]<\/p>\n","protected":false},"author":1,"featured_media":0,"parent":338,"menu_order":0,"comment_status":"open","ping_status":"open","template":"","meta":{"footnotes":""},"class_list":["post-356","page","type-page","status-publish","hentry"],"_links":{"self":[{"href":"https:\/\/donoso.es\/index.php?rest_route=\/wp\/v2\/pages\/356","targetHints":{"allow":["GET"]}}],"collection":[{"href":"https:\/\/donoso.es\/index.php?rest_route=\/wp\/v2\/pages"}],"about":[{"href":"https:\/\/donoso.es\/index.php?rest_route=\/wp\/v2\/types\/page"}],"author":[{"embeddable":true,"href":"https:\/\/donoso.es\/index.php?rest_route=\/wp\/v2\/users\/1"}],"replies":[{"embeddable":true,"href":"https:\/\/donoso.es\/index.php?rest_route=%2Fwp%2Fv2%2Fcomments&post=356"}],"version-history":[{"count":3,"href":"https:\/\/donoso.es\/index.php?rest_route=\/wp\/v2\/pages\/356\/revisions"}],"predecessor-version":[{"id":1293,"href":"https:\/\/donoso.es\/index.php?rest_route=\/wp\/v2\/pages\/356\/revisions\/1293"}],"up":[{"embeddable":true,"href":"https:\/\/donoso.es\/index.php?rest_route=\/wp\/v2\/pages\/338"}],"wp:attachment":[{"href":"https:\/\/donoso.es\/index.php?rest_route=%2Fwp%2Fv2%2Fmedia&parent=356"}],"curies":[{"name":"wp","href":"https:\/\/api.w.org\/{rel}","templated":true}]}}