{"id":53,"date":"2009-03-07T16:51:36","date_gmt":"2009-03-07T21:51:36","guid":{"rendered":"http:\/\/granatula.net\/donoso.es\/?page_id=53"},"modified":"2011-10-29T18:37:02","modified_gmt":"2011-10-29T16:37:02","slug":"mi-pueblo","status":"publish","type":"page","link":"https:\/\/donoso.es\/?page_id=53","title":{"rendered":"Mi pueblo"},"content":{"rendered":"<p style=\"text-align: justify;\"><img loading=\"lazy\" decoding=\"async\" class=\"alignright size-full wp-image-68\" src=\"http:\/\/donoso.es\/wp-content\/uploads\/2009\/03\/arco.jpg\" alt=\"\" width=\"325\" height=\"600\" srcset=\"https:\/\/donoso.es\/wp-content\/uploads\/2009\/03\/arco.jpg 325w, https:\/\/donoso.es\/wp-content\/uploads\/2009\/03\/arco-162x300.jpg 162w\" sizes=\"auto, (max-width: 325px) 100vw, 325px\" \/><\/p>\n<div><\/div>\n<p style=\"text-align: justify;\">En la llanura manchega donde el terreno volc\u00e1nico se adue\u00f1a del paisaje hay un peque\u00f1o pueblo con nombre de lengua extra\u00f1a, Gran\u00e1tula, y apellido de la orden de caballer\u00eda due\u00f1a de toda ella tiempo atr\u00e1s, Calatrava. Villa por orden real y origen de mi familia y parte de mi vida y de la forja que toda persona recibe en su infancia.Pueblo rural, b\u00e1sicamente agr\u00edcola, alejado del desarrollo pero con una gran histor\u00eda que nace y se puede comprobar en las distintas excavaciones arqueol\u00f3gicas como las de la Encantada de la Edad de Bronce o en Oreto, ciudad romana, o en el cerro de los Obispos donde fueron encontradas las l\u00e1pidas funerarias del obispado visigodo. Actualmente necesidada de un desarrollo econ\u00f3mico que no gire entorno a la agricultura y que permita a los m\u00e1s j\u00f3venes\u00a0realizar sus proyectos de vida en el pueblo sin tener que emigrar a la capital por motivos econ\u00f3micos, laborales, etc.<\/p>\n<p style=\"text-align: justify;\">Deseo que estas palabras\u00a0le hagan retroceder con la imaginaci\u00f3n al mundo de una poblaci\u00f3n que surge de las entra\u00f1as de la tierra cual colada volc\u00e1nica quedando plasmada en cerros, maares, cr\u00e1teres y fumarolas. Evocar como fueron aposent\u00e1ndose moradores en el cerro de los Castillejos y tambi\u00e9n alrededor de la laguna de Valdele\u00f3n; como rend\u00edan culto a sus dioses; y como llegaba m\u00e1s gente procedente de otras culturas: visigoda, germana, romana. Imaginar la ciudad\u00a0 de Oreto anclada en la falda del Jabal\u00f3n floreciendo al igual que sus vegas y asistir a los Concilios de Toledo conjuntamente con sus obispos. Adoptar la cultura sarracena y descansar en sus ba\u00f1os. Renacer de las cenizas en Zuqueca cual ave F\u00e9nix. Cabalgar por su valles y lomas con el escudo en el pecho de una cruz con las puntas en forma de flor de lis. Cumplir el sue\u00f1o de sus habitantes y convertirse en Villa independiente. Honrar y compartir el deseo del hijo de un carretero de Gran\u00e1tula que declin\u00f3 ce\u00f1irse la Corona de Espa\u00f1a y abrazar el lema de \u00abc\u00famplase la voluntad nacional\u00bb. Pasear por sus calles y sentir las noches m\u00e1gicas de verano con ese infinito cielo azul y percibir la caricia de la paz, la tranquilidad y el sosiego.<\/p>\n<p style=\"text-align: justify;\">Y de vuelta a la actualidad puede contemplarse Gran\u00e1tula de Calatrava desde Internet. Un proyecto que naci\u00f3 casi sin querer en mis manos all\u00e1 por el a\u00f1o 1998 y que fue creciendo hasta conformar lo que hoy es el grupo de p\u00e1ginas de granatula.net que puedes visitar pulsando <a href=\"http:\/\/www.granatula.net\" target=\"_new\">aqu\u00ed<\/a>.<\/p>\n","protected":false},"excerpt":{"rendered":"<p>En la llanura manchega donde el terreno volc\u00e1nico se adue\u00f1a del paisaje hay un peque\u00f1o pueblo con nombre de lengua extra\u00f1a, Gran\u00e1tula, y apellido de la orden de caballer\u00eda due\u00f1a de toda ella tiempo atr\u00e1s, Calatrava. Villa por orden real y origen de mi familia y parte de mi vida y de la forja que [&hellip;]<\/p>\n","protected":false},"author":1,"featured_media":0,"parent":2,"menu_order":0,"comment_status":"open","ping_status":"open","template":"","meta":{"footnotes":""},"class_list":["post-53","page","type-page","status-publish","hentry"],"_links":{"self":[{"href":"https:\/\/donoso.es\/index.php?rest_route=\/wp\/v2\/pages\/53","targetHints":{"allow":["GET"]}}],"collection":[{"href":"https:\/\/donoso.es\/index.php?rest_route=\/wp\/v2\/pages"}],"about":[{"href":"https:\/\/donoso.es\/index.php?rest_route=\/wp\/v2\/types\/page"}],"author":[{"embeddable":true,"href":"https:\/\/donoso.es\/index.php?rest_route=\/wp\/v2\/users\/1"}],"replies":[{"embeddable":true,"href":"https:\/\/donoso.es\/index.php?rest_route=%2Fwp%2Fv2%2Fcomments&post=53"}],"version-history":[{"count":20,"href":"https:\/\/donoso.es\/index.php?rest_route=\/wp\/v2\/pages\/53\/revisions"}],"predecessor-version":[{"id":708,"href":"https:\/\/donoso.es\/index.php?rest_route=\/wp\/v2\/pages\/53\/revisions\/708"}],"up":[{"embeddable":true,"href":"https:\/\/donoso.es\/index.php?rest_route=\/wp\/v2\/pages\/2"}],"wp:attachment":[{"href":"https:\/\/donoso.es\/index.php?rest_route=%2Fwp%2Fv2%2Fmedia&parent=53"}],"curies":[{"name":"wp","href":"https:\/\/api.w.org\/{rel}","templated":true}]}}