{"id":650,"date":"2011-10-29T13:27:28","date_gmt":"2011-10-29T11:27:28","guid":{"rendered":"http:\/\/www.donoso.es\/?page_id=650"},"modified":"2011-10-29T13:29:04","modified_gmt":"2011-10-29T11:29:04","slug":"%c2%bfpoliticamente-incorrecto","status":"publish","type":"page","link":"https:\/\/donoso.es\/?page_id=650","title":{"rendered":"\u00bfPol\u00edticamente incorrecto?"},"content":{"rendered":"<p style=\"text-align: justify;\">Esta secci\u00f3n la he denominado Pol\u00edticamente Incorrecto. Y me preguntar\u00e9is \u00bfpor qu\u00e9? A decir verdad estaba intentando ordenar la p\u00e1gina web y me encontr\u00e9 con una serie de art\u00edculos que hab\u00eda ido escribiendo y que no ten\u00edan un origen com\u00fan, pero si que compart\u00edan expresar aquellas ideas y pensamientos sobre distintos temas, que pudieran en alg\u00fan caso crear una cierta pol\u00e9mica.<\/p>\n<p>Os animo a leerlos:<\/p>\n<p>[summarize]<\/p>\n","protected":false},"excerpt":{"rendered":"<p>Esta secci\u00f3n la he denominado Pol\u00edticamente Incorrecto. Y me preguntar\u00e9is \u00bfpor qu\u00e9? A decir verdad estaba intentando ordenar la p\u00e1gina web y me encontr\u00e9 con una serie de art\u00edculos que hab\u00eda ido escribiendo y que no ten\u00edan un origen com\u00fan, pero si que compart\u00edan expresar aquellas ideas y pensamientos sobre distintos temas, que pudieran en [&hellip;]<\/p>\n","protected":false},"author":1,"featured_media":0,"parent":0,"menu_order":4,"comment_status":"open","ping_status":"open","template":"","meta":{"footnotes":""},"class_list":["post-650","page","type-page","status-publish","hentry"],"_links":{"self":[{"href":"https:\/\/donoso.es\/index.php?rest_route=\/wp\/v2\/pages\/650","targetHints":{"allow":["GET"]}}],"collection":[{"href":"https:\/\/donoso.es\/index.php?rest_route=\/wp\/v2\/pages"}],"about":[{"href":"https:\/\/donoso.es\/index.php?rest_route=\/wp\/v2\/types\/page"}],"author":[{"embeddable":true,"href":"https:\/\/donoso.es\/index.php?rest_route=\/wp\/v2\/users\/1"}],"replies":[{"embeddable":true,"href":"https:\/\/donoso.es\/index.php?rest_route=%2Fwp%2Fv2%2Fcomments&post=650"}],"version-history":[{"count":4,"href":"https:\/\/donoso.es\/index.php?rest_route=\/wp\/v2\/pages\/650\/revisions"}],"predecessor-version":[{"id":652,"href":"https:\/\/donoso.es\/index.php?rest_route=\/wp\/v2\/pages\/650\/revisions\/652"}],"wp:attachment":[{"href":"https:\/\/donoso.es\/index.php?rest_route=%2Fwp%2Fv2%2Fmedia&parent=650"}],"curies":[{"name":"wp","href":"https:\/\/api.w.org\/{rel}","templated":true}]}}