{"id":676,"date":"2011-10-29T13:53:54","date_gmt":"2011-10-29T11:53:54","guid":{"rendered":"http:\/\/www.donoso.es\/?page_id=676"},"modified":"2011-10-29T18:59:29","modified_gmt":"2011-10-29T16:59:29","slug":"ni-dios-sabe-donde-estan","status":"publish","type":"page","link":"https:\/\/donoso.es\/?page_id=676","title":{"rendered":"Ni Dios sabe d\u00f3nde est\u00e1n"},"content":{"rendered":"<p style=\"text-align: justify;\"><img loading=\"lazy\" decoding=\"async\" class=\"alignleft size-full wp-image-259\" title=\"Corral de Comedias de Almagro\" src=\"http:\/\/www.donoso.es\/wp-content\/uploads\/2009\/11\/corral-comedias-almagro.jpg\" alt=\"Corral de Comedias de Almagro\" width=\"397\" height=\"206\" \/>D. Pedro Mu\u00f1oz Seca, celebre autor de La venganza de D. Mendo, viv\u00eda en Madrid, en una finca de la C\/ Vel\u00e1zquez, y con pocos d\u00edas de diferencia fallecieron los porteros de dica finca, una venerable pareja de ancianos, querida y respetada por todos, fueron enterrados juntos, y uno de sus hijos, le pidi\u00f3 a Mu\u00f1oz Seca que le escribiera un epitafio para sus padres y \u00e9ste, cumpli\u00f3 el encargo y le escribi\u00f3 el siguiente verso:<\/p>\n<p style=\"text-align: justify;\">\n<p style=\"text-align: center;\">Fue tan grande su bondad<\/p>\n<p style=\"text-align: center;\">Tal su generosidad<\/p>\n<p style=\"text-align: center;\">Y la virtud de los dos<\/p>\n<p style=\"text-align: center;\">Que est\u00e1n con seguridad<\/p>\n<p style=\"text-align: center;\">En el Cielo, junto a Dios<\/p>\n<p style=\"text-align: justify;\">\n<p style=\"text-align: justify;\">En aquella \u00e9poca, los epitafios de las l\u00e1pidas deb\u00edan ser aprobados por el Obispo de la di\u00f3cesis, y el de Madrid no lo aprob\u00f3, diciendo que Mu\u00f1oz Seca no era quien para decir que los difuntos estaban en el cielo junto a Dios. Mu\u00f1oz Seca, entonces, rectific\u00f3 y escribi\u00f3 este otro epitafio:<\/p>\n<p style=\"text-align: justify;\">\n<p style=\"text-align: center;\">Fueron muy juntos los dos,<\/p>\n<p style=\"text-align: center;\">El uno del otro en pos<\/p>\n<p style=\"text-align: center;\">Donde siempre va el que muere\u2026.<\/p>\n<p style=\"text-align: center;\">Pero no est\u00e1n junto a Dios,<\/p>\n<p style=\"text-align: center;\">Porque el Obispo no quiere.<\/p>\n<p style=\"text-align: justify;\">\n<p style=\"text-align: justify;\">El obispo se enfad\u00f3 y envi\u00f3 un escrito a Mu\u00f1oz Seca:<\/p>\n<p style=\"text-align: justify;\">\n<p style=\"text-align: justify;\">\u201cNi yo ni ning\u00fan representante de la Sta. Iglesia, intervenimos para nada en el destino de los difuntos, por tratarse de un misterio inescrutable, que ni usted, a pesar de su buena voluntad, ni nosotros estamos capacitados para aclarar\u201d.<\/p>\n<p style=\"text-align: justify;\">\n<p style=\"text-align: justify;\">\n<p style=\"text-align: justify;\">Mu\u00f1oz Seca volvi\u00f3 a rectificar y escribi\u00f3 el epitafio definitivo:<\/p>\n<p style=\"text-align: justify;\">\n<p style=\"text-align: center;\">Flotando sus almas van<\/p>\n<p style=\"text-align: center;\">Por el \u00e9ter d\u00e9bilmente,<\/p>\n<p style=\"text-align: center;\">Sin saber que es lo que har\u00e1n<\/p>\n<p style=\"text-align: center;\">Porque desgraciadamente<\/p>\n<p style=\"text-align: center;\">Ni Dios sabe donde est\u00e1n.<\/p>\n<p style=\"margin-bottom: 12pt; text-align: justify;\">\u00a0<\/p>\n","protected":false},"excerpt":{"rendered":"<p>D. Pedro Mu\u00f1oz Seca, celebre autor de La venganza de D. Mendo, viv\u00eda en Madrid, en una finca de la C\/ Vel\u00e1zquez, y con pocos d\u00edas de diferencia fallecieron los porteros de dica finca, una venerable pareja de ancianos, querida y respetada por todos, fueron enterrados juntos, y uno de sus hijos, le pidi\u00f3 a [&hellip;]<\/p>\n","protected":false},"author":1,"featured_media":0,"parent":650,"menu_order":0,"comment_status":"open","ping_status":"open","template":"","meta":{"footnotes":""},"class_list":["post-676","page","type-page","status-publish","hentry"],"_links":{"self":[{"href":"https:\/\/donoso.es\/index.php?rest_route=\/wp\/v2\/pages\/676","targetHints":{"allow":["GET"]}}],"collection":[{"href":"https:\/\/donoso.es\/index.php?rest_route=\/wp\/v2\/pages"}],"about":[{"href":"https:\/\/donoso.es\/index.php?rest_route=\/wp\/v2\/types\/page"}],"author":[{"embeddable":true,"href":"https:\/\/donoso.es\/index.php?rest_route=\/wp\/v2\/users\/1"}],"replies":[{"embeddable":true,"href":"https:\/\/donoso.es\/index.php?rest_route=%2Fwp%2Fv2%2Fcomments&post=676"}],"version-history":[{"count":3,"href":"https:\/\/donoso.es\/index.php?rest_route=\/wp\/v2\/pages\/676\/revisions"}],"predecessor-version":[{"id":717,"href":"https:\/\/donoso.es\/index.php?rest_route=\/wp\/v2\/pages\/676\/revisions\/717"}],"up":[{"embeddable":true,"href":"https:\/\/donoso.es\/index.php?rest_route=\/wp\/v2\/pages\/650"}],"wp:attachment":[{"href":"https:\/\/donoso.es\/index.php?rest_route=%2Fwp%2Fv2%2Fmedia&parent=676"}],"curies":[{"name":"wp","href":"https:\/\/api.w.org\/{rel}","templated":true}]}}