{"id":678,"date":"2011-10-29T13:55:16","date_gmt":"2011-10-29T11:55:16","guid":{"rendered":"http:\/\/www.donoso.es\/?page_id=678"},"modified":"2011-10-29T13:55:16","modified_gmt":"2011-10-29T11:55:16","slug":"crisis-una-oportunidad-repleta-de-esfuerzo","status":"publish","type":"page","link":"https:\/\/donoso.es\/?page_id=678","title":{"rendered":"Crisis: Una oportunidad repleta de esfuerzo"},"content":{"rendered":"<p><img loading=\"lazy\" decoding=\"async\" src=\"http:\/\/www.donoso.es\/wp-content\/uploads\/2009\/10\/solidaridad.jpg\" alt=\"\" width=\"512\" height=\"345\" \/><\/p>\n<p>\u00a0&lt;&lt;Gandi dec\u00eda hay alimentos suficientes para todo el mundo, pero no para la avaricia de unos pocos&gt;&gt;.\u00a0 Y la avaricia es la base del sistema capitalista implantado en el mundo moderno.<\/p>\n<p>Toda crisis siempre supone un estado de shock del que, en un primer momento, parece pr\u00e1cticamente imposible salir; fase a la que seguir\u00e1 la rebeli\u00f3n contra la realidad pudiendo tomar en su salida dos caminos distintos: la resignaci\u00f3n final o la metamorfosis. Toda metamorfosis supone un tremendo esfuerzo, desarrollo, cambio; esfuerzo que no puede ser sustituido ni aminorado ya que sino el resultado no es el esperado.<\/p>\n<p>La naturaleza, de la que deber\u00edamos haber aprendido mucho m\u00e1s, nos ense\u00f1a la met\u00e1fora perfecta para quien emprende un camino de b\u00fasqueda y transformaci\u00f3n, c\u00f3mo es la existencia del gusano \/ cris\u00e1lida \/ mariposa. Un mismo ser que transita en su vida por tres estados. Toda la informaci\u00f3n gen\u00e9tica de la mariposa, con sus alas, sus colores, su posibilidad de vuelo y belleza, est\u00e1 latente en el gusano peque\u00f1o y terrenal, h\u00famedo y oscuro que se arrastra medio ciego e ignorante, quiz\u00e1s, de su destino final. Llegar\u00e1 el momento de retirarse de esa vida, de formar un capullo que lo a\u00edsle y le posibilite morir a lo que era para surgir transformado. Es un proceso que se intuye arduo, oscuro, solitario, doloroso, dif\u00edcil. Un estado plagado de incertidumbres, en los que se va tornando cierto s\u00f3lo el esperar, s\u00f3lo el buscar en uno mismo, s\u00f3lo el reconocer aquello que ya no nos sirve y que se debe abandonar.<br \/>\nSi el proceso de la cris\u00e1lida llega a buen t\u00e9rmino, otro ser, que aparenta ser de otra especie distinta y mucho m\u00e1s evolucionada al gusano original, surge radiante a la nueva vida.<\/p>\n<p>Es un camino sin atajos dif\u00edcil de comprender en la sociedad actual, en la que se tiende a eliminar el esfuerzo: aprenda en dos d\u00edas, adelgace con ejercicio pasivo, etc. Si en el camino de la metamorfosis del gusano a cris\u00e1lida se nos ocurre hacer m\u00e1s leve el esfuerzo de salida y ayudamos al gusano a salir del capullo haciendo un agujerito en el mismo para que aflore m\u00e1s f\u00e1cilmente de la c\u00e1psula, la mariposa no volar\u00e1 porque el esfuerzo de rotura y salida, extenuante, que hace el gusano para salir, es el que tambi\u00e9n hace que desarrolle sus alas, y hace que consiga la fuerza en sus m\u00fasculos necesaria para poder volar despu\u00e9s.<\/p>\n<p>La transformaci\u00f3n depende de cada uno, y en la sociedad de toda ella en su conjunto. El cambio por el cambio no sirve. Al transformarse debe reinventarse cada uno, deber\u00eda reinventarse la sociedad. El futuro ser\u00e1 una batalla entre la dualidad de la cultura y la consciencia frente a la pareja representada por el conflicto y el ego\u00edsmo. Para m\u00ed lo importante no es la realizaci\u00f3n de los deseos sino lo que los deseos hacen para que nos realicemos. El verdadero regalo que un humano puede recibir es desvelarle sus talentos y acompa\u00f1arle en el desarrollo personal. Ahora bien este pensamiento no encaja en la cultura del pelotazo y riqueza f\u00e1cil y r\u00e1pida.<\/p>\n<p>La salida de la crisis de este pa\u00eds llamado Espa\u00f1a, su futuro, pasa por la formaci\u00f3n y por la cultura del esfuerzo. Educaci\u00f3n, cultura y formaci\u00f3n, y desde luego en estos momentos no es admisible una bajada en la inversi\u00f3n en innovaci\u00f3n y desarrollo. Y la llamo inversi\u00f3n porque no es un gasto sino que, volviendo a la naturaleza, significa sembrar para recoger ma\u00f1ana.<\/p>\n<p>La salida de la crisis implica reinventarse. Espa\u00f1a tiene que saber qu\u00e9 quiere ser de mayor. EEUU y Alemania saben lo que quieren ser. Tardar\u00e1n m\u00e1s o menos en absorber la crisis pero al final por ejemplo en Detroit, y despu\u00e9s de la tremenda crisis actual de los veh\u00edculos, desarrollar\u00e1n el motor el\u00e9ctrico o el de hidr\u00f3geno y empezar\u00e1n a fabricar, cientos de miles, y saldr\u00e1n. Sin embargo \u00bfqu\u00e9 es lo que quiere ser Espa\u00f1a? Sol y Paella es una configuraci\u00f3n gastada, en declive, \u00bfqu\u00e9 queremos ser de mayores?<\/p>\n<p>Ahora que parecemos ir sin rumbo, ahora que la crisis es m\u00e1s profunda y parece que ha tocado fondo es cuando m\u00e1s valor toma esta pregunta y debe hacernos reflexionar a todos, y m\u00e1s a los que tienen en sus manos el rumbo de este barco llamado Espa\u00f1a. \u00bfQu\u00e9 queremos ser en el futuro? La Investigaci\u00f3n m\u00e1s desarrollo m\u00e1s innovaci\u00f3n no puede ir sin capit\u00e1n, sin rumbo. Si Espa\u00f1a se configura en el pasado con sol y paella poco sentido tiene el I+D+I, sobre todo si no se realiza el cambio necesario en el turismo evolucionando del mercado maduro en el que estamos, en el que adem\u00e1s hay muchos competidores esperando entrar a m\u00e1s bajo precio y con una oferta muy similar -Turqu\u00eda, norte de \u00c1frica, los pa\u00edses Balc\u00e1nicos-. Quiz\u00e1s exista un nicho en las energ\u00edas renovables donde no deber\u00edamos perder esos primeros puestos de cabeza que ahora ostentamos. El porvenir se fragua en el presente y para ello hay que trazar las l\u00edneas que llevan hacia \u00e9l, hay que trazar el rumbo con pol\u00edticas orientadas a ello.<\/p>\n<p>Pero el futuro tiene que ir por el trabajo, en esas l\u00edneas trazadas. No tiene sentido que s\u00f3lo se desarrollen las actividades subvencionadas, que s\u00ed bien pueden ser el germen para que nazca el producto, no puede permanecer invariablemente de por vida. Y tambi\u00e9n la salida de esta crisis pasa por el paso de empresarios a emprendedores sociales, no basta s\u00f3lo es crear una empresa sino que \u00e9sta debe estar inserta en el medio donde se desarrolla, que es mucho m\u00e1s que la creaci\u00f3n de recursos, de valor y compartirlos con la sociedad.<\/p>\n<p>Har\u00e1 falta por tanto solidaridad, abolir fronteras, no perder la memoria y crear las regulaciones necesarias y sobre todo dar luz a la buena gente.<\/p>\n<p>No hay vuelta atr\u00e1s, y a\u00fan el momento de la meta es lejano para muchos de nosotros. Hagamos, entonces, un coliseo de cris\u00e1lidas. Seres que habitan el misterio de la transformaci\u00f3n. Tal vez, ese proceso, ese oscuro y desconocido proceso, pura promesa de luz y vuelo, de belleza y libertad, donde uno no es lo que fue pero a\u00fan tampoco lo que puede ser, sea el acto sagrado, el verdadero arte de ofrecer la b\u00fasqueda como acto de confianza y fe en la posible evoluci\u00f3n.<\/p>\n<div><em>\u00a0<\/em><\/div>\n<div><em>\u00a0<\/em><\/div>\n<div><em>\u00a0<\/em><\/div>\n<div><em>\u00a0<\/em><\/div>\n<p>\u00a0<\/p>\n<div><em>\u00a0<\/em><\/div>\n<p>\u00a0<\/p>\n<p><em>\u00a0<\/em><\/p>\n<p><em><\/em>\u00a0<\/p>\n<h2>\u00a0<\/h2>\n","protected":false},"excerpt":{"rendered":"<p>\u00a0&lt;&lt;Gandi dec\u00eda hay alimentos suficientes para todo el mundo, pero no para la avaricia de unos pocos&gt;&gt;.\u00a0 Y la avaricia es la base del sistema capitalista implantado en el mundo moderno. Toda crisis siempre supone un estado de shock del que, en un primer momento, parece pr\u00e1cticamente imposible salir; fase a la que seguir\u00e1 la [&hellip;]<\/p>\n","protected":false},"author":1,"featured_media":0,"parent":329,"menu_order":0,"comment_status":"open","ping_status":"open","template":"","meta":{"footnotes":""},"class_list":["post-678","page","type-page","status-publish","hentry"],"_links":{"self":[{"href":"https:\/\/donoso.es\/index.php?rest_route=\/wp\/v2\/pages\/678","targetHints":{"allow":["GET"]}}],"collection":[{"href":"https:\/\/donoso.es\/index.php?rest_route=\/wp\/v2\/pages"}],"about":[{"href":"https:\/\/donoso.es\/index.php?rest_route=\/wp\/v2\/types\/page"}],"author":[{"embeddable":true,"href":"https:\/\/donoso.es\/index.php?rest_route=\/wp\/v2\/users\/1"}],"replies":[{"embeddable":true,"href":"https:\/\/donoso.es\/index.php?rest_route=%2Fwp%2Fv2%2Fcomments&post=678"}],"version-history":[{"count":1,"href":"https:\/\/donoso.es\/index.php?rest_route=\/wp\/v2\/pages\/678\/revisions"}],"predecessor-version":[{"id":679,"href":"https:\/\/donoso.es\/index.php?rest_route=\/wp\/v2\/pages\/678\/revisions\/679"}],"up":[{"embeddable":true,"href":"https:\/\/donoso.es\/index.php?rest_route=\/wp\/v2\/pages\/329"}],"wp:attachment":[{"href":"https:\/\/donoso.es\/index.php?rest_route=%2Fwp%2Fv2%2Fmedia&parent=678"}],"curies":[{"name":"wp","href":"https:\/\/api.w.org\/{rel}","templated":true}]}}