{"id":683,"date":"2011-10-29T13:59:15","date_gmt":"2011-10-29T11:59:15","guid":{"rendered":"http:\/\/www.donoso.es\/?page_id=683"},"modified":"2011-10-29T13:59:15","modified_gmt":"2011-10-29T11:59:15","slug":"crisis-economica-crisis-de-valores","status":"publish","type":"page","link":"https:\/\/donoso.es\/?page_id=683","title":{"rendered":"Crisis econ\u00f3mica, crisis de valores"},"content":{"rendered":"<p style=\"text-align: justify;\">Nada m\u00e1s cierto y nada m\u00e1s lejos de la realidad aquello tan o\u00eddo de que la crisis actual que sufre todo el mundo es financiera. La actual crisis financiera es \u00abante todo un desastre \u00e9tico\u00bb.\u00a0 El propio capitalismo ha sido desbancado y pasado por la derecha y por la izquierda, han ganado los \u201cp\u00edcaros\u00bb a causa de la falta de aplicaci\u00f3n de la regulaci\u00f3n, ya que en mi opini\u00f3n regulaci\u00f3n la hay (llegando al exceso) pero simplemente no ha sido impuesta, y la excesiva codicia. El ex director general del Fondo Monetario Internacional (FMI) Michel Camdessus situ\u00f3 el final del t\u00fanel en la \u00abrecuperaci\u00f3n de los valores \u00e9ticos\u00bb de la econom\u00eda, cosa que comparto plenamente.<\/p>\n<p style=\"text-align: justify;\">\u00a0<\/p>\n<p style=\"text-align: justify;\">Hace unos d\u00edas escuch\u00e9 al Presidente de la Rep\u00fablica Dominicana D. Leonel Fern\u00e1ndez entiende que esa crisis financiera se origin\u00f3 por la especulaci\u00f3n, falta de supervisi\u00f3n, la no utilizaci\u00f3n de normas contables, firma fraudulenta de auditor\u00edas, de agencias calificadoras de riesgos, que en el fondo dan una crisis de podredumbre en el sistema. Dijo que en el fondo ahora los pa\u00edses desarrollados piden m\u00e1s supervisi\u00f3n, m\u00e1s transparencia y regulaci\u00f3n, pero resulta que hay m\u00e1s pobres y m\u00e1s desorientados, producto de la avaricia y codicia, de acumulaci\u00f3n de riquezas, y lo \u00fanico que puede salvar la situaci\u00f3n es\u00a0 retornar a los valores \u00e9ticos.<\/p>\n<p style=\"text-align: justify;\">\u00a0<\/p>\n<p style=\"text-align: justify;\">Pero aunque pueda compartir alguno de los puntos creo que se est\u00e1 olvidando el origen real de la situaci\u00f3n actual. Si se me permite es como al enfermo de c\u00e1ncer al cu\u00e1l se le administra medicina para que no tenga dolor de cabeza; \u00bfle enfermedad es el dolor de cabeza o el c\u00e1ncer? El problema real reside en el sistema econ\u00f3mico actual, que hace mucho tiempo dej\u00f3 de ser capitalismo y que se ha convertido en el sistema de m\u00e1s y m\u00e1s, en el sistema de la exhuberancia irracional (como afirm\u00f3 el Presidente de la Reserva Federal Americana, D. Alan Greenspan) y del crecimiento desmedido en todo con cantos de sirena a los que el ilustre caballero Don Quijote llamar\u00eda necedad caballeresca. Y explicar\u00e9 punto por punto mi razonamiento:<\/p>\n<p style=\"text-align: justify;\">\u00a0<\/p>\n<p style=\"text-align: justify;\">1. El capitalismo simplemente no existe. Palabra compuesta de capital e ismo, con significado por tanto de exaltaci\u00f3n del capital. Desde cuando cuando se exalta algo se le degrada hasta que no tiene valor. S\u00ed, el capital, el dinero es un bien que no vale nada y la prueba m\u00e1s palpable es que los bancos centrales de todo el mundo lo \u00fanico que han sabido hacer es bajar los tipos de inter\u00e9s a cero. Bien pues si el capital es algo gratuito el capitalismo ha desaparecido. Y si es gratuito p\u00f3ngame m\u00e1s y m\u00e1s.<\/p>\n<p style=\"text-align: justify;\">\u00a0<\/p>\n<p style=\"text-align: justify;\">\u00a0<\/p>\n<p style=\"text-align: justify;\">2. La \u00e9poca de la sostenibilidad. Sostenibilidad econ\u00f3mica, medioambiental\u2026 Punto que creo que es el \u00fanico real. Pero \u00bfa qui\u00e9n queremos enga\u00f1ar? \u00bfC\u00f3mo puede sostenerse algo que se basa en el continuo crecimiento? Creemos en un mundo sostenible cuando el sistema que est\u00e1 por debajo, este neocapitalismo rebasado, sobre el que se sustenta todo, se basa en el crecimiento constante para conseguir el equilibrio, se basa en un crecimiento desmedido, exponencial, desproporcionado. S\u00ed en todo y en todos. Crecimiento en las personas que cotizan para sustentar el sistema de pensiones. Consumismo exhacerbado para poder mantener el nivel de vida, el incremento de la productividad basado en producir m\u00e1s y m\u00e1s cosas, tengan sentido o no siempre y cuando se vendan. Esto es lo que yo denomino sistema de neocapitalismo rebasado, que sustenta su permanencia en el\u00a0 crecimiento constante y exponencial de la masa monetaria. Analicemos estos puntos con detalle.<\/p>\n<p style=\"text-align: justify;\">\u00a0<\/p>\n<p style=\"text-align: justify;\">3. Consumismo \u00bfSobre qu\u00e9 base se ha sostenido el consumo? Su est\u00edmulo se ha apoyado en una pr\u00e1ctica cotidiana cada vez m\u00e1s generalizada e impensada en el pasado: el endeudamiento. Esta pr\u00e1ctica ha significado un cambio en la percepci\u00f3n del acto de endeudarse posibilitado por las facilidades y porque el capital era gratuito, \u00bflo recuerdan, verdad? En otras palabras, el consumo se ha asentado sobre un espejismo: la posibilidad de cr\u00e9dito infinito. Y, por supuesto, ha ido en detrimento de un viejo valor: el ahorro, que habr\u00eda servido en estos momentos dif\u00edciles. De hecho, a mitad de los a\u00f1os ochenta la tasa de ahorro era cercana al 10%; recientemente ha sido menor del 2% e incluso negativa. Se estima que en este pa\u00eds cada hogar tiene un promedio de ocho tarjetas de cr\u00e9dito, lo cual permite gastar mucho, much\u00edsimo m\u00e1s de lo que se tiene o puede. Parece que estas pautas de conducta avanzan hacia la crisis.<\/p>\n<p style=\"text-align: justify;\">\u00a0<\/p>\n<p style=\"text-align: justify;\">Estos patrones consumistas forman parte de una serie de pr\u00e1cticas socio-culturales que han exportado a todo el mundo a partir de los Estados Unidos. Desde el soci\u00f3logo Thorstein Veblen (1857-1929) muchos autores han estudiado el papel del consumo como indicador de posici\u00f3n social. La particularidad es que ya no se persigue tanto estar a la altura de los vecinos (la vieja frase: <em>keeping up with the Joneses<\/em>), sino que hay una nueva versi\u00f3n en que los referentes de consumo no los fijan aquellos \u2013los vecinos\u2013, sino gente con ingresos muy superiores. Hay que estar a la altura de la gente de la Moraleja, Las Rozas o Pozuelo, hay que tener un chalet \u201cendosado\u201d, perd\u00f3n adosado (en que estar\u00eda pensando, quiz\u00e1s en la forma en la que se financia, hipoteca m\u00e1s all\u00e1 de la jubilaci\u00f3n, o quiz\u00e1s en la construcci\u00f3n de endoso de los chalet -150 metros cuadrados en 5 plantas-). Esta es la base de la nueva cultura de consumo: se aspira a consumir bienes, a tener estilos de vida, que se sit\u00faan por encima de la posici\u00f3n social. En estas circunstancias y con aspiraciones por encima de lo posible la gente aunque tenga m\u00e1s bienes de consumo siempre se va a sentir pobre e insatisfecha.<\/p>\n<p style=\"text-align: justify;\">\u00a0<\/p>\n<p style=\"text-align: justify;\">La satisfacci\u00f3n depende cada vez m\u00e1s de expectativas configuradas socialmente y no de lo que se tiene en t\u00e9rminos absolutos. Un tema que dominar\u00e1 sin duda el debate futuro. \u00bfNo ser\u00eda ideal llegar a niveles de consumo funcionales para la econom\u00eda, el ambiente y las posibilidades verdaderas de las personas?<\/p>\n<p style=\"text-align: justify;\">\u00a0<\/p>\n<p style=\"text-align: justify;\">3. \u00a1Se nos rompi\u00f3 la vara de medir! El papel del dinero qued\u00f3 sin validez, s\u00ed esa vara de medida que ahora a toda costa se trata de recuperar. Pero c\u00f3mo iban a fiarse unos bancos de otros y a prestarse dinero si precisamente no sab\u00edan lo que se estaban intercambiando. Nuestro ilustre Quevedo dec\u00eda que no hay nada m\u00e1s necio que considerar valor igual a precio. Ilusi\u00f3n de riqueza sin embargo alojada en toda la sociedad. Me explico, si una persona trabajando en su vida es capaz de comprar un piso (medio de 80 metros cuadrados en una zona m\u00e1s o menos acomodada), un veh\u00edculo y disfrutar de unas vacaciones al a\u00f1o adem\u00e1s de vivir dignamente y al final contar con una pensi\u00f3n que le permite vivir qu\u00e9 m\u00e1s da que el precio de todo eso sea 800.000\u20ac o 8 millones de euros. El valor de lo que ha generado en toda su vida ha sido eso, el piso, etc. y el precio es s\u00f3lo la expresi\u00f3n de la vara de medir ese valor. Pues bien, y en esto hay que cargar las tintan en los bancos centrales y el los pol\u00edticos que no es que hayan permitido sino que han sido los generadores del crecimiento constante y exponencial de la masa monetaria en manos del p\u00fablico (con crecimientos del 11% en un mes como en julio de 2007 seg\u00fan los datos del BCE), resulta que depende del momento el metro que se ha estado usando unas veces mide 80 cm y otras veces 350cm (elevaci\u00f3n del precio de los pisos m\u00e1s de 5 veces, o incremento del precio de valor de las punto .com en cifras que mi memoria ha decidido borrar). Pero \u00bfa qui\u00e9n enga\u00f1amos? Cueste lo que cueste en t\u00e9rminos monetarios el valor que he sido capaz de generar con mi vida laboral ha sido el del piso ni m\u00e1s ni menos, y pese a que me cueste decirlo, sigo siendo igual de pobre antes que ahora, no he enriquecido porque el precio creciera exponencialmente fuera de toda l\u00f3gica que no est\u00e9 basada en el incremento de la productividad.<\/p>\n<p style=\"text-align: justify;\">\u00a0<\/p>\n<p style=\"text-align: justify;\">Y de tanto usar el metro, result\u00f3 que hemos construido un rascacielos, eso s\u00ed, los pilares de un metro en unos casos miden 80cm y en otros 320cm. \u00a1Qu\u00e9 raro que se haya ca\u00eddo!<\/p>\n<p style=\"text-align: justify;\">\u00a0<\/p>\n<p style=\"text-align: justify;\">4. En el grupo de amigos he escuchado aquello de los bancos prestan mi dinero y resulta que a m\u00ed no me dan nada y ellos cobran \u201clo que no est\u00e1 escrito\u201d. Mi respuesta siempre sembraba a\u00fan m\u00e1s duda: \u00a1Pero no sabes lo peor, es que los bancos no est\u00e1n prestando tu dinero, ni el m\u00edo, directamente est\u00e1n imprimiendo los billetes (generando el dinero) que es el que prestan\u2026 les sale gratis! Si el dinero se crea a partir del endeudamiento, cada vez que alguien pide un pr\u00e9stamo ese dinero se genera. Pero \u00fanicamente el dinero no los intereses. Entonces alguien podr\u00eda preguntarse \u00bfpero\u2026 si resulta que el dinero que hay en circulaci\u00f3n se corresponde con la deuda y no incluye los intereses; si tuvi\u00e9ramos que devolver todos los pr\u00e9stamos ahora no habr\u00eda suficiente dinero para hacerlo? Efectivamente no lo habr\u00eda. Pero no hay problema porque el sistema seguir\u00e1 prestando m\u00e1s y m\u00e1s de forma que el nuevo pr\u00e9stamo cubra las necesidades de dinero anteriores. Claro que esto no les suena a las llamadas \u201cestafas piramidales\u201d en el que el los intereses al inversor antiguo se devuelve con las nuevas aportaciones de los nuevos inversores.<\/p>\n<p style=\"text-align: justify;\">\u00a0<\/p>\n<p style=\"text-align: justify;\">5. Alguien puede decirme entonces que este sistema no ha quebrado. Si que ha quebrado y por eso todos los pol\u00edticos se afanan en cubrir el agujero, sea como sea, para que la pir\u00e1mide siga creciendo, no se vaya a caer y la momia quede al descubierto.<\/p>\n<p style=\"text-align: justify;\">\u00a0<\/p>\n<p style=\"text-align: justify;\">La creaci\u00f3n del dinero debe cambiar, s\u00ed no puede ser el endeudamiento quien genere dinero. Debe atarse o ligarse la creaci\u00f3n de dinero al incremento del valor de la producci\u00f3n de un pa\u00eds o zona, lo que en definitiva llevar\u00eda a que el dinero nuevo creado depende del incremento de la productividad. Una propuesta ser\u00eda que el dinero se crease a partir de la infraestructura p\u00fablica de forma que el valor de la inversi\u00f3n de ese pa\u00eds, de su capacidad de generar riqueza para todos, sea determinante.<\/p>\n<p style=\"text-align: justify;\">\u00a0<\/p>\n<p style=\"text-align: justify;\">6. En una conferencia escuch\u00e9 algo que me dej\u00f3 muy preocupado, que hab\u00edan desaparecido los valores de los dos grupos que podr\u00edamos llamar republicano y b\u00edblico &#8211; religiosos y su reemplazo por los valores de libertad, \u00e9xito personal y logro econ\u00f3mico. No ser\u00e9 yo quien califique el actual modelo y si estos valores son mejores o peores, quiz\u00e1s porque no ser\u00eda capaz de hacerlo. Pero s\u00ed que los desmenuzar\u00e9 porque si que creo que el actual sistema econ\u00f3mico responde a estos valores. El modelo que tenemos est\u00e1 basado en libertad, \u00e9xito y logro econ\u00f3mico entendiendo por cada una de estas caracter\u00edsticas que hago lo que quiero, vivo en mi mundo, intento estar en la clase social de arriba y por supuesto el dinero es lo que vale y es resto es filfa. Y se basa en la libertad, o eso al menos\u00a0 se defiende, porque cada uno hace lo que quiere, estando en la sociedad siempre y cuando suponga no signifique un lastre para el desarrollo propio. En fin\u2026 podemos criticarlo o no pero lo que no podemos pasar por alto es que es el modelo que hay actualmente, y poco importa si nos gusta o no, \u00a0tiene su refrendo en el modelo econ\u00f3mico que sigue aplic\u00e1ndose. Y s\u00ed el modelo econ\u00f3mico actual est\u00e1 en crisis desde mi punto de vista lo que est\u00e1 en crisis es algo superior como son los valores sobre los que se sustenta.<\/p>\n","protected":false},"excerpt":{"rendered":"<p>Nada m\u00e1s cierto y nada m\u00e1s lejos de la realidad aquello tan o\u00eddo de que la crisis actual que sufre todo el mundo es financiera. La actual crisis financiera es \u00abante todo un desastre \u00e9tico\u00bb.\u00a0 El propio capitalismo ha sido desbancado y pasado por la derecha y por la izquierda, han ganado los \u201cp\u00edcaros\u00bb a [&hellip;]<\/p>\n","protected":false},"author":1,"featured_media":0,"parent":329,"menu_order":0,"comment_status":"open","ping_status":"open","template":"","meta":{"footnotes":""},"class_list":["post-683","page","type-page","status-publish","hentry"],"_links":{"self":[{"href":"https:\/\/donoso.es\/index.php?rest_route=\/wp\/v2\/pages\/683","targetHints":{"allow":["GET"]}}],"collection":[{"href":"https:\/\/donoso.es\/index.php?rest_route=\/wp\/v2\/pages"}],"about":[{"href":"https:\/\/donoso.es\/index.php?rest_route=\/wp\/v2\/types\/page"}],"author":[{"embeddable":true,"href":"https:\/\/donoso.es\/index.php?rest_route=\/wp\/v2\/users\/1"}],"replies":[{"embeddable":true,"href":"https:\/\/donoso.es\/index.php?rest_route=%2Fwp%2Fv2%2Fcomments&post=683"}],"version-history":[{"count":1,"href":"https:\/\/donoso.es\/index.php?rest_route=\/wp\/v2\/pages\/683\/revisions"}],"predecessor-version":[{"id":684,"href":"https:\/\/donoso.es\/index.php?rest_route=\/wp\/v2\/pages\/683\/revisions\/684"}],"up":[{"embeddable":true,"href":"https:\/\/donoso.es\/index.php?rest_route=\/wp\/v2\/pages\/329"}],"wp:attachment":[{"href":"https:\/\/donoso.es\/index.php?rest_route=%2Fwp%2Fv2%2Fmedia&parent=683"}],"curies":[{"name":"wp","href":"https:\/\/api.w.org\/{rel}","templated":true}]}}