{"id":687,"date":"2011-10-29T14:04:39","date_gmt":"2011-10-29T12:04:39","guid":{"rendered":"http:\/\/www.donoso.es\/?page_id=687"},"modified":"2011-10-29T14:05:15","modified_gmt":"2011-10-29T12:05:15","slug":"crisis-economia-1-%c2%bfcrisis-del-mercado-%c2%bfcrisis-del-capitalismo","status":"publish","type":"page","link":"https:\/\/donoso.es\/?page_id=687","title":{"rendered":"Crisis Economia 1: \u00bfCrisis del mercado? \u00bfCrisis del capitalismo?"},"content":{"rendered":"<p style=\"text-align: justify;\">A menudo quienes aspiran o activamente se esfuerzan en construir \u201cotra econom\u00eda\u201d \u2013m\u00e1s justa, solidaria, no capitalista-, tienden a observar la econom\u00eda dominante como experimentando una crisis profunda, y esperan que de alg\u00fan modo sobrevenga un colapso, una demolici\u00f3n, una paralizaci\u00f3n del mercado, por efecto de su propio peso, de sus contradicciones internas, de sus crisis. Se piensa que cuando ocurra el colapso del mercado ser\u00e1 el momento de \u201cotra econom\u00eda\u201d. En presencia de lo que parece ser hoy el comienzo de una \u201cgran crisis\u201d econ\u00f3mica, muchos anuncian que est\u00e1 a punto de verificarse el fin del capitalismo y, por tanto, que se abre la oportunidad para que la \u201cotra econom\u00eda\u201d se despliegue como la gran soluci\u00f3n.<\/p>\n<p style=\"text-align: justify;\">M\u00e1s all\u00e1 de que palabras como \u201cderrumbe\u201d o \u201ccolapso\u201d, aplicadas a la econom\u00eda son solamente met\u00e1foras. El mercado no se detiene, no deja de funcionar, no se derrumba (a menos que sobrevenga una cat\u00e1strofe que destruya la vida social, por causas ex\u00f3genas al mercado como tal), por m\u00e1s que experimente crisis financieras y econ\u00f3micas de considerable envergadura. Porque el mercado es la interacci\u00f3n y la coordinaci\u00f3n de las decisiones de producci\u00f3n, distribuci\u00f3n y consumo que efect\u00faan permanentemente los seres humanos y sus organizaciones. Desde que existen, y mientras existan seres humanos y organizaciones, ha habido y habr\u00e1 intercambios entre ellos, y el mercado seguir\u00e1 funcionando.<\/p>\n<p style=\"text-align: justify;\">El mercado es un ser vivo y c\u00f3mo tal experimenta transformaciones que pueden ser muy profundas, estructurales (como se acostumbra decir). Las transformaciones m\u00e1s importantes y profundas, las experimenta el mercado cuando ocurren en la sociedad fen\u00f3menos que impactan profundamente la vida colectiva, tales como guerras (de las que hay que decir por macabro que parezca que siempre han sido motivo de desarrollo econ\u00f3mico y social), devastaciones naturales, descubrimientos o conquistas de nuevos territorios, innovaciones tecnol\u00f3gicas de alto impacto, incorporaci\u00f3n o agotamiento de importantes fuentes de energ\u00eda, revoluciones sociales, instauraci\u00f3n de un nuevo sistema pol\u00edtico, etc. En tal sentido, es esencial comprender que el mercado se encuentra determinado, que no existe en s\u00ed mismo, que no funciona exclusivamente en base a sus propias din\u00e1micas internas. El mercado es siempre un \u201cmercado determinado\u201d. En tal sentido, no puede descartarse que el mercado llegue a colapsar, hundiendo a las sociedades en un abismo de decadencia catastr\u00f3fica; pero ello no puede ocurrir por causas inherentes al funcionamiento del mercado mismo, sino por impactos ex\u00f3genos.<\/p>\n<p style=\"text-align: justify;\">No obstante lo anterior, debe reconocerse que el mercado es capaz de resistir impactos ex\u00f3genos muy fuertes, frente a los cuales reacciona conforme a sus propias din\u00e1micas internas. Una guerra mundial o una guerra civil pueden alterar dr\u00e1sticamente la conformaci\u00f3n del mercado y la participaci\u00f3n en \u00e9l de los sujetos, pero el mercado sigue funcionando en esos contextos modificados. El mercado sigue funcionando y reacciona con sus propias racionalidades cuando se producen cat\u00e1strofes naturales, cambios tecnol\u00f3gicos, disminuci\u00f3n de los recursos y fuentes de energ\u00eda, etc.<\/p>\n<p style=\"text-align: justify;\">Las din\u00e1micas internas del mercado, en el sentido de sus ciclos, sus crisis y sus fases de expansi\u00f3n, los fen\u00f3menos de inflaci\u00f3n y crecimiento, estancamiento o depresi\u00f3n, sus cambios a nivel de los sistemas e instituciones monetarias y financieras, sus procesos de concentraci\u00f3n y distribuci\u00f3n de la riqueza, son din\u00e1micas que pueden impactar muy hondamente el funcionamiento de la producci\u00f3n, la distribuci\u00f3n de la riqueza, los niveles de consumo y los ritmos de crecimiento. Pero por s\u00ed mismas, tales din\u00e1micas no conducen a una interrupci\u00f3n del funcionamiento del mercado, no lo detienen, no lo hacen colapsar en el sentido de un edificio que se cae y del que s\u00f3lo quedan escombros que recoger. Los cambios y las crisis m\u00e1s hondas que puede experimentar el mercado como efecto de sus propios desequilibrios y \u201ccontradicciones\u201d no llevan a que el mercado como tal desaparezca ni deje de funcionar, aunque ciertamente podr\u00e1n afectar muy seriamente los niveles riqueza y pobreza y condiciones de vida de las personas, las organizaciones y empresas, los pueblos, las naciones y los estados.<\/p>\n<p style=\"text-align: justify;\">El mercado en su funcionamiento interno puede marginar e incluso expulsar a determinados sujetos que participan en \u00e9l. Es m\u00e1s comparto el pensamiento sociol\u00f3gico de Bauman que nos lleva al final a la conclusi\u00f3n de que los pobres son da\u00f1os colaterales (como eufem\u00edsticamente se dice ahora) del sistema; sin pobres no hay clase media que fundamenta el capitalismo. De hecho, en el mercado las m\u00e1s grandes e importantes empresas pueden caer en bancarrota, los pa\u00edses m\u00e1s ricos pueden entrar en decadencia, otros pueden entrar en situaciones de gran pobreza y miseria, y much\u00edsimas personas pueden perder todos sus bienes y recursos. Pero lo m\u00e1s seguro es que el mercado siga funcionando, con nuevos, con distintos, e incluso con menos integrantes; pero se ve menos afectado de lo que se cree, por lo que ocurra a tales o cuales individuos, a tales o cuales grandes empresas, a tales o cuales pa\u00edses.<\/p>\n<p style=\"text-align: justify;\">En el mercado participan de hecho todos los sujetos, individuales y colectivos, todas las organizaciones e instituciones, todos los Estados y las comunidades, todos los pa\u00edses y las regiones. La participaci\u00f3n de cada uno de estos sujetos, sin embargo, puede ser y de hecho es muy diferenciada, en cuanto unos participan m\u00e1s y otros menos, pero todos los sujetos fundamentan el sistema. Es m\u00e1s por duro que parezca el estado del bienestar es base y pilar del sistema capitalismo manteniendo los \u201cda\u00f1os colaterales\u201d dentro de unos par\u00e1metros aceptables por la sociedad, formando parte de este sistema las Organizaciones No Gubernamentales, Tercer Sector, etc. como guardianes para que la pobreza no se extienda dentro del sistema como un c\u00e1ncer.<\/p>\n<p style=\"text-align: justify;\">Alguien (un sujeto individual o colectivo de cualquier nivel que sea, incluido un pa\u00eds, o un grupo de pa\u00edses de una regi\u00f3n del mundo) podr\u00eda \u201csalirse\u201d del mercado y seguir subsistiendo, pero ello implica dos condiciones b\u00e1sicas. Una, que se haga totalmente autosuficiente en el sentido de ser capaz de proveerse de todos los bienes y servicios que necesita; y dos, que limite sus necesidades exclusivamente a aquellas respecto de las cuales puede proveerse aut\u00f3nomamente de lo indispensable para satisfacerlas. Condiciones \u00e9stas que, si bien se las examina, implican sacrificios extremos para quienes intenten cumplirlas. \u201cOtra econom\u00eda\u201d que quiera hacerse independiente de las din\u00e1micas del mercado, deber\u00e1 asumir los costos que ello implica, y entre sus participantes deber\u00e1 construir su propio mercado, acentuando las interacciones e intercambios entre quienes la integran. En tales intercambios entre sus integrantes, como tambi\u00e9n en los intercambios que estos establezcan con los del mercado general, podr\u00e1 manifestarse la racionalidad diferente que las caracteriza, en cuanto act\u00faen y se relacionen manteniendo sus principios, sus valores, su \u00e9tica y sus modos propios de comportarse. Esto vale tambi\u00e9n para pa\u00edses completos que pretendan independizarse del mercado y de su crisis, e incluso para grupos de pa\u00edses de una entera regi\u00f3n.<\/p>\n<p style=\"text-align: justify;\"><span style=\"text-decoration: underline;\">Profundizando en las causas de la crisis financiera global <\/span><\/p>\n<p style=\"text-align: justify;\">La actual crisis financiera est\u00e1 siendo entendida \u2013en lo esencial- como efecto de una exagerada expansi\u00f3n del endeudamiento (especialmente de los mutuos hipotecarios, pero no s\u00f3lo de estos), que ha dado lugar a un r\u00e1pido incremento de la insolvencia y los incumplimientos de los deudores. Se acumulan de este modo en los bancos y entidades crediticias, t\u00edtulos de deuda que carecen de valor, o que lo pierden en proporciones significativas. Se genera en consecuencia una p\u00e9rdida de activos (o de valor) de los bancos y acreedores en general, que provoca la desconfianza de los inversionistas y tenedores de t\u00edtulos, bonos y acciones, que se apresuran en deshacerse de estos papeles amenazados, y buscan refugio en activos que les proporcionen mayor seguridad. Con todo ello disminuye la capacidad de dar y de recibir cr\u00e9ditos, lo cual se traduce en contracci\u00f3n econ\u00f3mica y recesi\u00f3n.<\/p>\n<p style=\"text-align: justify;\">As\u00ed entendida la crisis, se trata de un fen\u00f3meno \u201cnormal\u201d y recurrente, que sucede peri\u00f3dicamente en los mercados. Lo que pudiera diferenciar la crisis presente de otras anteriores, ser\u00eda solamente su profundidad y su extensi\u00f3n. En tal sentido, los n\u00fameros involucrados llevan a pensar que estar\u00edamos ante una crisis cuya intensidad no se hab\u00eda visto desde la gran crisis de los a\u00f1os 1929-30.<\/p>\n<p style=\"text-align: justify;\">Pero este an\u00e1lisis es muy pobre. Hace a\u00f1os que la econom\u00eda est\u00e1 dando s\u00edntomas de una grave enfermedad, siendo sostenida en su declive a\u00f1adiendo m\u00e1s le\u00f1a al fuego. La palabra Capitalismo est\u00e1 compuesta por los vocablos Capital e Ismo, es decir Exaltaci\u00f3n del Capital. \u00bfC\u00f3mo es posible que estando en una exaltaci\u00f3n del capital durante a\u00f1os el Capital haya sido regalado a todo aquel que lo demandaba? \u00bfC\u00f3mo es posible que artificialmente y por arte de los Bancos Centrales se haya mantenido el tipo de inter\u00e9s real del dinero por debajo de la inflaci\u00f3n? \u00bfC\u00f3mo es posible que la masa monetaria haya crecido muy por encima del crecimiento de la productividad? Esto en mi pueblo se le denomina \u201cPan para hoy y hambre para ma\u00f1ana\u201d. Y estamos en el Ma\u00f1ana, quedan muchos a\u00f1os de hambre. El an\u00e1lisis de la actual situaci\u00f3n de los mercados efectuado en base a los conceptos de la Teor\u00eda Econ\u00f3mica Comprensiva, reconoce que lo expuesto (en los t\u00e9rminos de las concepciones econ\u00f3micas convencionales) es correcto; pero va m\u00e1s all\u00e1 y nos abre a otra dimensi\u00f3n de esta crisis, que la pone en una perspectiva hist\u00f3rica y econ\u00f3mica que nos permite verla no solamente como m\u00e1s profunda y extendida sino como cualitativamente distinta. M\u00e1s a\u00fan, nos pone en la perspectiva de comprender que las respuestas \u201cnormales\u201d o habituales, aplicadas a esta crisis, no tendr\u00e1n los efectos esperados, es decir, no conducir\u00e1n en esta ocasi\u00f3n a una real superaci\u00f3n y\/o salida de la crisis.<\/p>\n<p style=\"text-align: justify;\">La salida \u201cnormal\u201d de una crisis financiera \u201cnormal\u201d consiste en combinar en una adecuada (u \u00f3ptima) proporci\u00f3n, tres elementos: a) la p\u00e9rdida de valor de los activos de los acreedores; b) la p\u00e9rdida que deben asumir los deudores; c) la p\u00e9rdida que necesariamente ha de afectar al conjunto de los otros agentes econ\u00f3micos (consumidores, empresarios, trabajadores, etc.) v\u00eda inflaci\u00f3n y\/o v\u00eda contracci\u00f3n econ\u00f3mica. De este modo se obtiene que la p\u00e9rdida, el da\u00f1o y el dolor que provoca la crisis se reparta (y diluya) entre los diferentes sectores involucrados. Estos procesos son cuidadosamente monitoreados por los Gobiernos (pol\u00edticas fiscal, tributaria, regulatoria, subsidiaria y de incentivos, rescate de bancos, etc.) y por las autoridades monetarias o bancos centrales (tasas de inter\u00e9s, emisi\u00f3n monetaria, tipo de cambio, etc.).<\/p>\n<p style=\"text-align: justify;\">Todo ello est\u00e1 de hecho ocurriendo. Pero desde el punto de observaci\u00f3n que nos proporciona la Teor\u00eda Econ\u00f3mica Comprensiva, podemos ver algo m\u00e1s, por debajo y m\u00e1s all\u00e1 de todo lo indicado. (Como no podemos explicar aqu\u00ed lo qu\u00e9 es y c\u00f3mo procede la Teor\u00eda Econ\u00f3mica Comprensiva, debemos limitarnos a exponer algunas conclusiones de un an\u00e1lisis que no podemos aqu\u00ed explicitar. Baste por ahora decir que esta Teor\u00eda comprende los fen\u00f3menos y procesos econ\u00f3micos desde la intersubjetividad de las acciones, decisiones e intenciones de los sujetos privados y p\u00fablicos que los producen, enmarcados en un determinado contexto institucional, jur\u00eddico y pol\u00edtico).<\/p>\n<p style=\"text-align: justify;\">Desde esta \u00f3ptica apreciamos b\u00e1sicamente dos fen\u00f3menos de incalculables consecuencias:<\/p>\n<p style=\"text-align: justify;\">El primer fen\u00f3meno es un cambio que se est\u00e1 cumpliendo en la naturaleza o \u201cesencia \u201cdel dinero. Y como el dinero es \u2013en el actual sistema econ\u00f3mico- el elemento articulador de los mercados y de la econom\u00eda en su conjunto, la presente crisis est\u00e1 significando una desarticulaci\u00f3n estructural muy profunda de los determinantes del mercado, de modo que no podr\u00e1 resolverse la crisis sino mediante una reforma institucional, jur\u00eddica y pol\u00edtica. Entendamos: el mercado continuar\u00e1 funcionando, pero en crisis, que se prolongar\u00e1 hasta que se cumplan dichas reformas. Quiz\u00e1s me equivoque pero nunca m\u00e1s el precio del dinero volver\u00e1 a los precios a los que estuvo, la prima de riesgo lo mantendr\u00e1 muy por encima.<\/p>\n<p style=\"text-align: justify;\">El segundo fen\u00f3meno, estrechamente conectado al anterior, es una mutaci\u00f3n al nivel de las relaciones entre los agentes econ\u00f3micos privados y los agentes econ\u00f3micos p\u00fablicos, tal que los equilibrios que han permanecido sin cambios sustanciales durante las \u00faltimas seis d\u00e9cadas ya no se sostienen, planteando la necesidad de redefinir las relaciones entre econom\u00eda y pol\u00edtica.<\/p>\n","protected":false},"excerpt":{"rendered":"<p>A menudo quienes aspiran o activamente se esfuerzan en construir \u201cotra econom\u00eda\u201d \u2013m\u00e1s justa, solidaria, no capitalista-, tienden a observar la econom\u00eda dominante como experimentando una crisis profunda, y esperan que de alg\u00fan modo sobrevenga un colapso, una demolici\u00f3n, una paralizaci\u00f3n del mercado, por efecto de su propio peso, de sus contradicciones internas, de sus [&hellip;]<\/p>\n","protected":false},"author":1,"featured_media":0,"parent":329,"menu_order":0,"comment_status":"open","ping_status":"open","template":"","meta":{"footnotes":""},"class_list":["post-687","page","type-page","status-publish","hentry"],"_links":{"self":[{"href":"https:\/\/donoso.es\/index.php?rest_route=\/wp\/v2\/pages\/687","targetHints":{"allow":["GET"]}}],"collection":[{"href":"https:\/\/donoso.es\/index.php?rest_route=\/wp\/v2\/pages"}],"about":[{"href":"https:\/\/donoso.es\/index.php?rest_route=\/wp\/v2\/types\/page"}],"author":[{"embeddable":true,"href":"https:\/\/donoso.es\/index.php?rest_route=\/wp\/v2\/users\/1"}],"replies":[{"embeddable":true,"href":"https:\/\/donoso.es\/index.php?rest_route=%2Fwp%2Fv2%2Fcomments&post=687"}],"version-history":[{"count":3,"href":"https:\/\/donoso.es\/index.php?rest_route=\/wp\/v2\/pages\/687\/revisions"}],"predecessor-version":[{"id":690,"href":"https:\/\/donoso.es\/index.php?rest_route=\/wp\/v2\/pages\/687\/revisions\/690"}],"up":[{"embeddable":true,"href":"https:\/\/donoso.es\/index.php?rest_route=\/wp\/v2\/pages\/329"}],"wp:attachment":[{"href":"https:\/\/donoso.es\/index.php?rest_route=%2Fwp%2Fv2%2Fmedia&parent=687"}],"curies":[{"name":"wp","href":"https:\/\/api.w.org\/{rel}","templated":true}]}}