{"id":696,"date":"2011-10-29T14:15:10","date_gmt":"2011-10-29T12:15:10","guid":{"rendered":"http:\/\/www.donoso.es\/?page_id=696"},"modified":"2011-10-29T14:16:03","modified_gmt":"2011-10-29T12:16:03","slug":"crisis-economica-4-opciones","status":"publish","type":"page","link":"https:\/\/donoso.es\/?page_id=696","title":{"rendered":"Crisis Econ\u00f3mica 4: Opciones"},"content":{"rendered":"<p><strong>\u00bfPor cu\u00e1l de estas opciones, y con qu\u00e9 otros componentes, pudiera vislumbrarse una salida de esta gran crisis?<\/strong><\/p>\n<p><strong>\u00bfQu\u00e9 otras opciones y escenarios son actualmente posibles? <\/strong><\/p>\n<p>En una primera instancia de an\u00e1lisis y b\u00fasqueda de alternativas, se presenta una cuesti\u00f3n fundamental, de la cual dependen muchas otras, por lo que conviene referirse a ella en primer lugar. Es la cuesti\u00f3n de las \u201cdimensiones\u201d geo-econ\u00f3mico-pol\u00edticas del posible nuevo ordenamiento mundial.<\/p>\n<p>Una primera opci\u00f3n la podemos llamar \u201cmundializaci\u00f3n econ\u00f3mico-pol\u00edtica\u201d, que supone avanzar en la direcci\u00f3n de una globalizaci\u00f3n acentuada, que pudiera manifestarse en una serie de procesos entre los que destacar\u00edan:<\/p>\n<p>a) La creaci\u00f3n de una moneda \u00fanica mundial (sustitutiva del d\u00f3lar, el euro, el yen y todas las monedas nacionales).<\/p>\n<p>b) El establecimiento de una institucionalidad econ\u00f3mica que fije regulaciones financieras, comerciales, fiscales, energ\u00e9ticas, ambientales, laborales, jur\u00eddicas e incluso militares, que deban regir y aplicarse en todas las naciones del mundo (con la sola exclusi\u00f3n de aquellos pa\u00edses que soberanamente quieran sustraerse del sistema y que quedar\u00edan pol\u00edtica y econ\u00f3micamente aislados).<\/p>\n<p>c) Se implica en este escenario una dram\u00e1tica reducci\u00f3n del poder de los Estados nacionales, que entre otras muchas atribuciones que posee actualmente perder\u00eda la capacidad de poner restricciones al libre comercio.<\/p>\n<p>Una segunda opci\u00f3n la podemos llamar \u201cregionalizaci\u00f3n econ\u00f3mico-pol\u00edtica\u201d, que implicar\u00eda el surgimiento de tres grandes regiones econ\u00f3micas que competir\u00edan entre ellas por el control de los mercados (y de los principales recursos) mundiales, y por el dominio y\/o la hegemon\u00eda pol\u00edtica internacional.<\/p>\n<p>En este escenario podemos visualizar la formaci\u00f3n y consiguiente confrontaci\u00f3n entre grandes regiones geogr\u00e1fica, econ\u00f3mica y pol\u00edticamente configuradas, que ser\u00edan Am\u00e9rica del Norte, la Uni\u00f3n Europea y un Bloque Asi\u00e1tico.<\/p>\n<p>Cada una de estas potencias tendr\u00eda su propia moneda y sistema financiero, fijar\u00eda sus propias regulaciones, inclusivas de un fuerte proteccionismo de sus mercados y fronteras econ\u00f3micas, y compitiendo por los recursos y los mercados de las zonas que permanecer\u00edan probablemente sin integrarse a dichas regiones, tales como Am\u00e9rica Latina, Rusia, los pa\u00edses petroleros, etc.<\/p>\n<p>Una tercera opci\u00f3n ser\u00eda el prevalecer de los estatismos nacionalistas, con la mantenci\u00f3n de las monedas nacionales, el incremento de las pol\u00edticas proteccionistas, el aumento de las restricciones al libre comercio, el Estado nacional asumiendo crecientes funciones, y probablemente d\u00e1ndose lugar al recrudecimiento de los conflictos y guerras entre pa\u00edses.<\/p>\n<p>Formular estos tres escenarios posibles es en realidad un ejercicio intelectual menor. Tambi\u00e9n es f\u00e1cil imaginar que las tres opciones tendr\u00e1n sus promotores e impulsores, de modo que durante un cierto per\u00edodo de tiempo veremos y podremos seguir el debate y la confrontaci\u00f3n entre estas tres opciones. Lo verdaderamente complejo y que plantea desaf\u00edos intelectuales mayores, lo podemos diferenciar en dos aspectos.<\/p>\n<p>El primero es prever el curso de los acontecimientos, identificar a los actores (incluidas las naciones) que se pondr\u00e1n a favor de cada opci\u00f3n, visualizar la relaci\u00f3n de fuerzas que se manifestar\u00e1 entre ellos, y adelantar el resultado hist\u00f3rico-pol\u00edtico de la confrontaci\u00f3n (que ser\u00e1, obviamente, te\u00f3rica y pr\u00e1ctica).<\/p>\n<p>El segundo, por cierto distinto del anterior aunque el pensamiento ideol\u00f3gico tiende a menudo a confundirlos, es identificar cu\u00e1l de las opciones se\u00f1aladas es la mejor, o la m\u00e1s conveniente y adecuada en t\u00e9rminos de superar la crisis actual y de alcanzarse un mejor futuro para la humanidad.<\/p>\n<p>Antes de abordar esta pregunta volvamos la mirada sobre la magnitud e intensidad de esta gran crisis. Pues se habla y escribe con demasiada facilidad sobre \u201cla salida de la crisis\u201d. Se anuncia que ella durar\u00e1 dos o tres semestres, o un a\u00f1o, incluso algunos dicen que hasta dos a\u00f1os completos. Este \u00faltimo es el escenario que la describe como una crisis en forma de U, imagen con la cual se indica que a la ca\u00edda acelerada seguir\u00e1 una relativamente prolongada situaci\u00f3n depresiva, luego de la cual inevitablemente vendr\u00e1 la subida, que se espera ser\u00e1 tan acelerada como fuera la ca\u00edda. Nadie, en efecto, duda que de esta crisis se sale, y que la econom\u00eda recuperar\u00e1 el crecimiento, volviendo a la normalidad, e inici\u00e1ndose un nuevo ciclo de expansi\u00f3n y crecimiento.<\/p>\n<p>Se piensa y razona de este modo, porque se concibe que esta crisis es una m\u00e1s entre las crisis c\u00edclicas que acostumbra experimentar el mercado.<\/p>\n<p>Yo no lo creo. Cuando sostengo que esta crisis ser\u00e1 prolongada, no pienso en dos o tres a\u00f1os, sino en tantos cuantos se requieran para que se cumplan las condiciones de salida de esta crisis, a los que me he referido en post anteriores y que podemos resumir as\u00ed: Una nueva moneda internacional, un nuevo orden financiero, un nuevo ordenamiento institucional, jur\u00eddico y pol\u00edtico de dimensiones globales, y una nueva cultura que implique una transformaci\u00f3n profunda de los comportamientos econ\u00f3micos de las personas, grupos y sociedades. As\u00ed, la crisis podr\u00e1 durar tres a\u00f1os, cinco a\u00f1os, diez a\u00f1os, veinte a\u00f1os, o m\u00e1s. Menos o m\u00e1s, dependiendo de lo que nos demoremos en crear estas nuevas condiciones.<\/p>\n<p>Cuando afirmo que esta crisis ser\u00e1 profunda, no pienso en uno, dos o hasta tres puntos (como creen los m\u00e1s pesimistas) de decrecimiento, sino en una ca\u00edda generalizada de la producci\u00f3n y del consumo, tanto o m\u00e1s grande como la que ocurriera con la crisis del 1929-30, y cuya efectiva superaci\u00f3n empez\u00f3 solamente al t\u00e9rmino de la Segunda Guerra. Obviamente, en este juicio est\u00e1 contenido un cierto concepto de la crisis, que comprende las dimensiones econ\u00f3mica, social, pol\u00edtica y cultural.<\/p>\n<p>Observemos algunos hechos.<\/p>\n<p><strong>Primer hecho<\/strong>. Hace apenas unos meses (mediados de Julio 2008) el petr\u00f3leo alcanzaba casi 150 d\u00f3lares el barril, y los analistas anunciaban que llegar\u00eda r\u00e1pidamente a 200 d\u00f3lares, y algunos planteaban cifras mayores. \u00bfSe equivocaron los analistas? Obviamente, en cierto sentido, pero ello no tiene mayor importancia. El hecho es que el petr\u00f3leo lleg\u00f3 a costar 150 d\u00f3lares, y que \u201cel mercado\u201d prospectaba que el precio seguir\u00eda subiendo aceleradamente. Todo ello estuvo acompa\u00f1ado de otros dos hechos: a) Una sorpresiva difusi\u00f3n de la teor\u00eda del \u201c <em>peak oil <\/em>\u201d de Hubbert, seg\u00fan la cual se avecina una cat\u00e1strofe como consecuencia de que no existen capacidades productivas ni reservas de petr\u00f3leo capaces de mantener en el tiempo los niveles actuales de producci\u00f3n de esta fundamental fuente de energ\u00eda. b) Los gobiernos de todo el mundo realizaron una campa\u00f1a coordinada tendiente a reducir el consumo energ\u00e9tico y a buscar fuentes alternativas; una campa\u00f1a que tuvo escasos resultados.<\/p>\n<p><strong>Segundo hecho<\/strong>. En el momento en que el precio del petr\u00f3leo lleg\u00f3 a su m\u00e1ximo hist\u00f3rico, se inici\u00f3 una brutal contracci\u00f3n del dinero disponible en la econom\u00eda, que gener\u00f3 una \u201csequ\u00eda\u201d del cr\u00e9dito, no solamente al consumo y a las hipotecas inmobiliarias, sino tambi\u00e9n a las m\u00e1s grandes empresas. Los \u00edndices de las Bolsas de valores caen entre un 40 y un 70 % en todos los pa\u00edses del mundo. Al mismo tiempo se derrumban entre un 25 y un 60 % los precios de las viviendas y de las principales materias primas.<\/p>\n<p><strong>Tercer hecho. <\/strong>Los Bancos Centrales y los gobiernos en todas partes salen simult\u00e1neamente \u201cal rescate\u201d selectivo de los principales bancos y empresas que se tornan insolventes, evitando as\u00ed que entren definitivamente en bancarrota.<\/p>\n","protected":false},"excerpt":{"rendered":"<p>\u00bfPor cu\u00e1l de estas opciones, y con qu\u00e9 otros componentes, pudiera vislumbrarse una salida de esta gran crisis? \u00bfQu\u00e9 otras opciones y escenarios son actualmente posibles? En una primera instancia de an\u00e1lisis y b\u00fasqueda de alternativas, se presenta una cuesti\u00f3n fundamental, de la cual dependen muchas otras, por lo que conviene referirse a ella en [&hellip;]<\/p>\n","protected":false},"author":1,"featured_media":0,"parent":329,"menu_order":0,"comment_status":"open","ping_status":"open","template":"","meta":{"footnotes":""},"class_list":["post-696","page","type-page","status-publish","hentry"],"_links":{"self":[{"href":"https:\/\/donoso.es\/index.php?rest_route=\/wp\/v2\/pages\/696","targetHints":{"allow":["GET"]}}],"collection":[{"href":"https:\/\/donoso.es\/index.php?rest_route=\/wp\/v2\/pages"}],"about":[{"href":"https:\/\/donoso.es\/index.php?rest_route=\/wp\/v2\/types\/page"}],"author":[{"embeddable":true,"href":"https:\/\/donoso.es\/index.php?rest_route=\/wp\/v2\/users\/1"}],"replies":[{"embeddable":true,"href":"https:\/\/donoso.es\/index.php?rest_route=%2Fwp%2Fv2%2Fcomments&post=696"}],"version-history":[{"count":2,"href":"https:\/\/donoso.es\/index.php?rest_route=\/wp\/v2\/pages\/696\/revisions"}],"predecessor-version":[{"id":698,"href":"https:\/\/donoso.es\/index.php?rest_route=\/wp\/v2\/pages\/696\/revisions\/698"}],"up":[{"embeddable":true,"href":"https:\/\/donoso.es\/index.php?rest_route=\/wp\/v2\/pages\/329"}],"wp:attachment":[{"href":"https:\/\/donoso.es\/index.php?rest_route=%2Fwp%2Fv2%2Fmedia&parent=696"}],"curies":[{"name":"wp","href":"https:\/\/api.w.org\/{rel}","templated":true}]}}