{"id":699,"date":"2011-10-29T14:17:40","date_gmt":"2011-10-29T12:17:40","guid":{"rendered":"http:\/\/www.donoso.es\/?page_id=699"},"modified":"2011-10-29T14:18:21","modified_gmt":"2011-10-29T12:18:21","slug":"crisis-economica-5-%c2%bfhay-alguna-logica-detras","status":"publish","type":"page","link":"https:\/\/donoso.es\/?page_id=699","title":{"rendered":"Crisis Econ\u00f3mica 5: \u00bfHay alguna l\u00f3gica detr\u00e1s?"},"content":{"rendered":"<div>\n<p>Hay\u00a0muchas explicaciones que dan los analistas, respecto a cada uno de estos hechos considerados aisladamente. Una explicaci\u00f3n distinta para cada hecho. Todos, hechos que se explican por \u201cel mercado\u201d, afectado por desequilibrios, que motivan acciones especulativas, p\u00e1nicos, comportamientos esquizoides, en fin, \u201cvolatilidad\u201d extrema. Detr\u00e1s de ello, por cierto, burbujas que se inflan y desinflan. \u00bfEs eso todo?<\/p>\n<p>Con nuestra Teor\u00eda Econ\u00f3mica Comprensiva tratamos de comprender los procesos, aplicando una estructura conceptual compleja. Resumimos las hip\u00f3tesis a las que hemos llegado.<\/p>\n<p>1. El mercado determinado, actualmente no est\u00e1 funcionando como un mecanismo autom\u00e1tico que responde a decisiones independientes de sujetos en competencia. El mercado determinado tiene un nivel de extrema concentraci\u00f3n, y responde en gran medida a las decisiones de pocos gigantescos y muy poderosos grandes grupos econ\u00f3micos, y se encuentra comandado y articulado por pocos y muy determinados grandes poderes p\u00fablicos nacionales y supranacionales.<\/p>\n<p>2. Existe, efectivamente, un grav\u00edsimo problema de escasez de petr\u00f3leo, cuya producci\u00f3n no alcanza a sostener ya el crecimiento de la econom\u00eda a nivel global, y cuyas disponibilidades (reservas no explotadas) no permitir\u00e1n mantener durante las pr\u00f3ximas d\u00e9cadas ni siquiera los niveles de producci\u00f3n actuales. Desde este punto de vista, y hasta que no se resuelva el problema energ\u00e9tico con nuevos descubrimientos, nuevas tecnolog\u00edas, nuevas soluciones, el mundo se ver\u00e1 enfrentado a una inevitable contracci\u00f3n econ\u00f3mica.<\/p>\n<p>3. Si el mercado estuviese operando en libre, espont\u00e1nea y autom\u00e1tica competencia, el escenario m\u00e1s probable ser\u00eda catastr\u00f3fico. Pero el mercado determinado se encuentra controlado y comandado, como sostiene nuestra hip\u00f3tesis. Y quienes comandan el mercado, han decidido asumir el problema de la doble crisis (energ\u00e9tica y financiera) en su real magnitud, y evitar la cat\u00e1strofe, imponiendo una profunda y prolongada depresi\u00f3n econ\u00f3mica.<\/p>\n<p>4. Lo que han hecho para evitar la cat\u00e1strofe, puede sintetizarse en los siguientes movimientos:<\/p>\n<p>Primero, con el petr\u00f3leo a 150 d\u00f3lares estuvimos (nos llevaron) al borde del abismo de una posible crisis energ\u00e9tica. Ello nos hace comprender a todos, que el crecimiento econ\u00f3mico sostenido no es ya posible.<\/p>\n<p>Segundo, con la contracci\u00f3n monetaria y la consiguiente inevitable depresi\u00f3n, se espera evitar el colapso energ\u00e9tico (con una fuerte contracci\u00f3n de la demanda de petr\u00f3leo), pero ello nos pone al borde de otro abismo, el del colapso financiero global. As\u00ed comprendemos que ser\u00e1 necesario adaptarse a una econom\u00eda no s\u00f3lo sin crecimiento sino en depresi\u00f3n, por un largo tiempo.<\/p>\n<p>Tercero, con los \u201crescates\u201d, las nuevas regulaciones, el control de los grandes bancos y de las grandes empresas automovil\u00edsticas, aerol\u00edneas y otras, los grandes poderes se aprontan a tomar el control de la situaci\u00f3n y as\u00ed manejar una prolongad\u00edsima y profunda gran crisis. Comprendemos que bajo estas condiciones una crisis profunda y prolongada no ser\u00eda la peor alternativa. Este tercer momento no ser\u00e1 sin conflicto entre muchos grandes intereses involucrados, pero terminar\u00e1 por establecerse (con el predominio de alguno de los tres escenarios que expusimos en el punto anterior).<\/p>\n<p>En los pr\u00f3ximos a\u00f1os y tal vez durante d\u00e9cadas, viviremos en depresi\u00f3n econ\u00f3mica, oscilando entre dos abismos mucho peores: el abismo de la crisis energ\u00e9tica y el abismo de la interrupci\u00f3n de la cadena de pagos. El avance por tan estrecho sendero ser\u00e1 dram\u00e1tico, pues para evitar caer en el abismo energ\u00e9tico ser\u00e1 necesario reducir el crecimiento econ\u00f3mico (la producci\u00f3n y el consumo). Pero al reducir el crecimiento se hace insostenible el funcionamiento del sistema financiero, que solamente puede operar con cierta normalidad si hay crecimiento de la producci\u00f3n y del consumo y de la creaci\u00f3n del dinero como deuda. As\u00ed caminaremos por el estrecho sendero de una crisis prolongada y profunda, entre dos abismos catastr\u00f3ficos: intentando evitar el primero nos asomaremos al segundo, y evitando caer en el segundo nos asomaremos al primero. Nos mantendremos en la grande crisis s\u00f3lo si logramos evitar caer en cualquiera de los abismos.<\/p>\n<p>Y ahora un video para comprender como el dinero se crea \u00abde la nada\u00bb, nace de la deuda y no del valor de los activos.<br \/>\n<img loading=\"lazy\" decoding=\"async\" title=\"&quot;allowFullScreen&quot;:&quot;true&quot;,&quot;allowscriptaccess&quot;:&quot;always&quot;,&quot;src&quot;:&quot;http:\/\/www.youtube.com\/v\/bPfG67GUsbw&amp;hl=es&amp;fs=1&quot;,&quot;allowfullscreen&quot;:&quot;true&quot;\" src=\"http:\/\/donoso.es\/wp-includes\/js\/tinymce\/plugins\/media\/img\/trans.gif\" alt=\"\" width=\"425\" height=\"344\" \/><\/p>\n<p><img loading=\"lazy\" decoding=\"async\" title=\"&quot;allowFullScreen&quot;:&quot;true&quot;,&quot;allowscriptaccess&quot;:&quot;always&quot;,&quot;src&quot;:&quot;http:\/\/www.youtube.com\/v\/E5oj9xUANRo&amp;hl=es&amp;fs=1&quot;,&quot;allowfullscreen&quot;:&quot;true&quot;\" src=\"http:\/\/donoso.es\/wp-includes\/js\/tinymce\/plugins\/media\/img\/trans.gif\" alt=\"\" width=\"425\" height=\"344\" \/><\/p>\n<\/div>\n","protected":false},"excerpt":{"rendered":"<p>Hay\u00a0muchas explicaciones que dan los analistas, respecto a cada uno de estos hechos considerados aisladamente. Una explicaci\u00f3n distinta para cada hecho. Todos, hechos que se explican por \u201cel mercado\u201d, afectado por desequilibrios, que motivan acciones especulativas, p\u00e1nicos, comportamientos esquizoides, en fin, \u201cvolatilidad\u201d extrema. Detr\u00e1s de ello, por cierto, burbujas que se inflan y desinflan. \u00bfEs [&hellip;]<\/p>\n","protected":false},"author":1,"featured_media":0,"parent":329,"menu_order":0,"comment_status":"open","ping_status":"open","template":"","meta":{"footnotes":""},"class_list":["post-699","page","type-page","status-publish","hentry"],"_links":{"self":[{"href":"https:\/\/donoso.es\/index.php?rest_route=\/wp\/v2\/pages\/699","targetHints":{"allow":["GET"]}}],"collection":[{"href":"https:\/\/donoso.es\/index.php?rest_route=\/wp\/v2\/pages"}],"about":[{"href":"https:\/\/donoso.es\/index.php?rest_route=\/wp\/v2\/types\/page"}],"author":[{"embeddable":true,"href":"https:\/\/donoso.es\/index.php?rest_route=\/wp\/v2\/users\/1"}],"replies":[{"embeddable":true,"href":"https:\/\/donoso.es\/index.php?rest_route=%2Fwp%2Fv2%2Fcomments&post=699"}],"version-history":[{"count":2,"href":"https:\/\/donoso.es\/index.php?rest_route=\/wp\/v2\/pages\/699\/revisions"}],"predecessor-version":[{"id":701,"href":"https:\/\/donoso.es\/index.php?rest_route=\/wp\/v2\/pages\/699\/revisions\/701"}],"up":[{"embeddable":true,"href":"https:\/\/donoso.es\/index.php?rest_route=\/wp\/v2\/pages\/329"}],"wp:attachment":[{"href":"https:\/\/donoso.es\/index.php?rest_route=%2Fwp%2Fv2%2Fmedia&parent=699"}],"curies":[{"name":"wp","href":"https:\/\/api.w.org\/{rel}","templated":true}]}}