{"id":702,"date":"2011-10-29T14:21:16","date_gmt":"2011-10-29T12:21:16","guid":{"rendered":"http:\/\/www.donoso.es\/?page_id=702"},"modified":"2011-10-29T14:21:16","modified_gmt":"2011-10-29T12:21:16","slug":"crisis-economica-6-la-salida","status":"publish","type":"page","link":"https:\/\/donoso.es\/?page_id=702","title":{"rendered":"Crisis Econ\u00f3mica 6: La salida"},"content":{"rendered":"<div>\nEn el supuesto de que evitamos el abismo y la cat\u00e1strofe, podremos decir que se ha iniciado la superaci\u00f3n de la gran crisis cuando avancemos simult\u00e1neamente en la construcci\u00f3n de las siguientes seis condiciones:<\/div>\n<ul>1. Disponer de un nuevo sistema monetario y financiero, que no requiera elevado crecimiento de la producci\u00f3n y del consumo para sostenerse. Ello supone que el dinero deja de crearse como cr\u00e9dito, y que recupere credibilidad y sus cinco importantes funciones. El dinero se crea partiendo del valor (claramente se crea a partir del invertido en infraestructuras para la econom\u00eda).<br \/>\n2. Disponer de una nueva matriz energ\u00e9tica, ambientalmente sostenible.<br \/>\n3. Una gran reforma intelectual y moral, que sustente un nuevo modo de vida, una nueva econom\u00eda, una nueva cultura, orientadas hacia el levantamiento de una nueva civilizaci\u00f3n, m\u00e1s justa y solidaria.<br \/>\n4. La creaci\u00f3n de un nuevo orden institucional, jur\u00eddico y pol\u00edtico, que de estabilidad y garantice la permanencia de las tres condiciones anteriores.<br \/>\n5. Restringir el poder de los bancos (sobre todo centrales) y de los pol\u00edticos para que en ning\u00fan caso el crecimiento de la masa monetaria sea superior a la producci\u00f3n y el incremento de la masa monetaria en manos del p\u00fablico a nivel individual sea superior al incremento de la productividad. La evoluci\u00f3n sostenible debe basarse no s\u00f3lo en serlo medioambientalmente sino tambi\u00e9n en que el aumento del bienestar es directamente proporcional al incremento del valor, no precio, de los bienes y servicios producidos. En el caso Espa\u00f1ol debe realizarse adem\u00e1s una rotaci\u00f3n del trabajo, de sociedad de trabajadores, a sociedad de valor a\u00f1adido; el modelo de crecimiento basado en el ladrillo, de turismo masificado y en el incremento de producto interior a\u00f1adiendo m\u00e1s masa laboral pero con un diferencial de productividad por cada unidad a\u00f1adida inferior se ha mostrado como un modelo incompleto y tremendamente vulnerable. El incremento del producto interior bruto en los pr\u00f3ximos a\u00f1os debe realizarse mediante el aumento del valor a\u00f1adido en cada unidad producida. Por poner un ejemplo en el sector de automoci\u00f3n, no puede permitirse Espa\u00f1a lo que hizo en tiempos pasados: Un motor brillante desarrollado en Espa\u00f1a, si el valor a\u00f1adido Espa\u00f1ol de la ingenier\u00eda y desarrollo, Barreiros, se evapora y en cambio se montan f\u00e1bricas d\u00f3nde los la ingenier\u00eda y el desarrollo viene de terceros pa\u00edses y en Espa\u00f1a nos dedicamos a, perm\u00edtaseme la expresi\u00f3n, \u00abapretar tornillos\u00bb.<br \/>\n6. Vuelta del consumismo al consumo. Ismo, exaltaci\u00f3n. La exaltaci\u00f3n del consumo como \u00fanica alternativa al crecimiento en el capitalismo, de consumir m\u00e1s y m\u00e1s sin que los productos sean necesarios para el consumidor (todos conocemos la generaci\u00f3n de necesidades que el sistema ha realizado en la \u00faltima \u00e9poca en la que ya no basta con tener 10 cosas para la misma funci\u00f3n sino adem\u00e1s que deben ser de una determinada marca para evidenciar el nivel social en el que est\u00e1 o le gustar\u00eda estar al consumidor) y sin ser sostenible desde el punto de vista medioambiental y sustento financiero ha sido el c\u00e1ncer de la econom\u00eda.<\/ul>\n<p>Un fragmento de la pel\u00edcula El Concursante, \u00bfalgo para reflexionar?<br \/>\n<img loading=\"lazy\" decoding=\"async\" title=\"&quot;data&quot;:&quot;http:\/\/www.youtube.com\/v\/vtGxgDu9p3A&amp;hl=es&amp;fs=1&quot;,&quot;allowFullScreen&quot;:&quot;true&quot;,&quot;allowscriptaccess&quot;:&quot;always&quot;,&quot;src&quot;:&quot;http:\/\/www.youtube.com\/v\/vtGxgDu9p3A&amp;hl=es&amp;fs=1&quot;,&quot;allowfullscreen&quot;:&quot;true&quot;\" src=\"http:\/\/donoso.es\/wp-includes\/js\/tinymce\/plugins\/media\/img\/trans.gif\" alt=\"\" width=\"425\" height=\"344\" \/><\/p>\n","protected":false},"excerpt":{"rendered":"<p>En el supuesto de que evitamos el abismo y la cat\u00e1strofe, podremos decir que se ha iniciado la superaci\u00f3n de la gran crisis cuando avancemos simult\u00e1neamente en la construcci\u00f3n de las siguientes seis condiciones: 1. Disponer de un nuevo sistema monetario y financiero, que no requiera elevado crecimiento de la producci\u00f3n y del consumo para [&hellip;]<\/p>\n","protected":false},"author":1,"featured_media":0,"parent":329,"menu_order":0,"comment_status":"open","ping_status":"open","template":"","meta":{"footnotes":""},"class_list":["post-702","page","type-page","status-publish","hentry"],"_links":{"self":[{"href":"https:\/\/donoso.es\/index.php?rest_route=\/wp\/v2\/pages\/702","targetHints":{"allow":["GET"]}}],"collection":[{"href":"https:\/\/donoso.es\/index.php?rest_route=\/wp\/v2\/pages"}],"about":[{"href":"https:\/\/donoso.es\/index.php?rest_route=\/wp\/v2\/types\/page"}],"author":[{"embeddable":true,"href":"https:\/\/donoso.es\/index.php?rest_route=\/wp\/v2\/users\/1"}],"replies":[{"embeddable":true,"href":"https:\/\/donoso.es\/index.php?rest_route=%2Fwp%2Fv2%2Fcomments&post=702"}],"version-history":[{"count":1,"href":"https:\/\/donoso.es\/index.php?rest_route=\/wp\/v2\/pages\/702\/revisions"}],"predecessor-version":[{"id":703,"href":"https:\/\/donoso.es\/index.php?rest_route=\/wp\/v2\/pages\/702\/revisions\/703"}],"up":[{"embeddable":true,"href":"https:\/\/donoso.es\/index.php?rest_route=\/wp\/v2\/pages\/329"}],"wp:attachment":[{"href":"https:\/\/donoso.es\/index.php?rest_route=%2Fwp%2Fv2%2Fmedia&parent=702"}],"curies":[{"name":"wp","href":"https:\/\/api.w.org\/{rel}","templated":true}]}}