{"id":833,"date":"2011-11-24T13:52:18","date_gmt":"2011-11-24T11:52:18","guid":{"rendered":"http:\/\/www.donoso.es\/?page_id=833"},"modified":"2013-04-10T16:32:03","modified_gmt":"2013-04-10T14:32:03","slug":"plan-contable-para-entidades-sin-fines-lucrativos","status":"publish","type":"page","link":"https:\/\/donoso.es\/?page_id=833","title":{"rendered":"Real decreto Plan Contable para Entidades Sin Fines Lucrativos"},"content":{"rendered":"<p>El pasado d\u00eda 24 de noviembre. fue publicado en el Bolet\u00edn Oficial del Estado, mediante Real Decreto 1491\/2011 de 24 de octubre,\u00a0el nuevo Plan Contable para Entidades Sin Fines Lucrativos. Aqu\u00ed os dejo el texto \u00edntegro en pdf (pulsa sobre la imagen para descargarlo). Contiene las disposiciones part\u00edculares para estas entidades.<\/p>\n<p style=\"text-align: center;\"><a href=\"http:\/\/donoso.es\/wp-content\/uploads\/2011\/12\/BOE-A-2011-18458.pdf\" target=\"Pgc-ESFL\"><img loading=\"lazy\" decoding=\"async\" class=\"size-full wp-image-834 aligncenter\" title=\"portadaboe\" src=\"http:\/\/donoso.es\/wp-content\/uploads\/2011\/12\/portadaboe.jpg\" alt=\"\" width=\"419\" height=\"573\" srcset=\"https:\/\/donoso.es\/wp-content\/uploads\/2011\/12\/portadaboe.jpg 419w, https:\/\/donoso.es\/wp-content\/uploads\/2011\/12\/portadaboe-219x300.jpg 219w\" sizes=\"auto, (max-width: 419px) 100vw, 419px\" \/><\/a><\/p>\n","protected":false},"excerpt":{"rendered":"<p>El pasado d\u00eda 24 de noviembre. fue publicado en el Bolet\u00edn Oficial del Estado, mediante Real Decreto 1491\/2011 de 24 de octubre,\u00a0el nuevo Plan Contable para Entidades Sin Fines Lucrativos. Aqu\u00ed os dejo el texto \u00edntegro en pdf (pulsa sobre la imagen para descargarlo). Contiene las disposiciones part\u00edculares para estas entidades.<\/p>\n","protected":false},"author":1,"featured_media":0,"parent":383,"menu_order":14,"comment_status":"open","ping_status":"open","template":"","meta":{"footnotes":""},"class_list":["post-833","page","type-page","status-publish","hentry"],"_links":{"self":[{"href":"https:\/\/donoso.es\/index.php?rest_route=\/wp\/v2\/pages\/833","targetHints":{"allow":["GET"]}}],"collection":[{"href":"https:\/\/donoso.es\/index.php?rest_route=\/wp\/v2\/pages"}],"about":[{"href":"https:\/\/donoso.es\/index.php?rest_route=\/wp\/v2\/types\/page"}],"author":[{"embeddable":true,"href":"https:\/\/donoso.es\/index.php?rest_route=\/wp\/v2\/users\/1"}],"replies":[{"embeddable":true,"href":"https:\/\/donoso.es\/index.php?rest_route=%2Fwp%2Fv2%2Fcomments&post=833"}],"version-history":[{"count":9,"href":"https:\/\/donoso.es\/index.php?rest_route=\/wp\/v2\/pages\/833\/revisions"}],"predecessor-version":[{"id":1350,"href":"https:\/\/donoso.es\/index.php?rest_route=\/wp\/v2\/pages\/833\/revisions\/1350"}],"up":[{"embeddable":true,"href":"https:\/\/donoso.es\/index.php?rest_route=\/wp\/v2\/pages\/383"}],"wp:attachment":[{"href":"https:\/\/donoso.es\/index.php?rest_route=%2Fwp%2Fv2%2Fmedia&parent=833"}],"curies":[{"name":"wp","href":"https:\/\/api.w.org\/{rel}","templated":true}]}}