{"id":866,"date":"2011-12-03T15:09:14","date_gmt":"2011-12-03T13:09:14","guid":{"rendered":"http:\/\/www.donoso.es\/?page_id=866"},"modified":"2011-12-18T23:25:53","modified_gmt":"2011-12-18T21:25:53","slug":"plan-de-contabilidad-para-entidades-sin-fines-lucrativos","status":"publish","type":"page","link":"https:\/\/donoso.es\/?page_id=866","title":{"rendered":"Plan de Contabilidad para Entidades Sin Fines Lucrativos"},"content":{"rendered":"<p><a href=\"http:\/\/donoso.es\/wp-content\/uploads\/2011\/12\/PGC_Entidades-sin-fines-lucro_Plan-actuacion_Cuadro-rentas_EFE.pdf\" target=\"esfl-donoso\"><img loading=\"lazy\" decoding=\"async\" class=\"aligncenter size-full wp-image-867\" title=\"esfl\" src=\"http:\/\/donoso.es\/wp-content\/uploads\/2011\/12\/esfl.jpg\" alt=\"\" width=\"720\" height=\"541\" srcset=\"https:\/\/donoso.es\/wp-content\/uploads\/2011\/12\/esfl.jpg 720w, https:\/\/donoso.es\/wp-content\/uploads\/2011\/12\/esfl-300x225.jpg 300w\" sizes=\"auto, (max-width: 720px) 100vw, 720px\" \/><\/a>Despu\u00e9s de participar en el grupo de trabajo del ICAC, Instituto de Contabilidad y Auditor\u00eda de Cuentas, han sido numerosas las solicitudes para impartir formaci\u00f3n sobre la aplicaci\u00f3n del plan. En este caso os dejo la formaci\u00f3n impartida sobre:<\/p>\n<p>&#8211; Plan de Actuaci\u00f3n.<\/p>\n<p>&#8211; Cuadro de destino de rentas.<\/p>\n<p>&#8211; Estado de Flujos de Efectivo<\/p>\n<p>(como suele ser habitual pulsa sobre la imagen para poder ver el documento)<\/p>\n","protected":false},"excerpt":{"rendered":"<p>Despu\u00e9s de participar en el grupo de trabajo del ICAC, Instituto de Contabilidad y Auditor\u00eda de Cuentas, han sido numerosas las solicitudes para impartir formaci\u00f3n sobre la aplicaci\u00f3n del plan. En este caso os dejo la formaci\u00f3n impartida sobre: &#8211; Plan de Actuaci\u00f3n. &#8211; Cuadro de destino de rentas. &#8211; Estado de Flujos de Efectivo [&hellip;]<\/p>\n","protected":false},"author":1,"featured_media":0,"parent":860,"menu_order":0,"comment_status":"open","ping_status":"open","template":"","meta":{"footnotes":""},"class_list":["post-866","page","type-page","status-publish","hentry"],"_links":{"self":[{"href":"https:\/\/donoso.es\/index.php?rest_route=\/wp\/v2\/pages\/866","targetHints":{"allow":["GET"]}}],"collection":[{"href":"https:\/\/donoso.es\/index.php?rest_route=\/wp\/v2\/pages"}],"about":[{"href":"https:\/\/donoso.es\/index.php?rest_route=\/wp\/v2\/types\/page"}],"author":[{"embeddable":true,"href":"https:\/\/donoso.es\/index.php?rest_route=\/wp\/v2\/users\/1"}],"replies":[{"embeddable":true,"href":"https:\/\/donoso.es\/index.php?rest_route=%2Fwp%2Fv2%2Fcomments&post=866"}],"version-history":[{"count":5,"href":"https:\/\/donoso.es\/index.php?rest_route=\/wp\/v2\/pages\/866\/revisions"}],"predecessor-version":[{"id":998,"href":"https:\/\/donoso.es\/index.php?rest_route=\/wp\/v2\/pages\/866\/revisions\/998"}],"up":[{"embeddable":true,"href":"https:\/\/donoso.es\/index.php?rest_route=\/wp\/v2\/pages\/860"}],"wp:attachment":[{"href":"https:\/\/donoso.es\/index.php?rest_route=%2Fwp%2Fv2%2Fmedia&parent=866"}],"curies":[{"name":"wp","href":"https:\/\/api.w.org\/{rel}","templated":true}]}}