{"id":958,"date":"2011-12-17T23:04:58","date_gmt":"2011-12-17T21:04:58","guid":{"rendered":"http:\/\/www.donoso.es\/?page_id=958"},"modified":"2012-01-22T21:45:12","modified_gmt":"2012-01-22T19:45:12","slug":"uva","status":"publish","type":"page","link":"https:\/\/donoso.es\/?page_id=958","title":{"rendered":"Consultor\u00eda de Procesos y Desarrollo Organizativo"},"content":{"rendered":"<h2 style=\"text-align: justify;\">Master en Consultor\u00eda y Gesti\u00f3n de Procesos de Desarrollo Organizativo.<\/h2>\n<p style=\"text-align: justify;\"><a href=\"http:\/\/donoso.es\/wp-content\/uploads\/2011\/12\/LogoUVa.jpg\"><img loading=\"lazy\" decoding=\"async\" class=\"alignleft size-full wp-image-982\" title=\"LogoUVa\" src=\"http:\/\/donoso.es\/wp-content\/uploads\/2011\/12\/LogoUVa.jpg\" alt=\"\" width=\"338\" height=\"213\" \/><\/a>Para abrir boca antes de la sesi\u00f3n que mantendremos en pr\u00f3ximo d\u00eda 20 de enero sobre \u00abContexto econ\u00f3mico de las organizaci\u00f3nes sociales y su efecto sobre las mismas. Modelos, dimensiones y niveles de an\u00e1lisis\u00bb, os dejo un video con la pel\u00edcula el Concursante, entretenida y con contenido econ\u00f3mico; y dos documentos uno de ellos una lectura de Lecter Salomon con un estudio quiz\u00e1s ya algo antiguo, pero en mi opini\u00f3n el mejor, sobre el tercer sector y el documento sobre al visi\u00f3n del\u00a0\u00abProyecto\u00a0Europa en el 2030\u00bb.<\/p>\n<p style=\"text-align: justify;\">\u00a0<\/p>\n<p style=\"text-align: justify;\">\u00a0<\/p>\n<p style=\"text-align: justify;\">\u00a0<\/p>\n<p style=\"text-align: justify;\">\u00a0<\/p>\n<p style=\"text-align: justify;\">\u00a0<\/p>\n<p style=\"text-align: justify;\">\u00a0<\/p>\n<p>[summarize]<\/p>\n","protected":false},"excerpt":{"rendered":"<p>Master en Consultor\u00eda y Gesti\u00f3n de Procesos de Desarrollo Organizativo. Para abrir boca antes de la sesi\u00f3n que mantendremos en pr\u00f3ximo d\u00eda 20 de enero sobre \u00abContexto econ\u00f3mico de las organizaci\u00f3nes sociales y su efecto sobre las mismas. Modelos, dimensiones y niveles de an\u00e1lisis\u00bb, os dejo un video con la pel\u00edcula el Concursante, entretenida y [&hellip;]<\/p>\n","protected":false},"author":1,"featured_media":0,"parent":860,"menu_order":0,"comment_status":"open","ping_status":"open","template":"","meta":{"footnotes":""},"class_list":["post-958","page","type-page","status-publish","hentry"],"_links":{"self":[{"href":"https:\/\/donoso.es\/index.php?rest_route=\/wp\/v2\/pages\/958","targetHints":{"allow":["GET"]}}],"collection":[{"href":"https:\/\/donoso.es\/index.php?rest_route=\/wp\/v2\/pages"}],"about":[{"href":"https:\/\/donoso.es\/index.php?rest_route=\/wp\/v2\/types\/page"}],"author":[{"embeddable":true,"href":"https:\/\/donoso.es\/index.php?rest_route=\/wp\/v2\/users\/1"}],"replies":[{"embeddable":true,"href":"https:\/\/donoso.es\/index.php?rest_route=%2Fwp%2Fv2%2Fcomments&post=958"}],"version-history":[{"count":5,"href":"https:\/\/donoso.es\/index.php?rest_route=\/wp\/v2\/pages\/958\/revisions"}],"predecessor-version":[{"id":1092,"href":"https:\/\/donoso.es\/index.php?rest_route=\/wp\/v2\/pages\/958\/revisions\/1092"}],"up":[{"embeddable":true,"href":"https:\/\/donoso.es\/index.php?rest_route=\/wp\/v2\/pages\/860"}],"wp:attachment":[{"href":"https:\/\/donoso.es\/index.php?rest_route=%2Fwp%2Fv2%2Fmedia&parent=958"}],"curies":[{"name":"wp","href":"https:\/\/api.w.org\/{rel}","templated":true}]}}