{"id":975,"date":"2011-12-17T23:26:14","date_gmt":"2011-12-17T21:26:14","guid":{"rendered":"http:\/\/www.donoso.es\/?page_id=975"},"modified":"2011-12-17T23:26:46","modified_gmt":"2011-12-17T21:26:46","slug":"proyecto-europa-2030-2","status":"publish","type":"page","link":"https:\/\/donoso.es\/?page_id=975","title":{"rendered":"Proyecto Europa 2030"},"content":{"rendered":"<p>La Uni\u00f3n Europea encarg\u00f3 a un grupo de expertos, dirigidos por D. Felipe Gonz\u00e1lez, la realizaci\u00f3n del estudio que aqu\u00ed colgamos y que es una visi\u00f3n sobre la Europa a la que nos dirigimos con el horiz\u00f3nte del a\u00f1o 2030.<\/p>\n<p>Como en el caso anterior pulsa sobre la imagen para descargarlo.<\/p>\n<p style=\"text-align: center;\">\u00a0<\/p>\n<p style=\"text-align: center;\"><a href=\"http:\/\/donoso.es\/wp-content\/uploads\/2011\/12\/proyecto_europa_2030.pdf\" target=\"proyecto\"><img loading=\"lazy\" decoding=\"async\" class=\"aligncenter size-full wp-image-977\" title=\"proyectoeuropa\" src=\"http:\/\/donoso.es\/wp-content\/uploads\/2011\/12\/proyectoeuropa.jpg\" alt=\"\" width=\"429\" height=\"590\" srcset=\"https:\/\/donoso.es\/wp-content\/uploads\/2011\/12\/proyectoeuropa.jpg 429w, https:\/\/donoso.es\/wp-content\/uploads\/2011\/12\/proyectoeuropa-218x300.jpg 218w\" sizes=\"auto, (max-width: 429px) 100vw, 429px\" \/><\/a><\/p>\n","protected":false},"excerpt":{"rendered":"<p>La Uni\u00f3n Europea encarg\u00f3 a un grupo de expertos, dirigidos por D. Felipe Gonz\u00e1lez, la realizaci\u00f3n del estudio que aqu\u00ed colgamos y que es una visi\u00f3n sobre la Europa a la que nos dirigimos con el horiz\u00f3nte del a\u00f1o 2030. Como en el caso anterior pulsa sobre la imagen para descargarlo. \u00a0<\/p>\n","protected":false},"author":1,"featured_media":0,"parent":958,"menu_order":0,"comment_status":"open","ping_status":"open","template":"","meta":{"footnotes":""},"class_list":["post-975","page","type-page","status-publish","hentry"],"_links":{"self":[{"href":"https:\/\/donoso.es\/index.php?rest_route=\/wp\/v2\/pages\/975","targetHints":{"allow":["GET"]}}],"collection":[{"href":"https:\/\/donoso.es\/index.php?rest_route=\/wp\/v2\/pages"}],"about":[{"href":"https:\/\/donoso.es\/index.php?rest_route=\/wp\/v2\/types\/page"}],"author":[{"embeddable":true,"href":"https:\/\/donoso.es\/index.php?rest_route=\/wp\/v2\/users\/1"}],"replies":[{"embeddable":true,"href":"https:\/\/donoso.es\/index.php?rest_route=%2Fwp%2Fv2%2Fcomments&post=975"}],"version-history":[{"count":2,"href":"https:\/\/donoso.es\/index.php?rest_route=\/wp\/v2\/pages\/975\/revisions"}],"predecessor-version":[{"id":979,"href":"https:\/\/donoso.es\/index.php?rest_route=\/wp\/v2\/pages\/975\/revisions\/979"}],"up":[{"embeddable":true,"href":"https:\/\/donoso.es\/index.php?rest_route=\/wp\/v2\/pages\/958"}],"wp:attachment":[{"href":"https:\/\/donoso.es\/index.php?rest_route=%2Fwp%2Fv2%2Fmedia&parent=975"}],"curies":[{"name":"wp","href":"https:\/\/api.w.org\/{rel}","templated":true}]}}